{"id":122,"date":"2023-07-13T10:08:24","date_gmt":"2023-07-13T08:08:24","guid":{"rendered":"https:\/\/gambocco.com\/?page_id=122"},"modified":"2023-09-08T09:42:28","modified_gmt":"2023-09-08T07:42:28","slug":"my-story","status":"publish","type":"page","link":"https:\/\/gambocco.com\/cz\/my-story\/","title":{"rendered":"M\u016fj p\u0159\u00edb\u011bh"},"content":{"rendered":"<p>&nbsp;<\/p>\n<h2>P\u0159\u00edb\u011bh<\/h2>\n<p>Jsem v\u00e1\u0161niv\u00fd cestovatel, kter\u00fd r\u00e1d objevuje nov\u00e9 lidi, kultury a krajiny. Hnac\u00edm motorem je pro m\u011b vzru\u0161en\u00ed z objevov\u00e1n\u00ed a z\u00edsk\u00e1v\u00e1n\u00ed nov\u00fdch poznatk\u016f. Od roku 2007 jsem se vydal na \u0159adu cest a moje l\u00e1ska k cestov\u00e1n\u00ed jen zes\u00edlila, kdy\u017e jsem se vydal do Gambie a Maroka, odtud tak\u00e9 poch\u00e1z\u00ed m\u00e9 um\u011bleck\u00e9 jm\u00e9no @gambocco.<\/p>\n<p>Kdy\u017e ude\u0159ila celosv\u011btov\u00e1 pandemie, p\u0159em\u00fd\u0161lel jsem, jak zefektivnit a zefektivnit sv\u016fj \u017eivot. V hloubi du\u0161e jsem v\u011bd\u011bl, \u017ee chci sd\u00edlet dobro a pozitivitu se v\u0161emi ve v\u011bt\u0161\u00edm m\u011b\u0159\u00edtku. Navzdory omezen\u00edm, kter\u00e1 mi ukl\u00e1dal COVID-19, moje touha spojit se s ostatn\u00edmi a b\u00fdt v\u00edce spole\u010densk\u00fd p\u0159etrv\u00e1vala. V t\u00e9to dob\u011b jsem narazil na technologii blockchainu a jej\u00ed integraci s digit\u00e1ln\u00edm um\u011bn\u00edm prost\u0159ednictv\u00edm NFT (Non-Fungible Tokens).<\/p>\n<p>Okam\u017eit\u011b jsem si uv\u011bdomil, \u017ee tohle je moje p\u0159\u00edle\u017eitost b\u00fdt sou\u010d\u00e1st\u00ed n\u011b\u010deho v\u011bt\u0161\u00edho a p\u0159isp\u011bt k v\u00fdvoji sv\u011bta. Kr\u00e1sa t\u00e9to nov\u00e9 technologie spo\u010d\u00edv\u00e1 v tom, \u017ee umo\u017e\u0148uje digit\u00e1ln\u00edm um\u011blc\u016fm i jejich n\u00e1sledovn\u00edk\u016fm. Jde o to, abychom komunit\u011b skute\u010dn\u011b n\u011bco vraceli.<\/p>\n<p>Jsem opravdu nad\u0161en\u00fd z mo\u017enost\u00ed, kter\u00e9 blockchain a NFT p\u0159edstavuj\u00ed. Jako um\u011blec v tom vid\u00edm zp\u016fsob, jak nejen osobn\u011b r\u016fst, ale tak\u00e9 jak poskytnout jedine\u010dn\u00fd a smyslupln\u00fd z\u00e1\u017eitek sv\u00e9mu publiku. Prost\u0159ednictv\u00edm sv\u00fdch v\u00fdtvor\u016f se sna\u017e\u00edm inspirovat a povzn\u00e1\u0161et ostatn\u00ed, podporovat pocit soun\u00e1le\u017eitosti a pozitivity.<\/p>\n<p>Vydejte se se mnou na tuto neuv\u011b\u0159itelnou cestu, na kter\u00e9 budeme vyu\u017e\u00edvat s\u00edlu blockchainu, digit\u00e1ln\u00edho um\u011bn\u00ed a NFT. Poj\u010fme spole\u010dn\u011b p\u0159isp\u011bt k lep\u0161\u00edmu sv\u011btu, kter\u00fd bude pln\u00fd kreativity, komunity a skute\u010dn\u00fdch vztah\u016f. D\u011bkuji v\u00e1m, \u017ee jste sou\u010d\u00e1st\u00ed tohoto dobrodru\u017estv\u00ed!<\/p>\n<p>&nbsp;<\/p>\n<h2>L\u00edb\u00ed se v\u00e1m m\u016fj p\u0159\u00edb\u011bh?<\/h2>\n<div class='pixelovely_testimonial'><p>Gambocco byl jedn\u00edm z nejlep\u0161\u00edch lid\u00ed, kter\u00e9 jsem kdy potkal.<\/p><span class='pixelovely_testimonial_attribution'>- Kareem od Saudi Arabia<\/span><\/div><div class='pixelovely_testimonial'><p>Hostili jsme Gambocco na jednu noc a on byl prost\u011b perfektn\u00ed hostitel, kter\u00e9ho m\u016f\u017eete kdy potkat.<br \/>\r\nJe velmi zdvo\u0159il\u00fd, hovorn\u00fd a v\u0159el\u00fd \u010dlov\u011bk s velk\u00fdm srdcem. Pro\u017eili jsme spolu hezk\u00e9 chv\u00edle a sd\u00edleli jsme spoustu p\u0159\u00edb\u011bh\u016f a n\u00e1pad\u016f.<br \/>\r\nNev\u00e1hejte hostit Gambocco, je opravdu dokonal\u00fd!<\/p><span class='pixelovely_testimonial_attribution'>- Nefaa &amp; Abir od Tunisia<\/span><\/div><div class='pixelovely_testimonial'><p>M\u00e1m takov\u00e9 \u0161t\u011bst\u00ed, \u017ee jsem potkal n\u011bkoho, jako je Gambocco, je to mil\u00fd \u010dlov\u011bk, tak uctiv\u00fd a cel\u00e1 moje rodina ho m\u00e1 moc r\u00e1da, douf\u00e1m, \u017ee str\u00e1vil skv\u011bl\u00fd \u010das tady v Tozeuru a vid\u011bl kr\u00e1sy m\u00e9 zem\u011b. pokud mohu \u0159\u00edci, \u017ee je nyn\u00ed jedn\u00edm z m\u00fdch nejlep\u0161\u00edch p\u0159\u00e1tel, tak\u00e9 jeden z m\u00e9 rodiny.<\/p><span class='pixelovely_testimonial_attribution'>- Khaled Hammadi od Tunisia<\/span><\/div><div class='pixelovely_testimonial'><p>S Gamboccem jsem se setkal v Dubaji, kde n\u00e1s hostil Harry. I kdy\u017e to bylo velmi kr\u00e1tk\u00e9 setk\u00e1n\u00ed, vypadal velmi mile, p\u0159\u00e1telsky a vzd\u011blan\u011b. P\u0159eji mu hodn\u011b \u0161t\u011bst\u00ed p\u0159i dal\u0161\u00edch cest\u00e1ch. <br \/>\r\nDouf\u00e1m, \u017ee se n\u011bkde setk\u00e1me a budeme m\u00edt v\u00edce \u010dasu.<\/p><span class='pixelovely_testimonial_attribution'>- Farrukh od Tajikistan<\/span><\/div><div class='pixelovely_testimonial'><p>Opravdu co bych o n\u011bm mohl \u0159\u00edct , ani dobr\u00e1 slova ho nemohou popsat , je opravdu dobr\u00fd , p\u0159\u00e1telsk\u00fd , velmi jednoduch\u00fd , hled\u00e1 dobr\u00e9 p\u0159\u00e1tele , i v\u00e1\u0161 domov pokud nen\u00ed dobr\u00fd pro n\u011bj on v\u00e1s pozn\u00e1 jako bratra , nejlep\u0161\u00ed v\u011bc \u017ee je spokojen\u00fd tvo\u0159\u00ed v\u0161e . douf\u00e1m \u017ee nav\u0161t\u00edv\u00edte Asu\u00e1n Jindy Gambocco Jste v\u00edt\u00e1ni kdykoliv je to jen v\u00e1\u0161 domov Bratr .<\/p><span class='pixelovely_testimonial_attribution'>- (brzy Dr.) Ahmed Amgad z Egypta<\/span><\/div><div class='pixelovely_testimonial'><p>Gambocco byl opravdu p\u0159\u00e1telsk\u00fd mil\u00fd \u010dlov\u011bk, opravdu jsem si u\u017eil rozhovor s n\u00edm o v\u0161ech v\u011bcech, kter\u00e9 d\u011blal. M\u00e1 o v\u0161em velk\u00e9 znalosti.<\/p><span class='pixelovely_testimonial_attribution'>- Mohammed od Saudi Arabia<\/span><\/div><div class='pixelovely_testimonial'><p>S Gamboccem jsem se setkal b\u011bhem jeho kr\u00e1tk\u00e9 cesty do Dubaje. Nikdy jsem nem\u011bl p\u0159\u00edle\u017eitost ho hostit, ale nikdy jsem nelitoval, \u017ee jsem se st\u00fdkal s tak \u00fa\u017easn\u00fdm \u010dlov\u011bkem. Str\u00e1vili jsme spolu n\u011bjak\u00fd \u010das a vyrazili do Global Village. Pov\u00eddali jsme si o jeho p\u0159edchoz\u00edch dobrodru\u017estv\u00edch v r\u016fzn\u00fdch zem\u00edch a spoust\u011b dal\u0161\u00edch pou\u010dn\u00fdch rozhovor\u016f. Gambocco je skv\u011bl\u00fd \u010dlov\u011bk, pln\u00fd pozitivn\u00edch vibrac\u00ed, otev\u0159en\u00fd a z\u00e1bavn\u00fd. Bylo n\u00e1m spolu dob\u0159e a jsem r\u00e1d, \u017ee jsem v n\u011bm na\u0161el p\u0159\u00edtele. P\u0159eji ti v \u017eivot\u011b v\u0161echno nejlep\u0161\u00ed a a\u0165 dos\u00e1hne\u0161 toho, po \u010dem v \u017eivot\u011b tou\u017e\u00ed\u0161.<br \/>\r\nDouf\u00e1m, \u017ee se brzy op\u011bt setk\u00e1me v kter\u00e9koli \u010d\u00e1sti sv\u011bta!<\/p><span class='pixelovely_testimonial_attribution'>- Reeno od Philippines<\/span><\/div><div class='pixelovely_testimonial'><p>Gambocco je mil\u00fd, rozumn\u00fd a p\u0159\u00e1telsk\u00fd \u010dlov\u011bk s mnoha zku\u0161enostmi z cestov\u00e1n\u00ed a s historick\u00fdmi informacemi. Bylo skv\u011bl\u00e9 se s n\u00edm setkat a pob\u00fdt s n\u00edm b\u011bhem jeho pobytu. V\u0159ele doporu\u010duji jeho hostov\u00e1n\u00ed.<\/p><span class='pixelovely_testimonial_attribution'>- Nitin od India<\/span><\/div><div class='pixelovely_testimonial'><p>Nice Parsons<\/p><span class='pixelovely_testimonial_attribution'>- Assim od Jordan<\/span><\/div><div class='pixelovely_testimonial'><p>Gambocco byl b\u011bhem v\u00edkendu v\u00fdborn\u00fdm partnerem v diskusi a bylo z\u00e1bavn\u00e9 uk\u00e1zat mu sv\u00e1 obl\u00edben\u00e1 m\u00edsta v Oslu a sledovat jeho reakce na n\u011b. Jeho n\u00e1pad p\u0159iv\u00e9zt n\u00e1m ze sv\u00fdch dal\u0161\u00edch cest po sv\u011bt\u011b \u010daj a med, abychom se o n\u011b pod\u011blili, je koncept, kter\u00fd si osvoj\u00edm pro sv\u00e9 vlastn\u00ed cesty. D\u011bkuji Gamboccovi za spole\u010dn\u011b str\u00e1ven\u00fd \u010das a p\u0159eji mu hodn\u011b \u0161t\u011bst\u00ed na jeho dal\u0161\u00edch cest\u00e1ch a projektech.<\/p><span class='pixelovely_testimonial_attribution'>- Raymond M. Kristansen od Norway<\/span><\/div><div class='pixelovely_testimonial'><p>S Gamboccem jsem se je\u0161t\u011b nesetkal, ale kdy\u017e jsem ho potkal, m\u011bl jsem pocit, \u017ee ho zn\u00e1m u\u017e mnoho let.<br \/>\r\nGambocco m\u00e1 zvl\u00e1\u0161tn\u00ed duchovn\u00ed zku\u0161enost a mysl\u00edm, \u017ee m\u00e1me bl\u00edzk\u00e9 n\u00e1zory na mnoho ot\u00e1zek<br \/>\r\nJe p\u0159\u00e1telsk\u00fd , laskav\u00fd a zdvo\u0159il\u00fd, p\u0159eji si ho znovu potkat.<\/p><span class='pixelovely_testimonial_attribution'>- Almeqdad od Jordan<\/span><\/div><div class='pixelovely_testimonial'><p>S Gamboccem se mi dob\u0159e pov\u00eddalo a vedli jsme fascinuj\u00edc\u00ed rozhovor o jeho cestovatelsk\u00fdch z\u00e1\u017eitc\u00edch. Je to p\u0159\u00e1telsk\u00fd, mil\u00fd a chytr\u00fd \u010dlov\u011bk a jeho spole\u010dnost je v\u017edy cenn\u00e1.<\/p><span class='pixelovely_testimonial_attribution'>- Ahmed z Islandu, p\u016fvodn\u011b Egypt<\/span><\/div><div class='pixelovely_testimonial'><p>Gambocco m\u00e1 \u00fa\u017easnou osobnost, je velmi zdvo\u0159il\u00fd, skromn\u00fd a v\u017edy usm\u011bvav\u00fd. Opravdu jsem si s n\u00edm u\u017eil spoustu \u010dasu a vzal jsem ho do me\u0161ity Badshahi, do v\u011bt\u0161\u00edho Iqbalova parku , k hrobce All\u00e1my Iqbala a na slavnou ulici s j\u00eddlem. Byli jsme tak\u00e9 ve velk\u00e9 me\u0161it\u011b Bahria town a na Eiffelov\u011b v\u011b\u017ei, co\u017e se mu opravdu l\u00edbilo. P\u0159eji mu, aby se mu v jeho budouc\u00edch pl\u00e1nech da\u0159ilo co nejl\u00e9pe a aby byl v\u017edy v bezpe\u010d\u00ed a zdrav\u00fd. Uvid\u00edme se zase n\u011bkde ve sv\u011bt\u011b. B\u016fh ti \u017eehnej, p\u0159\u00edteli, na zdrav\u00ed \ud83d\ude42<\/p><span class='pixelovely_testimonial_attribution'>- Nawiz od Pakistan<\/span><\/div><div class='pixelovely_testimonial'><p>Kdy pl\u00e1nujete n\u00e1vrat do Maroka? V\u00edm, \u017ee s tebou chci jet do Maroka, a v\u00edm, \u017ee s tebou chci jet do T\u00fcrkiye, ale pokud se chyst\u00e1\u0161 do Maroka d\u0159\u00edv, dej mi v\u011bd\u011bt a j\u00e1 se pod\u00edv\u00e1m, jestli tu cestu m\u016f\u017eu uskute\u010dnit. T\u011b\u0161\u00edm se, \u017ee si s tebou brzy popov\u00edd\u00e1me a \u017ee s tebou zase budeme cestovat. Jsi ten nejlep\u0161\u00ed partner na cestov\u00e1n\u00ed, jak\u00e9ho jsem kdy m\u011bl.<\/p><span class='pixelovely_testimonial_attribution'>- Sir John (80yrs), United States of America<\/span><\/div><div class='pixelovely_testimonial'><p>mil\u00fd p\u0159\u00edtel<\/p><span class='pixelovely_testimonial_attribution'>- Ahmed od Morocco<\/span><\/div><div class='pixelovely_testimonial'><p>Potkal jsem gambocco v Asu\u00e1nu a u\u017eili jsme si n\u00e1\u0161 \u010das spole\u010dn\u011b, je to chytr\u00fd a mil\u00fd \u010dlov\u011bk s bohat\u00fdmi \u017eivotn\u00edmi zku\u0161enostmi a r\u00e1d se u\u010d\u00ed o jin\u00fdch kultur\u00e1ch, \u0161li jsme hr\u00e1t fotbal spole\u010dn\u011b, nav\u0161t\u00edvili jsme ostrov Elephantine a ostrov rostlin a vylezli jsme na horu Abu El Hawa a sledovali z\u00e1pad slunce, doporu\u010duji v\u0161em, aby ho hostili nebo se s n\u00edm setkali.<\/p><span class='pixelovely_testimonial_attribution'>- Hussien Dahab od Egypt<\/span><\/div><div class='pixelovely_testimonial'><p>Bylo mi pot\u011b\u0161en\u00edm setkat se se spole\u010dnost\u00ed Gambocco v Sa\u00fadsk\u00e9 Ar\u00e1bii. Je to zaj\u00edmav\u00fd a laskav\u00fd \u010dlov\u011bk, kter\u00fd m\u00e1 co vypr\u00e1v\u011bt. Byli jsme spolu na p\u011b\u0161\u00ed t\u00fa\u0159e a m\u011bli jsme mo\u017enost diskutovat o velmi odli\u0161n\u00fdch t\u00e9matech. Douf\u00e1m, \u017ee se brzy uvid\u00edme tady v Sa\u00fadsk\u00e9 Ar\u00e1bii, v D\u00e1nsku nebo jinde\ud83d\udc4d.<\/p><span class='pixelovely_testimonial_attribution'>- Daniel od Spain<\/span><\/div><div class='pixelovely_testimonial'><p>Gambocco je velmi dobr\u00fd mu\u017ei, m\u00e1m pocit, \u017ee jsem se s n\u00edm setkat od dlouh\u00e9ho obdob\u00ed, jsem ho po\u017e\u00e1dat, aby j\u00edt toghether na festival Douz , on souhlas\u00ed, a dostaneme skv\u011bl\u00fd \u010das pln\u00fd l\u00e1sky a u\u017e\u00edt si s m\u00fdmi p\u0159\u00e1teli na Saha\u0159e<br \/>\r\nD\u011bkuji v\u00e1m je\u0161t\u011b jednou, a douf\u00e1m, \u017ee v\u00e1s uvid\u00edm, m\u016fj d\u016fm je otev\u0159en pro v\u00e1s v ka\u017ed\u00e9m \u010dase m\u016fj bratr<\/p><span class='pixelovely_testimonial_attribution'>- Bilel Turki od Tunisu<\/span><\/div><div class='pixelovely_testimonial'><p>Hostil jsem gambocco na jeden den, je to velmi \u00fa\u017easn\u00fd \u010dlov\u011bk, mil\u00fd a u\u017eite\u010dn\u00fd, dal mi spoustu tip\u016f a informac\u00ed a \u0161li jsme objevit m\u011bsto a j\u00edst m\u00edstn\u00ed j\u00eddlo spole\u010dn\u011b a poznat nov\u00e9 lidi, bylo to, jako bychom m\u011bli dva n\u00e1dhern\u00e9 dny, je to m\u016fj p\u0159\u00edtel Stejn\u011b jako m\u016fj bratr, miloval ho a miloval s n\u00edm tr\u00e1vit \u010das. \u010cek\u00e1m na tebe op\u011bt u tebe doma, brat\u0159e. Douf\u00e1m, \u017ee jsi v po\u0159\u00e1dku. V\u017edycky se dob\u0159e bav. \ud83d\ude0d\ud83d\ude0dDoporu\u010duji ho v\u0161em<\/p><span class='pixelovely_testimonial_attribution'>- Abdul Rahman Saeed od Egypt<\/span><\/div><div class='pixelovely_testimonial'><p>Ahoj<br \/>\r\nOpravdu zaj\u00edmav\u00e1 osoba thanx bro u r \u00fa\u017easn\u00e9<br \/>\r\nKter\u00e9 u v\u0161echno nejlep\u0161\u00ed<\/p><span class='pixelovely_testimonial_attribution'>- Skander Chebbi z Tuniska<\/span><\/div><div class='pixelovely_testimonial'><p>V\u00edtejte Everytime Bro <br \/>\r\nPan Gambocco je velmi zku\u0161en\u00fd v cestov\u00e1n\u00ed a dob\u0159e mysl\u00edc\u00ed \u010dlov\u011bk.<br \/>\r\nDouf\u00e1m, \u017ee s n\u00edm str\u00e1v\u00edm n\u011bjak\u00fd \u010das v jeho rodn\u00e9m m\u011bst\u011b.<\/p><span class='pixelovely_testimonial_attribution'>- Pan Ustaz Niaz z P\u00e1kist\u00e1nu<\/span><\/div><div class='pixelovely_testimonial'><p>Bylo n\u00e1m pot\u011b\u0161en\u00edm hostit Gambocco<br \/>\r\nP\u0159\u00edjemn\u011b si pov\u00edd\u00e1me o v\u0161ech probl\u00e9mech sv\u011bta a doch\u00e1z\u00edme k z\u00e1v\u011bru, \u017ee cestov\u00e1n\u00ed je nejlep\u0161\u00edm \u0159e\u0161en\u00edm v\u0161ech va\u0161ich probl\u00e9m\u016f.<br \/>\r\nVelmi r\u00e1d jsem se s n\u00edm setkal<\/p><span class='pixelovely_testimonial_attribution'>- Bilel Chabchoub z Tuniska<\/span><\/div><div class='pixelovely_testimonial'><p>Gambocco je tak laskav\u00fd a uctiv\u00fd \u010dlov\u011bk, tak\u017ee mu chyb\u00ed<\/p><span class='pixelovely_testimonial_attribution'>- Pan Ustaz Niaz z P\u00e1kist\u00e1nu<\/span><\/div><div class='pixelovely_testimonial'><p>Gambocco je jedn\u00edm z d\u016fvod\u016f pro m\u011b pou\u017e\u00edvat tuto aplikaci , opravdu dobr\u00fd z\u00e1\u017eitek ho hostit . <br \/>\r\n<br \/>\r\nTento chlap\u00edk je pln\u00fd kultury , znalost\u00ed , n\u00e1pad\u016f ..\u017eije v mnoha zem\u00edch , tak\u017ee m\u016f\u017ee vypr\u00e1v\u011bt spoustu m\u00edstn\u00edch p\u0159\u00edb\u011bh\u016f cestovn\u00ed hacky a triky o vesnic\u00edch a citys .. jsem ud\u011blal dlouh\u00fd seznam ud\u011blat na z\u00e1klad\u011b jeho p\u0159\u00edb\u011bh\u016f .<br \/>\r\n<br \/>\r\nKrom\u011b toho, \u017ee je opravdu p\u0159\u00e1telsk\u00fd snadno j\u00edt , jsme m\u011bli iftar spole\u010dn\u011b v Abu Dhabi &amp; jsme m\u011bli mnoho hangouts kolem reem ostrov\u011b. <br \/>\r\n<br \/>\r\nUr\u010dit\u011b bych ho hostit znovu a pros\u00edm, pokud jste m\u011bli mo\u017enost setkat se - hostit hangout s t\u011bmito lidmi, pros\u00edm, nenechte si uj\u00edt p\u0159\u00edle\u017eitost a budete mi pod\u011bkovat pozd\u011bji.<br \/>\r\n<br \/>\r\nV\u00edtejte kdykoli bratr \ud83d\ude4f\ud83c\udffb<\/p><span class='pixelovely_testimonial_attribution'>- Salam z UAE, p\u016fvodn\u011b Al\u017e\u00edrsko<\/span><\/div>","protected":false},"excerpt":{"rendered":"<p>&nbsp; The story I am a passionate backpacker who thrives on discovering new people, cultures, and landscapes. The thrill of exploring and gaining new knowledge is what drives me. Since 2007, I have embarked on numerous trips, and my love for travel only intensified when I ventured to Gambia and Morocco, hence my artist name, [&hellip;]<\/p>","protected":false},"author":1,"featured_media":0,"parent":0,"menu_order":0,"comment_status":"closed","ping_status":"closed","template":"","meta":{"footnotes":""},"class_list":["post-122","page","type-page","status-publish","hentry"],"_links":{"self":[{"href":"https:\/\/gambocco.com\/cz\/wp-json\/wp\/v2\/pages\/122","targetHints":{"allow":["GET"]}}],"collection":[{"href":"https:\/\/gambocco.com\/cz\/wp-json\/wp\/v2\/pages"}],"about":[{"href":"https:\/\/gambocco.com\/cz\/wp-json\/wp\/v2\/types\/page"}],"author":[{"embeddable":true,"href":"https:\/\/gambocco.com\/cz\/wp-json\/wp\/v2\/users\/1"}],"replies":[{"embeddable":true,"href":"https:\/\/gambocco.com\/cz\/wp-json\/wp\/v2\/comments?post=122"}],"version-history":[{"count":0,"href":"https:\/\/gambocco.com\/cz\/wp-json\/wp\/v2\/pages\/122\/revisions"}],"wp:attachment":[{"href":"https:\/\/gambocco.com\/cz\/wp-json\/wp\/v2\/media?parent=122"}],"curies":[{"name":"wp","href":"https:\/\/api.w.org\/{rel}","templated":true}]}}