{"id":384,"date":"2023-07-29T12:55:58","date_gmt":"2023-07-29T10:55:58","guid":{"rendered":"https:\/\/gambocco.com\/?page_id=384"},"modified":"2023-09-13T08:41:54","modified_gmt":"2023-09-13T06:41:54","slug":"roadmap","status":"publish","type":"page","link":"https:\/\/gambocco.com\/cz\/cestovni-mapa\/","title":{"rendered":"Silni\u010dn\u00ed mapa"},"content":{"rendered":"<p>&nbsp;<\/p>\n<h2 style=\"text-align: center;\">P\u0159edstavujeme ROADMAP 1.0 NFT &amp; Ordinals: Va\u0161e cesta k udr\u017eiteln\u00e9mu bohatstv\u00ed a nez\u00e1vislosti. P\u0159ipojte se k na\u0161\u00ed komunit\u011b \u0159\u00edzen\u00e9 iniciativ\u011b a odemkn\u011bte s\u00edlu finan\u010dn\u00ed svobody.<\/h2>\n<p>&nbsp;<\/p>\n<p>Sta\u0148te se sou\u010d\u00e1st\u00ed na\u0161eho posl\u00e1n\u00ed odm\u011b\u0148ovat dr\u017eitele NFT a umo\u017enit v\u00e1m dos\u00e1hnout sob\u011bsta\u010dnosti.<\/p>\n<p>Objevte dokonal\u00fd pl\u00e1n, kter\u00fd nejen vytv\u00e1\u0159\u00ed bohatstv\u00ed, ale tak\u00e9 v\u00e1m poskytuje vz\u00e1cn\u00fd dar \u010dasu a svobody.<\/p>\n<p>Investujte do na\u0161\u00ed komunitn\u00ed platformy a sta\u0148te se sv\u011bdky transforma\u010dn\u00ed s\u00edly kolektivn\u00ed prosperity.<\/p>\n<p><em>*Upozor\u0148ujeme, \u017ee na\u0161e cestovn\u00ed mapy jsou navr\u017eeny tak, aby se p\u0159izp\u016fsobovaly a vyv\u00edjely a zajistily tak maxim\u00e1ln\u00ed hodnotu pro na\u0161i oddanou komunitu.<\/em><\/p>","protected":false},"excerpt":{"rendered":"<p>&nbsp; Introducing ROADMAP 1.0 NFTs &amp; Ordinals: Your Pathway to Sustainable Wealth and Independence. Join our community-driven initiative and unlock the power of financial freedom. &nbsp; Become a part of our mission to reward NFT holders and empower you to achieve self-sufficiency. Discover the ultimate roadmap that not only generates wealth but also grants you [&hellip;]<\/p>","protected":false},"author":1,"featured_media":0,"parent":0,"menu_order":0,"comment_status":"closed","ping_status":"closed","template":"","meta":{"footnotes":""},"class_list":["post-384","page","type-page","status-publish","hentry"],"_links":{"self":[{"href":"https:\/\/gambocco.com\/cz\/wp-json\/wp\/v2\/pages\/384","targetHints":{"allow":["GET"]}}],"collection":[{"href":"https:\/\/gambocco.com\/cz\/wp-json\/wp\/v2\/pages"}],"about":[{"href":"https:\/\/gambocco.com\/cz\/wp-json\/wp\/v2\/types\/page"}],"author":[{"embeddable":true,"href":"https:\/\/gambocco.com\/cz\/wp-json\/wp\/v2\/users\/1"}],"replies":[{"embeddable":true,"href":"https:\/\/gambocco.com\/cz\/wp-json\/wp\/v2\/comments?post=384"}],"version-history":[{"count":0,"href":"https:\/\/gambocco.com\/cz\/wp-json\/wp\/v2\/pages\/384\/revisions"}],"wp:attachment":[{"href":"https:\/\/gambocco.com\/cz\/wp-json\/wp\/v2\/media?parent=384"}],"curies":[{"name":"wp","href":"https:\/\/api.w.org\/{rel}","templated":true}]}}