{"id":122,"date":"2023-07-13T10:08:24","date_gmt":"2023-07-13T08:08:24","guid":{"rendered":"https:\/\/gambocco.com\/?page_id=122"},"modified":"2023-09-08T09:42:28","modified_gmt":"2023-09-08T07:42:28","slug":"my-story","status":"publish","type":"page","link":"https:\/\/gambocco.com\/de\/meine-geschichte\/","title":{"rendered":"Meine Geschichte"},"content":{"rendered":"<p>&nbsp;<\/p>\n<h2>Die Geschichte<\/h2>\n<p>Ich bin ein leidenschaftlicher Rucksacktourist, der gerne neue Menschen, Kulturen und Landschaften kennenlernt. Der Nervenkitzel des Entdeckens und der Gewinn von neuem Wissen ist das, was mich antreibt. Seit 2007 habe ich zahlreiche Reisen unternommen, und meine Liebe zum Reisen wurde noch intensiver, als ich mich nach Gambia und Marokko wagte, daher mein K\u00fcnstlername @gambocco.<\/p>\n<p>Als die weltweite Pandemie ausbrach, habe ich dar\u00fcber nachgedacht, wie ich mein Leben effizienter und wirkungsvoller gestalten kann. Ich wusste tief in mir, dass ich Gutes und Positives in gr\u00f6\u00dferem Umfang mit allen teilen wollte. Trotz der Einschr\u00e4nkungen, die mir COVID-19 auferlegte, blieb mein Wunsch, mit anderen in Kontakt zu treten und sozialer zu werden, bestehen. In dieser Zeit stie\u00df ich auf die Blockchain-Technologie und ihre Integration in die digitale Kunst durch NFTs (Non-Fungible Tokens).<\/p>\n<p>Mir war sofort klar, dass dies meine Chance war, Teil von etwas Gr\u00f6\u00dferem zu sein und zur Entwicklung der Welt beizutragen. Das Sch\u00f6ne an dieser neuen Technologie ist, dass sie sowohl den digitalen K\u00fcnstlern als auch ihren Anh\u00e4ngern helfen kann. Es geht darum, der Gemeinschaft wirklich etwas zur\u00fcckzugeben.<\/p>\n<p>Ich bin wirklich begeistert von den M\u00f6glichkeiten, die Blockchain und NFTs bieten. Als K\u00fcnstlerin sehe ich darin nicht nur eine M\u00f6glichkeit, mich pers\u00f6nlich weiterzuentwickeln, sondern auch meinem Publikum eine einzigartige und sinnvolle Erfahrung zu bieten. Mit meinen Kreationen m\u00f6chte ich andere inspirieren und aufmuntern, um ein Gef\u00fchl der Zusammengeh\u00f6rigkeit und Positivit\u00e4t zu f\u00f6rdern.<\/p>\n<p>Begleiten Sie mich auf dieser unglaublichen Reise, auf der wir uns die Macht der Blockchain, der digitalen Kunst und der NFTs zunutze machen. Lassen Sie uns gemeinsam einen Beitrag zu einer besseren Welt leisten, einer Welt voller Kreativit\u00e4t, Gemeinschaft und echter Verbindungen. Danke, dass Sie ein Teil dieses Abenteuers sind!<\/p>\n<p>&nbsp;<\/p>\n<h2>Gef\u00e4llt Ihnen meine Geschichte?<\/h2>\n<div class='pixelovely_testimonial'><p>Gambocco ist einer der Gr\u00fcnde f\u00fcr mich, diese App zu verwenden, wirklich gute Erfahrung, ihn zu hosten. <br \/>\r\n<br \/>\r\nDieser Kerl ist voll von Kultur, Wissen, Ideen ... er lebt in vielen L\u00e4ndern, so dass er eine Menge lokaler Geschichten Reise-Hacks und Tricks \u00fcber die D\u00f6rfer und die St\u00e4dte erz\u00e4hlen kann ... ich habe eine lange To-Do-Liste auf der Grundlage seiner Geschichten gemacht.<br \/>\r\n<br \/>\r\nAbgesehen davon ist er wirklich freundlich und locker, wir hatten iftar zusammen in Abu Dhabi und wir hatten viele Treffpunkte rund um Reem Island. <br \/>\r\n<br \/>\r\nIch w\u00fcrde ihn auf jeden Fall wieder beherbergen und bitte, wenn ihr die Chance habt, diese Jungs zu treffen, verpasst die Chance nicht und ihr werdet mir sp\u00e4ter danken.<br \/>\r\n<br \/>\r\nJederzeit willkommen, Bruder \ud83d\ude4f\ud83c\udffb<\/p><span class='pixelovely_testimonial_attribution'>- Salam aus UAE, urspr\u00fcnglich Algerien<\/span><\/div><div class='pixelovely_testimonial'><p>Gambocco war im Laufe des Wochenendes ein hervorragender Gespr\u00e4chspartner, und es hat Spa\u00df gemacht, ihm meine Lieblingsorte in Oslo zu zeigen und seine Reaktion darauf zu beobachten. Seine Idee, Tee und Honig von seinen anderen Reisen um die Welt mitzubringen, um sie mit uns zu teilen, ist ein Konzept, das ich f\u00fcr meine eigenen Reisen \u00fcbernehmen werde. Ich danke Gambocco f\u00fcr die gemeinsam verbrachte Zeit und w\u00fcnsche ihm alles Gute f\u00fcr seine zuk\u00fcnftigen Reisen und Projekte.<\/p><span class='pixelovely_testimonial_attribution'>- Raymond M. Kristansen aus Norwegen<\/span><\/div><div class='pixelovely_testimonial'><p>Willkommen Everytime Bro <br \/>\r\nHerr Gambocco ist sehr erfahren im Reisen und ein gut denkender Mensch.<br \/>\r\nIch hoffe, dass ich Zeit mit ihm in seiner Heimatstadt verbringen kann.<\/p><span class='pixelovely_testimonial_attribution'>- Herr Ustaz Niaz aus Pakistan<\/span><\/div><div class='pixelovely_testimonial'><p>Ich habe gambocco f\u00fcr einen Tag beherbergt, er ist eine wunderbare Person, nett und hilfsbereit, er hat mir viele Tipps und Informationen gegeben und wir haben die Stadt erkundet und zusammen gegessen und neue Leute kennengelernt, es war, als h\u00e4tten wir zwei wunderbare Tage gehabt, er ist mein Freund, wie mein Bruder, er hat ihn geliebt und gerne Zeit mit ihm verbracht. Ich erwarte dich wieder bei dir zu Hause, Bruder. Ich hoffe, es geht dir gut. Habt immer viel Spa\u00df. \ud83d\ude0d\ud83d\ude0dIch empfehle es jedem<\/p><span class='pixelovely_testimonial_attribution'>- Abdul Rahman Saeed aus \u00c4gypten<\/span><\/div><div class='pixelovely_testimonial'><p>Gambocco ist ein netter, vern\u00fcnftiger und freundlicher Mensch mit viel Reiseerfahrung und historischen Informationen. Es war toll, ihn w\u00e4hrend seines Aufenthalts kennenzulernen und mit ihm abzuh\u00e4ngen. Ich w\u00fcrde sehr empfehlen, ihn zu beherbergen.<\/p><span class='pixelovely_testimonial_attribution'>- Nitin aus Indien<\/span><\/div><div class='pixelovely_testimonial'><p>Hallo<br \/>\r\nWirklich interessante Person thanx bro u r erstaunlich<br \/>\r\nAlles Gute f\u00fcr Sie<\/p><span class='pixelovely_testimonial_attribution'>- Skander Chebbi aus Tunesien<\/span><\/div><div class='pixelovely_testimonial'><p>Gambocco war ein wirklich freundlicher, netter Mann, ich habe das Gespr\u00e4ch mit ihm \u00fcber alles, was er tat, sehr genossen. Er ist sehr sachkundig \u00fcber alles.<\/p><span class='pixelovely_testimonial_attribution'>- Mohammed aus Saudi-Arabien<\/span><\/div><div class='pixelovely_testimonial'><p>Gambocco hat eine wunderbare Pers\u00f6nlichkeit, sehr h\u00f6flich, bescheiden und immer l\u00e4chelnd. Ich hatte wirklich eine tolle Zeit mit ihm und nahm ihn mit zur Badshahi-Moschee, zum Great Iqbal Park, zum Grab von Allama Iqbal und zur ber\u00fchmten Food Street. Wir besuchten auch die gro\u00dfe Moschee von Bahria Town und den Eiffelturm, was ihm sehr gefiel. Ich w\u00fcnsche ihm alles Gute f\u00fcr seine Zukunftspl\u00e4ne und dass er immer sicher und gesund bleibt. Wir werden uns irgendwo auf der Welt wiedersehen. Gott segne dich mein Freund Prost \ud83d\ude42<\/p><span class='pixelovely_testimonial_attribution'>- Nawiz aus Pakistan<\/span><\/div><div class='pixelovely_testimonial'><p>Wirklich, was ich \u00fcber ihn sagen k\u00f6nnte, auch die guten Worte k\u00f6nnen ihn nicht beschreiben, er ist ein wirklich guter, freundlicher, sehr einfach, auf der Suche nach guten Freunden, auch Ihr Haus, wenn es nicht gut f\u00fcr ihn ist, wird er kommen, um Sie als ein Bruder kennen, das Beste, was er zufrieden von allem.<\/p><span class='pixelovely_testimonial_attribution'>- (Bald Dr.) Ahmed Amgad aus \u00c4gypten<\/span><\/div><div class='pixelovely_testimonial'><p>Gambocco ist ein so freundlicher und respektvoller Mensch, ich vermisse ihn<\/p><span class='pixelovely_testimonial_attribution'>- Herr Ustaz Niaz aus Pakistan<\/span><\/div><div class='pixelovely_testimonial'><p>Es war mir ein Vergn\u00fcgen, Gastgeber f\u00fcr Gambocco zu sein<br \/>\r\nWir f\u00fchren ein nettes Gespr\u00e4ch \u00fcber alle Probleme der Welt und kommen zu dem Schluss, dass Reisen die beste L\u00f6sung f\u00fcr all Ihre Probleme ist.<br \/>\r\nSehr gl\u00fccklich, ihn zu treffen<\/p><span class='pixelovely_testimonial_attribution'>- Bilel Chabchoub aus Tunesien<\/span><\/div><div class='pixelovely_testimonial'><p>Gambocco ist ein sehr guter Mann, ich f\u00fchle, dass ich ihn seit langem kenne, ich frage ihn, ob wir zusammen zum Festival von Douz gehen, er stimmt zu, und wir haben eine tolle Zeit voller Liebe und genie\u00dfen mit meinen Freunden in der Sahara<br \/>\r\nNochmals vielen Dank, und ich hoffe, wir sehen uns, mein Haus steht dir jederzeit offen, mein Bruder.<\/p><span class='pixelovely_testimonial_attribution'>- Bilel Turki aus Tunesien<\/span><\/div><div class='pixelovely_testimonial'><p>Ich habe gambocco w\u00e4hrend seines kurzen Aufenthalts in Dubai kennengelernt. Ich hatte nie die Gelegenheit, ihn zu empfangen, aber ich habe es nie bereut, mit einem so wunderbaren Menschen zusammen zu sein. Wir verbrachten einige Zeit zusammen und besuchten Global Village. Wir sprachen \u00fcber seine fr\u00fcheren Abenteuer in verschiedenen L\u00e4ndern und viele weitere informative Gespr\u00e4che. Gambocco ist ein toller Mensch, voller positiver Ausstrahlung, aufgeschlossen und lustig im Umgang. Wir hatten eine tolle Zeit zusammen und ich bin froh, in ihm einen Freund gefunden zu haben. Ich w\u00fcnsche dir alles Gute im Leben und m\u00f6gest du erreichen, was du dir w\u00fcnschst.<br \/>\r\nIch hoffe, wir sehen uns bald in irgendeinem Teil der Welt wieder!<\/p><span class='pixelovely_testimonial_attribution'>- Reeno aus Philippinen<\/span><\/div><div class='pixelovely_testimonial'><p>ich bin so gl\u00fccklich, jemanden wie Gambocco zu treffen, er ist ein netter Kerl, so respektvoll und meine ganze Familie mag ihn so sehr, ich hoffe, er hat eine tolle Zeit hier in Tozeur verbracht und die Sch\u00f6nheit meines Landes gesehen. wenn ich sagen kann, dass er jetzt einer meiner besten Freunde und auch einer meiner Familie ist<\/p><span class='pixelovely_testimonial_attribution'>- Khaled Hammadi aus Tunesien<\/span><\/div><div class='pixelovely_testimonial'><p>Das Gespr\u00e4ch mit Gambocco hat mir viel Spa\u00df gemacht, und wir hatten eine spannende Unterhaltung \u00fcber seine Reiseerfahrungen. Er ist ein freundlicher, netter und kluger Mensch, und seine Gesellschaft ist immer wertvoll<\/p><span class='pixelovely_testimonial_attribution'>- Ahmed aus Island, urspr\u00fcnglich \u00c4gypten<\/span><\/div><div class='pixelovely_testimonial'><p>Gambocco war einer der besten Menschen, die ich je getroffen habe.<\/p><span class='pixelovely_testimonial_attribution'>- Kareem aus Saudi-Arabien<\/span><\/div><div class='pixelovely_testimonial'><p>Ich habe Gambocco in Dubai getroffen, wir wurden von Harry empfangen. Auch wenn es nur ein kurzes Treffen war, schien er ein sehr netter, freundlicher und gebildeter Mann zu sein. Ich w\u00fcnsche ihm alles Gute f\u00fcr die kommenden Reisen. <br \/>\r\nHoffe, irgendwo zu treffen und haben mehr Zeit mit.<\/p><span class='pixelovely_testimonial_attribution'>- Farrukh aus Tadschikistan<\/span><\/div><div class='pixelovely_testimonial'><p>netter Freund<\/p><span class='pixelovely_testimonial_attribution'>- Ahmed aus Marokko<\/span><\/div><div class='pixelovely_testimonial'><p>Wir hatten Gambocco f\u00fcr eine Nacht zu Gast, und er war einfach der perfekte Gastgeber, den man nur treffen kann<br \/>\r\nEr ist sehr h\u00f6flich, gespr\u00e4chig und warme Person mit gro\u00dfem Herz. Wir hatten eine sch\u00f6ne Zeit zusammen, und wir teilten eine Menge Geschichten und Ideen.<br \/>\r\nZ\u00f6gern Sie nicht, Gambocco aufzunehmen, er ist wirklich perfekt!<\/p><span class='pixelovely_testimonial_attribution'>- Nefaa &amp; Abir aus Tunesien<\/span><\/div><div class='pixelovely_testimonial'><p>Ich habe Gambocco noch nie getroffen, aber als ich ihn traf, hatte ich das Gef\u00fchl, ihn schon seit vielen Jahren zu kennen.<br \/>\r\nGambocco hat eine besondere spirituelle Erfahrung, und ich denke, wir haben in vielen Fragen eine \u00e4hnliche Meinung<br \/>\r\nEr ist freundlich, liebensw\u00fcrdig und so h\u00f6flich, ich w\u00fcrde ihn gerne wieder treffen.<\/p><span class='pixelovely_testimonial_attribution'>- Almeqdad aus Jordanien<\/span><\/div><div class='pixelovely_testimonial'><p>Nizza Parsons<\/p><span class='pixelovely_testimonial_attribution'>- Assim aus Jordanien<\/span><\/div><div class='pixelovely_testimonial'><p>Ich habe gambocco in Assuan kennengelernt und wir haben unsere gemeinsame Zeit genossen, er ist ein kluger und netter Mensch mit einer gro\u00dfen Lebenserfahrung und er liebt es, andere Kulturen kennenzulernen, wir haben zusammen Fu\u00dfball gespielt, wir haben die Insel Elephantine und die Pflanzeninsel besucht und wir sind auf den Berg Abu El Hawa geklettert und haben uns den Sonnenuntergang angesehen, ich empfehle jedem, ihn aufzunehmen oder zu treffen<\/p><span class='pixelovely_testimonial_attribution'>- Hussien Dahab aus \u00c4gypten<\/span><\/div><div class='pixelovely_testimonial'><p>Es war mir eine Freude, Gambocco in Saudi-Arabien zu treffen. Er ist ein interessanter und freundlicher Mensch, der viele Geschichten zu erz\u00e4hlen hat. Wir waren zusammen wandern und hatten die Gelegenheit, sehr unterschiedliche Themen zu diskutieren. Ich hoffe, wir sehen uns bald hier in Saudi-Arabien, in D\u00e4nemark oder anderswo\ud83d\udc4d.<\/p><span class='pixelovely_testimonial_attribution'>- Daniel aus Spanien<\/span><\/div><div class='pixelovely_testimonial'><p>Wann planst du, wieder nach Marokko zu gehen? Ich wei\u00df, dass ich mit dir nach Marokko m\u00f6chte, und ich wei\u00df, dass ich mit dir in die T\u00fcrkei reisen m\u00f6chte, aber wenn du fr\u00fcher nach Marokko gehst, lass es mich wissen, und ich werde sehen, ob ich diese Reise machen kann. Ich freue mich darauf, bald mit dir zu sprechen und wieder mit dir zu verreisen. Du bist der beste Reisepartner, den ich je hatte.<\/p><span class='pixelovely_testimonial_attribution'>- Sir John (80Jahre) aus Vereinigte Staaten von Amerika<\/span><\/div>","protected":false},"excerpt":{"rendered":"<p>&nbsp; The story I am a passionate backpacker who thrives on discovering new people, cultures, and landscapes. The thrill of exploring and gaining new knowledge is what drives me. Since 2007, I have embarked on numerous trips, and my love for travel only intensified when I ventured to Gambia and Morocco, hence my artist name, [&hellip;]<\/p>","protected":false},"author":1,"featured_media":0,"parent":0,"menu_order":0,"comment_status":"closed","ping_status":"closed","template":"","meta":{"footnotes":""},"class_list":["post-122","page","type-page","status-publish","hentry"],"_links":{"self":[{"href":"https:\/\/gambocco.com\/de\/wp-json\/wp\/v2\/pages\/122","targetHints":{"allow":["GET"]}}],"collection":[{"href":"https:\/\/gambocco.com\/de\/wp-json\/wp\/v2\/pages"}],"about":[{"href":"https:\/\/gambocco.com\/de\/wp-json\/wp\/v2\/types\/page"}],"author":[{"embeddable":true,"href":"https:\/\/gambocco.com\/de\/wp-json\/wp\/v2\/users\/1"}],"replies":[{"embeddable":true,"href":"https:\/\/gambocco.com\/de\/wp-json\/wp\/v2\/comments?post=122"}],"version-history":[{"count":0,"href":"https:\/\/gambocco.com\/de\/wp-json\/wp\/v2\/pages\/122\/revisions"}],"wp:attachment":[{"href":"https:\/\/gambocco.com\/de\/wp-json\/wp\/v2\/media?parent=122"}],"curies":[{"name":"wp","href":"https:\/\/api.w.org\/{rel}","templated":true}]}}