{"id":518,"date":"2024-07-17T11:02:56","date_gmt":"2024-07-17T09:02:56","guid":{"rendered":"https:\/\/gambocco.com\/?page_id=518"},"modified":"2024-07-18T22:15:08","modified_gmt":"2024-07-18T20:15:08","slug":"terms","status":"publish","type":"page","link":"https:\/\/gambocco.com\/de\/bedingungen\/","title":{"rendered":"Bedingungen und Konditionen"},"content":{"rendered":"<h1 style=\"text-align: center;\">Allgemeine Gesch\u00e4ftsbedingungen<\/h1>\n<p>\u00dcBERBLICK<br \/>\nDiese Website wird von gambocco betrieben. Die Begriffe \u201ewir\u201c, \u201euns\u201c und \u201eunser\u201c beziehen sich auf gambocco. gambocco bietet diese Website an,<br \/>\neinschlie\u00dflich aller Informationen, Tools und Dienste, die Ihnen, dem Benutzer, auf dieser Website zur Verf\u00fcgung stehen, unter der Voraussetzung, dass Sie alle Bedingungen akzeptieren,<br \/>\nhier aufgef\u00fchrten Bedingungen, Richtlinien und Hinweise.<br \/>\nIndem Sie unsere Website besuchen und\/oder etwas von uns kaufen, nehmen Sie an unserem \u201eService\u201c teil und erkl\u00e4ren sich mit den folgenden Bedingungen einverstanden und<br \/>\nBedingungen (\u201eNutzungsbedingungen\u201c, \u201eBedingungen\u201c), einschlie\u00dflich der zus\u00e4tzlichen Bedingungen und Richtlinien, auf die hierin verwiesen wird und\/oder die per Hyperlink verf\u00fcgbar sind. Diese Nutzungsbedingungen gelten f\u00fcr alle Nutzer der Website, insbesondere f\u00fcr Browser, Anbieter, Kunden, H\u00e4ndler und\/oder Inhaltsanbieter.<br \/>\nBitte lesen Sie diese Nutzungsbedingungen sorgf\u00e4ltig durch, bevor Sie auf unsere Website zugreifen oder sie nutzen. Durch den Zugriff auf oder die Nutzung eines Teils der Website erkl\u00e4ren Sie sich mit diesen Nutzungsbedingungen einverstanden. Wenn Sie nicht mit allen Bedingungen dieser Vereinbarung einverstanden sind, d\u00fcrfen Sie nicht auf die Website zugreifen oder Dienste nutzen. Sofern diese Nutzungsbedingungen als Angebot gelten, ist die Annahme ausdr\u00fccklich auf diese Nutzungsbedingungen beschr\u00e4nkt.<br \/>\nAlle neuen Funktionen oder Tools, die dem aktuellen Shop hinzugef\u00fcgt werden, unterliegen ebenfalls den Nutzungsbedingungen. Die aktuelle Version der Nutzungsbedingungen k\u00f6nnen Sie jederzeit auf dieser Seite einsehen. Wir behalten uns das Recht vor, Teile dieser Nutzungsbedingungen durch Ver\u00f6ffentlichung von Aktualisierungen und\/oder \u00c4nderungen auf unserer Website zu aktualisieren, zu \u00e4ndern oder zu ersetzen. Es liegt in Ihrer Verantwortung, diese Seite regelm\u00e4\u00dfig auf \u00c4nderungen zu \u00fcberpr\u00fcfen. Ihre fortgesetzte Nutzung oder Ihr Zugriff auf die Website nach Ver\u00f6ffentlichung von \u00c4nderungen gilt als Zustimmung zu diesen \u00c4nderungen.<br \/>\nUnser Shop wird auf Shopify Inc. gehostet. Sie stellen uns die Online-E-Commerce-Plattform zur Verf\u00fcgung, die es uns erm\u00f6glicht, unsere Produkte und Dienstleistungen zu verkaufen an<br \/>\nDu.<\/p>\n<p>ABSCHNITT 1 \u2013 ONLINE-SHOP-BEDINGUNGEN<br \/>\nIndem Sie diesen Servicebedingungen zustimmen, erkl\u00e4ren Sie, dass Sie in Ihrem Wohnsitzstaat oder -provinz mindestens vollj\u00e4hrig sind oder dass Sie in Ihrem Wohnsitzstaat oder -provinz vollj\u00e4hrig sind und uns Ihre Zustimmung gegeben haben, dass Ihre minderj\u00e4hrigen Angeh\u00f6rigen<br \/>\num diese Site zu nutzen.<br \/>\nSie d\u00fcrfen unsere Produkte nicht f\u00fcr illegale oder nicht autorisierte Zwecke verwenden, noch d\u00fcrfen Sie bei der Nutzung des Dienstes gegen Gesetze in Ihrem Land versto\u00dfen.<br \/>\nGerichtsbarkeit (einschlie\u00dflich, aber nicht beschr\u00e4nkt auf Urheberrechtsgesetze).<br \/>\nSie d\u00fcrfen keine W\u00fcrmer oder Viren oder sonstigen Code zerst\u00f6rerischer Natur \u00fcbertragen.<br \/>\nEin Versto\u00df oder eine Verletzung einer der Bedingungen f\u00fchrt zur sofortigen K\u00fcndigung Ihrer Dienste.<\/p>\n<p>ABSCHNITT 2 \u2013 ALLGEMEINE BEDINGUNGEN<br \/>\nWir behalten uns das Recht vor, die Dienstleistung jederzeit und aus beliebigem Grund zu verweigern.<br \/>\nSie verstehen, dass Ihre Inhalte (ohne Kreditkarteninformationen) unverschl\u00fcsselt \u00fcbertragen werden k\u00f6nnen und (a) \u00dcbertragungen \u00fcber<br \/>\nverschiedene Netzwerke; und (b) \u00c4nderungen zur Anpassung an die technischen Anforderungen der Verbindungsnetzwerke oder -ger\u00e4te. Kreditkarteninformationen werden bei der \u00dcbertragung \u00fcber Netzwerke immer verschl\u00fcsselt.<br \/>\nSie erkl\u00e4ren sich damit einverstanden, ohne unsere ausdr\u00fcckliche schriftliche Genehmigung keinen Teil des Dienstes, die Nutzung des Dienstes oder den Zugriff auf den Dienst oder einen Kontakt auf der Website, \u00fcber die der Dienst bereitgestellt wird, zu reproduzieren, zu vervielf\u00e4ltigen, zu kopieren, zu verkaufen, weiterzuverkaufen oder zu nutzen.<br \/>\nDie in dieser Vereinbarung verwendeten \u00dcberschriften dienen lediglich der \u00dcbersichtlichkeit und schr\u00e4nken diese Bedingungen weder ein noch haben sie anderweitige Auswirkungen.<\/p>\n<p>ABSCHNITT 3 \u2013 GENAUIGKEIT, VOLLST\u00c4NDIGKEIT UND AKTUALIT\u00c4T DER INFORMATIONEN<br \/>\nWir \u00fcbernehmen keine Verantwortung f\u00fcr die Richtigkeit, Vollst\u00e4ndigkeit oder Aktualit\u00e4t der auf dieser Website bereitgestellten Informationen. Die Inhalte dieser Website dienen ausschlie\u00dflich der allgemeinen Information und sollten nicht als alleinige Entscheidungsgrundlage verwendet werden, ohne prim\u00e4re, genauere, vollst\u00e4ndigere oder aktuellere Informationsquellen zu konsultieren. Die Nutzung der Inhalte dieser Website erfolgt auf eigene Gefahr.<br \/>\nDiese Website kann historische Informationen enthalten. Historische Informationen sind nicht unbedingt aktuell und dienen nur zu Ihrer Information. Wir behalten uns das Recht vor, den Inhalt dieser Website jederzeit zu \u00e4ndern, sind jedoch nicht verpflichtet, die Informationen auf unserer Website zu aktualisieren. Sie erkl\u00e4ren sich damit einverstanden, dass es in Ihrer Verantwortung liegt, \u00c4nderungen auf unserer Website zu verfolgen.<\/p>\n<p>ABSCHNITT 4 \u2013 \u00c4NDERUNGEN DES DIENSTES UND DER PREISE<br \/>\nDie Preise unserer Produkte k\u00f6nnen ohne vorherige Ank\u00fcndigung ge\u00e4ndert werden.<br \/>\nDie Preise unserer Produkte k\u00f6nnen ohne vorherige Ank\u00fcndigung ge\u00e4ndert werden.<br \/>\nWir behalten uns das Recht vor, den Dienst (oder Teile bzw. Inhalte davon) jederzeit und ohne Vorank\u00fcndigung zu \u00e4ndern oder einzustellen.<br \/>\nWir haften weder Ihnen noch Dritten gegen\u00fcber f\u00fcr \u00c4nderungen, Preis\u00e4nderungen, Aussetzungen oder die Einstellung des Dienstes.<\/p>\n<p>ABSCHNITT 5 \u2013 PRODUKTE ODER DIENSTLEISTUNGEN (falls zutreffend)<br \/>\nBestimmte Produkte oder Dienstleistungen sind m\u00f6glicherweise ausschlie\u00dflich online \u00fcber die Website erh\u00e4ltlich. Diese Produkte oder Dienstleistungen sind m\u00f6glicherweise nur in begrenzter St\u00fcckzahl verf\u00fcgbar und unterliegen der R\u00fcckgabe oder dem Umtausch gem\u00e4\u00df unseren R\u00fcckgabebedingungen. Unsere R\u00fcckgabebedingungen finden Sie unter [LINK ZU DEN R\u00dcCKGABERICHTLINIEN].<br \/>\nWir haben alle Anstrengungen unternommen, die Farben und Bilder unserer im Gesch\u00e4ft erscheinenden Produkte so genau wie m\u00f6glich darzustellen. Wir k\u00f6nnen nicht garantieren, dass die Farbdarstellung Ihres Computermonitors genau ist. Wir behalten uns das Recht vor, sind jedoch nicht verpflichtet, den Verkauf unserer Produkte oder Dienstleistungen auf Personen, geografische Regionen oder Gerichtsbarkeiten zu beschr\u00e4nken. Wir k\u00f6nnen dieses Recht von Fall zu Fall aus\u00fcben. Wir behalten uns das Recht vor, die Mengen der von uns angebotenen Produkte oder Dienstleistungen zu begrenzen. Alle Produktbeschreibungen und Produktpreise k\u00f6nnen jederzeit ohne vorherige Ank\u00fcndigung und nach unserem alleinigen Ermessen ge\u00e4ndert werden. Wir behalten uns das Recht vor, jedes Produkt jederzeit einzustellen. Jedes Angebot f\u00fcr ein Produkt oder eine Dienstleistung auf dieser Website ist ung\u00fcltig, wo es gesetzlich verboten ist.<br \/>\nWir garantieren nicht, dass die Qualit\u00e4t der von Ihnen gekauften oder erhaltenen Produkte, Dienstleistungen, Informationen oder anderen Materialien Ihren<br \/>\nErwartungen oder dass etwaige Fehler im Service behoben werden.<\/p>\n<p>ABSCHNITT 6 \u2013 GENAUIGKEIT DER RECHNUNGS- UND KONTOINFORMATIONEN<br \/>\nWir behalten uns das Recht vor, Ihre Bestellungen abzulehnen. Wir k\u00f6nnen nach eigenem Ermessen die pro Person, Haushalt oder Bestellung gekauften Mengen begrenzen oder stornieren. Diese Einschr\u00e4nkungen k\u00f6nnen Bestellungen umfassen, die mit oder \u00fcber dasselbe Kundenkonto, dieselbe Kreditkarte und\/oder dieselbe Rechnungs- und\/oder Lieferadresse aufgegeben wurden. Falls wir eine Bestellung \u00e4ndern oder stornieren, versuchen wir, Sie per E-Mail und\/oder \u00fcber die bei der Bestellung angegebene Rechnungsadresse\/Telefonnummer zu benachrichtigen. Wir behalten uns das Recht vor, Bestellungen zu beschr\u00e4nken oder zu untersagen, die nach unserem alleinigen Ermessen von H\u00e4ndlern, Wiederverk\u00e4ufern oder Distributoren aufgegeben zu werden scheinen. Sie verpflichten sich, f\u00fcr alle in unserem Shop get\u00e4tigten Eink\u00e4ufe aktuelle, vollst\u00e4ndige und korrekte Kauf- und Kontoinformationen anzugeben. Sie verpflichten sich, Ihre Konto- und sonstigen Informationen, einschlie\u00dflich Ihrer E-Mail-Adresse, Kreditkartennummern und Ablaufdaten, umgehend zu aktualisieren, damit wir Ihre Transaktionen abschlie\u00dfen und Sie bei Bedarf kontaktieren k\u00f6nnen.<br \/>\nWeitere Einzelheiten finden Sie in unseren R\u00fcckgaberichtlinien.<\/p>\n<p>ABSCHNITT 7 \u2013 OPTIONALE WERKZEUGE<br \/>\nWir k\u00f6nnen Ihnen Zugriff auf Tools von Drittanbietern gew\u00e4hren, die wir weder \u00fcberwachen noch kontrollieren oder auf die wir Einfluss haben.<br \/>\nSie erkennen an und stimmen zu, dass wir den Zugriff auf diese Tools \u201ewie besehen\u201c und \u201ewie verf\u00fcgbar\u201c ohne jegliche Garantien, Zusicherungen oder Bedingungen jeglicher Art und ohne jegliche Billigung gew\u00e4hren. Wir \u00fcbernehmen keinerlei Haftung, die sich aus Ihrer Nutzung optionaler Tools Dritter ergibt oder damit zusammenh\u00e4ngt. Die Nutzung der auf der Website angebotenen optionalen Tools erfolgt ausschlie\u00dflich auf Ihr eigenes Risiko und nach eigenem Ermessen. Sie sollten sicherstellen, dass Sie mit den Bedingungen, zu denen die Tools von den jeweiligen Drittanbietern bereitgestellt werden, vertraut sind und ihnen zustimmen.<br \/>\nWir k\u00f6nnen in Zukunft auch neue Dienste und\/oder Funktionen \u00fcber die Website anbieten (einschlie\u00dflich der Ver\u00f6ffentlichung neuer Tools und Ressourcen). Diese neuen Funktionen und\/oder Dienste unterliegen ebenfalls diesen Nutzungsbedingungen.<\/p>\n<p>ABSCHNITT 8 \u2013 LINKS VON DRITTANBIETERN<br \/>\nBestimmte Inhalte, Produkte und Dienste, die \u00fcber unseren Dienst verf\u00fcgbar sind, k\u00f6nnen Materialien von Drittanbietern enthalten.<br \/>\nLinks von Drittanbietern auf dieser Website k\u00f6nnen Sie auf Websites von Drittanbietern weiterleiten, die nicht mit uns verbunden sind. Wir sind nicht f\u00fcr die Pr\u00fcfung oder Bewertung des Inhalts oder der Richtigkeit verantwortlich und \u00fcbernehmen keine Garantie und Haftung f\u00fcr Materialien oder Websites von Drittanbietern sowie f\u00fcr sonstige Materialien, Produkte oder Dienstleistungen von Drittanbietern.<br \/>\nWir haften nicht f\u00fcr Sch\u00e4den im Zusammenhang mit dem Kauf oder der Nutzung von Waren, Dienstleistungen, Ressourcen, Inhalten oder anderen Transaktionen<br \/>\nim Zusammenhang mit Websites Dritter gemacht. Bitte \u00fcberpr\u00fcfen Sie sorgf\u00e4ltig die Richtlinien und Praktiken des Drittanbieters und stellen Sie sicher, dass Sie<br \/>\nVerstehen Sie sie, bevor Sie eine Transaktion durchf\u00fchren. Beschwerden, Anspr\u00fcche, Bedenken oder Fragen bez\u00fcglich Produkten von Drittanbietern sollten<br \/>\nan den Dritten gerichtet.<\/p>\n<p>ABSCHNITT 9 \u2013 BENUTZERKOMMENTARE, FEEDBACK UND ANDERE EINREICHUNGEN<br \/>\nWenn Sie auf unsere Aufforderung hin bestimmte Einsendungen (beispielsweise Wettbewerbsbeitr\u00e4ge) oder ohne eine solche Aufforderung kreative Ideen, Anregungen, Vorschl\u00e4ge, Pl\u00e4ne oder andere Materialien einsenden, sei es online, per E-Mail, auf dem Postweg oder auf andere Weise (zusammen \u201eKommentare\u201c), erkl\u00e4ren Sie sich damit einverstanden, dass wir Kommentare, die Sie uns \u00fcbermitteln, jederzeit ohne Einschr\u00e4nkung bearbeiten, kopieren, ver\u00f6ffentlichen, verteilen, \u00fcbersetzen und anderweitig in jedem Medium verwenden k\u00f6nnen. Wir sind und bleiben nicht verpflichtet (1) Kommentare vertraulich zu behandeln; (2) f\u00fcr Kommentare eine Verg\u00fctung zu zahlen; oder (3) auf Kommentare zu antworten. Wir k\u00f6nnen, sind jedoch nicht verpflichtet, Inhalte zu \u00fcberwachen, zu bearbeiten oder zu entfernen, die wir nach unserem alleinigen Ermessen als rechtswidrig, beleidigend, drohend, verleumderisch, diffamierend, pornografisch, obsz\u00f6n oder anderweitig anst\u00f6\u00dfig erachten oder die das geistige Eigentum einer Partei oder diese Servicebedingungen verletzen.<\/p>\n<p>Servicebedingungen.<br \/>\nSie erkl\u00e4ren sich damit einverstanden, dass Ihre Kommentare keine Rechte Dritter verletzen, einschlie\u00dflich Urheberrechte, Markenrechte, Datenschutzrechte, Pers\u00f6nlichkeitsrechte oder andere pers\u00f6nliche oder Eigentumsrechte. Sie erkl\u00e4ren sich ferner damit einverstanden, dass Ihre Kommentare kein verleumderisches oder anderweitig rechtswidriges, beleidigendes oder obsz\u00f6nes Material enthalten und keine Computerviren oder andere Schadsoftware enthalten, die den Betrieb des Dienstes oder einer damit verbundenen Website in irgendeiner Weise beeintr\u00e4chtigen k\u00f6nnten. Sie d\u00fcrfen keine falsche E-Mail-Adresse verwenden, sich als jemand anderes ausgeben oder uns oder Dritte anderweitig \u00fcber die Herkunft von Kommentaren t\u00e4uschen. Sie sind allein f\u00fcr Ihre Kommentare und deren Richtigkeit verantwortlich. Wir \u00fcbernehmen keine Verantwortung und Haftung f\u00fcr Kommentare, die von Ihnen oder Dritten gepostet werden.<\/p>\n<p>ABSCHNITT 10 \u2013 PERS\u00d6NLICHE INFORMATIONEN<br \/>\nIhre \u00dcbermittlung personenbezogener Daten \u00fcber den Shop unterliegt unserer Datenschutzrichtlinie. Unsere Datenschutzrichtlinie finden Sie unter <a href=\"https:\/\/gambocco.com\/de\/datenschutzbestimmungen\/\">[LINK ZUR DATENSCHUTZERKL\u00c4RUNG]<\/a><\/p>\n<p>ABSCHNITT 11 \u2013 FEHLER, UNGENAUIGKEITEN UND AUSLASSUNGEN<br \/>\nGelegentlich kann es Informationen auf unserer Website oder im Service geben, die typografische Fehler, Ungenauigkeiten oder Auslassungen enthalten, die<br \/>\nbeziehen sich auf Produktbeschreibungen, Preise, Werbeaktionen, Angebote, Produktversandkosten, Laufzeiten und Verf\u00fcgbarkeit. Wir behalten uns das Recht vor, Fehler, Ungenauigkeiten oder Auslassungen zu korrigieren und Informationen jederzeit und ohne vorherige Ank\u00fcndigung (auch nach Absenden Ihrer Bestellung) zu \u00e4ndern oder zu aktualisieren oder Bestellungen zu stornieren, wenn Informationen im Service oder auf einer zugeh\u00f6rigen Website ungenau sind.<br \/>\nWir \u00fcbernehmen keine Verpflichtung, Informationen im Service oder auf einer damit verbundenen Website zu aktualisieren, zu \u00e4ndern oder zu pr\u00e4zisieren, einschlie\u00dflich, aber nicht beschr\u00e4nkt auf<br \/>\nPreisinformationen, sofern dies nicht gesetzlich vorgeschrieben ist. Ein angegebenes Aktualisierungs- oder Auffrischungsdatum des Dienstes oder einer zugeh\u00f6rigen Website sollte nicht als Hinweis darauf verstanden werden, dass alle Informationen des Dienstes oder einer zugeh\u00f6rigen Website ge\u00e4ndert oder aktualisiert wurden.<\/p>\n<p>ABSCHNITT 12 \u2013 VERBOTENE VERWENDUNGEN<br \/>\nZus\u00e4tzlich zu den anderen in den Servicebedingungen festgelegten Verboten ist Ihnen die Nutzung der Site oder ihrer Inhalte untersagt:<br \/>\n(a) f\u00fcr einen rechtswidrigen Zweck; (b) um andere dazu aufzufordern, rechtswidrige Handlungen vorzunehmen oder sich daran zu beteiligen; (c) um gegen internationale, bundesstaatliche, provinzielle oder staatliche Vorschriften, Regeln, Gesetze oder lokale Verordnungen zu versto\u00dfen; (d) um unsere geistigen Eigentumsrechte oder die geistigen Eigentumsrechte anderer zu verletzen oder gegen diese zu versto\u00dfen; (e) um aufgrund von Geschlecht, sexueller Orientierung, Religion, ethnischer Zugeh\u00f6rigkeit, Rasse, Alter, nationaler Herkunft oder Behinderung zu bel\u00e4stigen, zu missbrauchen, zu beleidigen, zu sch\u00e4digen, zu diffamieren, zu verleumden, herabzusetzen, einzusch\u00fcchtern oder zu diskriminieren; (f) um falsche oder irref\u00fchrende Informationen einzugeben;<br \/>\n(g) Viren oder andere Arten von Schadcode hochzuladen oder zu \u00fcbertragen, die die Funktionalit\u00e4t beeintr\u00e4chtigen oder beeintr\u00e4chtigen k\u00f6nnen oder<br \/>\nBetrieb des Dienstes oder einer damit verbundenen Website, anderer Websites oder des Internets; (h) zum Sammeln oder Aufsp\u00fcren personenbezogener Daten anderer; (i) zum Spammen, Phishing, Pharmen, Vort\u00e4uschen, Spidern, Crawlen oder Scrapen; (j) f\u00fcr obsz\u00f6ne oder unmoralische Zwecke; oder (k) zum St\u00f6ren oder Umgehen der Sicherheitsfunktionen des Dienstes oder einer damit verbundenen Website, anderer Websites oder des Internets. Wir behalten uns das Recht vor, Ihre Nutzung des Dienstes oder einer damit verbundenen Website bei Versto\u00df gegen eine der verbotenen Nutzungen zu beenden.<\/p>\n<p>ABSCHNITT 13 \u2013 HAFTUNGSAUSSCHLUSS; HAFTUNGSBESCHR\u00c4NKUNG<br \/>\nWir \u00fcbernehmen keine Garantie oder Gew\u00e4hrleistung daf\u00fcr, dass Ihre Nutzung unseres Dienstes ohne Unterbrechungen, rechtzeitig, sicher oder fehlerfrei erfolgt.<br \/>\nWir \u00fcbernehmen keine Garantie daf\u00fcr, dass die durch die Nutzung des Dienstes erzielten Ergebnisse genau oder zuverl\u00e4ssig sind.<br \/>\nSie erkl\u00e4ren sich damit einverstanden, dass wir den Dienst von Zeit zu Zeit auf unbestimmte Zeit einstellen oder jederzeit ohne Vorank\u00fcndigung k\u00fcndigen k\u00f6nnen. Sie erkl\u00e4ren sich ausdr\u00fccklich damit einverstanden, dass Ihre Nutzung bzw. die Nichtnutzung des Dienstes ausschlie\u00dflich auf Ihr Risiko erfolgt. Der Dienst und alle Ihnen \u00fcber den Dienst bereitgestellten Produkte und Dienste werden (sofern nicht ausdr\u00fccklich von uns anders angegeben) \u201ewie besehen\u201c und \u201ewie verf\u00fcgbar\u201c f\u00fcr Ihre Nutzung bereitgestellt, ohne jegliche Zusicherungen, Garantien oder Bedingungen jeglicher Art, weder ausdr\u00fccklich noch stillschweigend, einschlie\u00dflich aller stillschweigenden Garantien oder Bedingungen hinsichtlich der Marktg\u00e4ngigkeit, der handels\u00fcblichen Qualit\u00e4t, der Eignung f\u00fcr einen bestimmten Zweck, der Haltbarkeit, des Eigentums und der Nichtverletzung.<br \/>\nIn keinem Fall haften gambocco, unsere Direktoren, leitenden Angestellten, Mitarbeiter, verbundenen Unternehmen, Vertreter, Auftragnehmer, Praktikanten, Lieferanten, Dienstleister oder Lizenzgeber f\u00fcr Verletzungen, Verluste, Anspr\u00fcche oder direkte, indirekte, zuf\u00e4llige, Straf-, Sonder- oder Folgesch\u00e4den jeglicher Art, einschlie\u00dflich, aber nicht beschr\u00e4nkt auf entgangenen Gewinn, entgangenen Umsatz, entgangene Einsparungen, Datenverlust, Wiederbeschaffungskosten oder \u00e4hnliche Sch\u00e4den, unabh\u00e4ngig davon, ob diese auf einem Vertrag, einer unerlaubten Handlung (einschlie\u00dflich Fahrl\u00e4ssigkeit), einer verschuldensunabh\u00e4ngigen Haftung oder anderweitig beruhen, die sich aus Ihrer Nutzung des Dienstes oder der \u00fcber den Dienst beschafften Produkte ergeben, oder f\u00fcr andere Anspr\u00fcche, die in irgendeiner Weise mit Ihrer Nutzung des Dienstes oder eines Produkts zusammenh\u00e4ngen, einschlie\u00dflich, aber nicht beschr\u00e4nkt auf Fehler oder Auslassungen in Inhalten oder Verluste oder Sch\u00e4den jeglicher Art, die sich aus der Nutzung des Dienstes oder der \u00fcber den Dienst ver\u00f6ffentlichten, \u00fcbertragenen oder anderweitig bereitgestellten Inhalte (oder Produkte) ergeben, selbst wenn auf deren M\u00f6glichkeit hingewiesen wurde.<br \/>\nDa in manchen Staaten oder Gerichtsbarkeiten der Ausschluss oder die Beschr\u00e4nkung der Haftung f\u00fcr Folge- oder Nebensch\u00e4den nicht zul\u00e4ssig ist, ist unsere Haftung in diesen Staaten oder Gerichtsbarkeiten auf das gesetzlich zul\u00e4ssige H\u00f6chstma\u00df beschr\u00e4nkt.<\/p>\n<p>ABSCHNITT 14 \u2013 SCHADENSERSATZ<br \/>\nSie erkl\u00e4ren sich damit einverstanden, gambocco und unsere Muttergesellschaft, Tochtergesellschaften, Partner, leitenden Angestellten, Direktoren, Vertreter,<br \/>\nAuftragnehmer, Lizenzgeber, Dienstleister, Subunternehmer, Lieferanten, Praktikanten und Mitarbeiter, schadlos von jeglichen Anspr\u00fcchen oder Forderungen, einschlie\u00dflich<br \/>\nangemessene Anwaltskosten, die von Dritten aufgrund oder infolge Ihres Versto\u00dfes gegen diese Servicebedingungen oder die Dokumente, die sie<br \/>\ndurch Bezugnahme einbeziehen oder Ihre Verletzung von Gesetzen oder Rechten Dritter.<\/p>\n<p>ABSCHNITT 15 \u2013 SALVATORISCHE KLAUSEL<br \/>\nSollte eine Bestimmung dieser Servicebedingungen als rechtswidrig, ung\u00fcltig oder nicht durchsetzbar befunden werden, so bleibt diese Bestimmung dennoch im gr\u00f6\u00dftm\u00f6glichen, nach geltendem Recht zul\u00e4ssigen Umfang durchsetzbar und der nicht durchsetzbare Teil gilt als von diesen Servicebedingungen abgetrennt. Eine solche Feststellung ber\u00fchrt nicht die G\u00fcltigkeit und Durchsetzbarkeit aller \u00fcbrigen Bestimmungen.<\/p>\n<p>ABSCHNITT 16 \u2013 K\u00dcNDIGUNG<br \/>\nDie vor dem K\u00fcndigungstermin entstandenen Verpflichtungen und Haftungen der Parteien bleiben auch nach Beendigung dieser Vereinbarung f\u00fcr alle Zwecke bestehen.<br \/>\nDiese Servicebedingungen gelten, bis sie von Ihnen oder uns gek\u00fcndigt werden. Sie k\u00f6nnen diese Servicebedingungen jederzeit k\u00fcndigen.<br \/>\nindem Sie uns benachrichtigen, dass Sie unsere Dienste nicht mehr nutzen m\u00f6chten oder wenn Sie die Nutzung unserer Site einstellen.<br \/>\nWenn Sie nach unserem alleinigen Ermessen gegen eine Bedingung oder Bestimmung dieser Servicebedingungen versto\u00dfen oder wir den Verdacht haben, dass Sie gegen eine Bedingung oder Bestimmung dieser Servicebedingungen versto\u00dfen haben, k\u00f6nnen wir diese Vereinbarung auch jederzeit ohne Vorank\u00fcndigung k\u00fcndigen, und Sie bleiben f\u00fcr alle bis einschlie\u00dflich dem Datum der<br \/>\nK\u00fcndigung; und\/oder kann Ihnen dementsprechend den Zugriff auf unsere Dienste (oder Teile davon) verweigern.<\/p>\n<p>ABSCHNITT 17 \u2013 GESAMTE VEREINBARUNG<br \/>\nDas Vers\u00e4umnis unsererseits, ein Recht oder eine Bestimmung dieser Servicebedingungen auszu\u00fcben oder durchzusetzen, stellt keinen Verzicht auf dieses Recht oder diese Bestimmung dar.<br \/>\nDiese Servicebedingungen und alle von uns auf dieser Website oder in Bezug auf den Service ver\u00f6ffentlichten Richtlinien oder Betriebsregeln stellen die gesamte<br \/>\nVereinbarung und \u00dcbereinkunft zwischen Ihnen und uns und regeln Ihre Nutzung des Dienstes und ersetzen alle vorherigen oder gleichzeitigen<br \/>\nVereinbarungen, Mitteilungen und Vorschl\u00e4ge, ob m\u00fcndlich oder schriftlich, zwischen Ihnen und uns (einschlie\u00dflich, aber nicht beschr\u00e4nkt auf alle fr\u00fcheren Versionen von<br \/>\ndie Servicebedingungen).<br \/>\nEventuelle Unklarheiten bei der Auslegung dieser Servicebedingungen d\u00fcrfen nicht zu Lasten der verfassenden Partei ausgelegt werden.<\/p>\n<p>ABSCHNITT 18 \u2013 GELTENDES RECHT<br \/>\nDiese Servicebedingungen und alle separaten Vereinbarungen, durch die wir Ihnen Dienste bereitstellen, unterliegen den Bestimmungen und werden entsprechend ausgelegt<br \/>\nden Gesetzen Maltas.<\/p>\n<p>ABSCHNITT 19 \u2013 \u00c4NDERUNGEN DER DIENSTBEDINGUNGEN<br \/>\nSie k\u00f6nnen die aktuellste Version der Servicebedingungen jederzeit auf dieser Seite einsehen.<br \/>\nWir behalten uns das Recht vor, nach eigenem Ermessen Teile dieser Nutzungsbedingungen durch Ver\u00f6ffentlichung von Aktualisierungen und \u00c4nderungen auf unserer Website zu aktualisieren, zu \u00e4ndern oder zu ersetzen. Es liegt in Ihrer Verantwortung, unsere Website regelm\u00e4\u00dfig auf \u00c4nderungen zu \u00fcberpr\u00fcfen. Ihre fortgesetzte Nutzung oder Ihr Zugriff auf unsere Website oder den Dienst nach der Ver\u00f6ffentlichung von \u00c4nderungen dieser Nutzungsbedingungen gilt als Zustimmung zu diesen \u00c4nderungen.<\/p>\n<p>ABSCHNITT 20 \u2013 KONTAKTINFORMATIONEN<br \/>\nFragen zu den Servicebedingungen sollten an gam@duck.com gesendet werden.<br \/>\nUnsere Kontaktinformationen finden Sie unten:<br \/>\nGambocco NFT Digitale Kunst<br \/>\ngam@duck.com<\/p>","protected":false},"excerpt":{"rendered":"<p>Terms &amp; Conditions OVERVIEW This website is operated by gambocco. Throughout the site, the terms \u201cwe\u201d, \u201cus\u201d and \u201cour\u201d refer to gambocco. gambocco offers this website, including all information, tools and Services available from this site to you, the user, conditioned upon your acceptance of all terms, conditions, policies and notices stated here. By visiting [&hellip;]<\/p>","protected":false},"author":1,"featured_media":0,"parent":0,"menu_order":0,"comment_status":"closed","ping_status":"closed","template":"","meta":{"footnotes":""},"class_list":["post-518","page","type-page","status-publish","hentry"],"_links":{"self":[{"href":"https:\/\/gambocco.com\/de\/wp-json\/wp\/v2\/pages\/518","targetHints":{"allow":["GET"]}}],"collection":[{"href":"https:\/\/gambocco.com\/de\/wp-json\/wp\/v2\/pages"}],"about":[{"href":"https:\/\/gambocco.com\/de\/wp-json\/wp\/v2\/types\/page"}],"author":[{"embeddable":true,"href":"https:\/\/gambocco.com\/de\/wp-json\/wp\/v2\/users\/1"}],"replies":[{"embeddable":true,"href":"https:\/\/gambocco.com\/de\/wp-json\/wp\/v2\/comments?post=518"}],"version-history":[{"count":9,"href":"https:\/\/gambocco.com\/de\/wp-json\/wp\/v2\/pages\/518\/revisions"}],"predecessor-version":[{"id":581,"href":"https:\/\/gambocco.com\/de\/wp-json\/wp\/v2\/pages\/518\/revisions\/581"}],"wp:attachment":[{"href":"https:\/\/gambocco.com\/de\/wp-json\/wp\/v2\/media?parent=518"}],"curies":[{"name":"wp","href":"https:\/\/api.w.org\/{rel}","templated":true}]}}