{"id":122,"date":"2023-07-13T10:08:24","date_gmt":"2023-07-13T08:08:24","guid":{"rendered":"https:\/\/gambocco.com\/?page_id=122"},"modified":"2023-09-08T09:42:28","modified_gmt":"2023-09-08T07:42:28","slug":"my-story","status":"publish","type":"page","link":"https:\/\/gambocco.com\/dk\/min-historie\/","title":{"rendered":"Min historie"},"content":{"rendered":"<p>&nbsp;<\/p>\n<h2>Historien<\/h2>\n<p>Jeg er en passioneret backpacker, der trives med at opdage nye mennesker, kulturer og landskaber. Sp\u00e6ndingen ved at udforske og f\u00e5 ny viden er det, der driver mig. Siden 2007 har jeg v\u00e6ret p\u00e5 adskillige rejser, og min k\u00e6rlighed til rejser blev kun intensiveret, da jeg rejste til Gambia og Marokko, deraf mit kunstnernavn, @gambocco.<\/p>\n<p>Da den globale pandemi ramte, overvejede jeg, hvordan jeg kunne g\u00f8re mit liv mere effektivt og virkningsfuldt. Jeg vidste inderst inde, at jeg \u00f8nskede at dele godhed og positivitet med alle i en st\u00f8rre skala. P\u00e5 trods af de restriktioner, som COVID-19 p\u00e5lagde mig, fortsatte mit \u00f8nske om at komme i kontakt med andre og v\u00e6re mere social. Det var i denne periode, at jeg faldt over blockchain-teknologien og dens integration med digital kunst gennem NFT'er (Non-Fungible Tokens).<\/p>\n<p>Jeg inds\u00e5 med det samme, at dette var min mulighed for at v\u00e6re en del af noget st\u00f8rre og bidrage til verdens udvikling. Sk\u00f8nheden ved denne nye teknologi ligger i dens evne til at styrke b\u00e5de digitale kunstnere og deres f\u00f8lgere. Det handler om at give noget tilbage til f\u00e6llesskabet.<\/p>\n<p>Jeg er virkelig begejstret for de muligheder, som blockchain og NFT giver. Som kunstner ser jeg det ikke kun som en m\u00e5de at udvikle mig personligt p\u00e5, men ogs\u00e5 som en m\u00e5de at give mit publikum en unik og meningsfuld oplevelse. Gennem mine kreationer \u00f8nsker jeg at inspirere og opl\u00f8fte andre og fremme en f\u00f8lelse af sammenhold og positivitet.<\/p>\n<p>Tag med mig p\u00e5 denne utrolige rejse, hvor vi omfavner kraften i blockchain, digital kunst og NFT'er. Lad os sammen bidrage til en bedre verden, en verden fyldt med kreativitet, f\u00e6llesskab og \u00e6gte forbindelser. Tak, fordi du er en del af dette eventyr!<\/p>\n<p>&nbsp;<\/p>\n<h2>Kan du lide min historie?<\/h2>\n<div class='pixelovely_testimonial'><p>Jeg m\u00f8dte Gambocco i Dubai, hvor Harry var v\u00e6rt for os. Selv om det var et meget kort m\u00f8de, s\u00e5 han meget rar, venlig og veluddannet ud. Jeg \u00f8nsker ham alt det bedste p\u00e5 de kommende rejser. <br \/>\r\nH\u00e5ber at m\u00f8des et sted og have mere tid sammen med.<\/p><span class='pixelovely_testimonial_attribution'>- Farrukh fra Tadsjikistan<\/span><\/div><div class='pixelovely_testimonial'><p>Jeg var v\u00e6rt for gambocco i en dag, han er en meget vidunderlig person, s\u00f8d og hj\u00e6lpsom, han gav mig en masse tips og information, og vi gik p\u00e5 opdagelse i byen og spiste lokal mad sammen og m\u00f8dte nye mennesker, det var, som om vi havde to vidunderlige dage, han er min ven som min bror, han elskede ham og elskede at tilbringe tid med ham. Jeg venter p\u00e5 dig igen i dit hus, bror. Jeg h\u00e5ber, du har det godt. Hav det altid sjovt. \ud83d\ude0d\ud83d\ude0dJeg anbefaler det til alle<\/p><span class='pixelovely_testimonial_attribution'>- Abdul Rahman Saeed fra Egypten<\/span><\/div><div class='pixelovely_testimonial'><p>s\u00f8d ven<\/p><span class='pixelovely_testimonial_attribution'>- Ahmed fra Marokko<\/span><\/div><div class='pixelovely_testimonial'><p>Gambocco er en meget god mand, jeg f\u00f8ler, at jeg har m\u00f8dt ham i lang tid, jeg bad ham om at tage med til Douz-festivalen, han var enig, og vi fik en fantastisk tid fuld af k\u00e6rlighed og hyggede os med mine venner i Sahara.<br \/>\r\ntak igen, og jeg h\u00e5ber at se dig, mit hus ER \u00e5bent for dig til enhver tid, min bror.<\/p><span class='pixelovely_testimonial_attribution'>- Bilel Turki fra Tunesien<\/span><\/div><div class='pixelovely_testimonial'><p>jeg er s\u00e5 heldig at m\u00f8de en som gambocco, han er en rar fyr, s\u00e5 respektfuld, og hele min familie kan lide ham s\u00e5 meget, jeg h\u00e5ber, han har tilbragt en god tid her i Tozeur og set mit lands sk\u00f8nhed. hvis jeg kan sige, at han nu er en af mine bedste venner, ogs\u00e5 en af min familie.<\/p><span class='pixelovely_testimonial_attribution'>- Khaled Hammadi fra Tunesien<\/span><\/div><div class='pixelovely_testimonial'><p>Hvorn\u00e5r planl\u00e6gger du at tage tilbage til Marokko? Jeg ved, at jeg gerne vil til Marokko med dig, og jeg ved, at jeg gerne vil til Tyrkiet med dig, men hvis du skal til Marokko f\u00f8r, s\u00e5 lad mig det vide, s\u00e5 skal jeg se, om jeg kan n\u00e5 den tur. Jeg ser frem til at tale med dig snart og rejse med dig igen. Du er den bedste rejsepartner, jeg nogensinde har haft.<\/p><span class='pixelovely_testimonial_attribution'>- Sir John (80 \u00e5r) fra Amerikas Forenede Stater<\/span><\/div><div class='pixelovely_testimonial'><p>Gambocco er en rar, fornuftig og venlig person med en masse rejseerfaring og historiske oplysninger. Det var dejligt at m\u00f8de og h\u00e6nge ud med ham under hans ophold. Jeg vil varmt anbefale at v\u00e6re v\u00e6rt for ham.<\/p><span class='pixelovely_testimonial_attribution'>- Nitin fra Indien<\/span><\/div><div class='pixelovely_testimonial'><p>Velkommen hver gang Bro <br \/>\r\nGambocco har stor erfaring med at rejse og er et godt t\u00e6nkende menneske.<br \/>\r\nJeg h\u00e5ber at tilbringe tid sammen med ham i hans hjemby.<\/p><span class='pixelovely_testimonial_attribution'>- Hr. Ustaz Niaz fra Pakistan<\/span><\/div><div class='pixelovely_testimonial'><p>Det var sjovt at tale med Gambocco, og vi havde en fascinerende samtale om hans rejseoplevelser. Han er en venlig, rar og klog person, og hans selskab er altid v\u00e6rdifuldt.<\/p><span class='pixelovely_testimonial_attribution'>- Ahmed fra Island, oprindeligt Egypten<\/span><\/div><div class='pixelovely_testimonial'><p>Gambocco er en af grundene til, at jeg bruger denne app, virkelig god oplevelse at v\u00e6re v\u00e6rt for ham. <br \/>\r\n<br \/>\r\nDenne fyr er fuld af kultur, viden, ideer ... han bor i mange lande, s\u00e5 han kan fort\u00e6lle en masse lokale historier, rejsehacks og tricks om landsbyerne og byerne ... jeg lavede en lang to do-liste baseret p\u00e5 hans historier.<br \/>\r\n<br \/>\r\nBortset fra det er han virkelig venlig og afslappet, vi spiste iftar sammen i Abu Dhabi, og vi havde mange hangouts omkring Reem Island. <br \/>\r\n<br \/>\r\nJeg ville helt sikkert v\u00e6re v\u00e6rt for ham igen, og hvis du har chancen for at m\u00f8de - v\u00e6re v\u00e6rt for - h\u00e6nge ud med denne fyr, s\u00e5 g\u00e5 ikke glip af chancen, og du vil takke mig senere.<br \/>\r\n<br \/>\r\nVelkommen til hver en tid, bror \ud83d\ude4f\ud83c\udffb<\/p><span class='pixelovely_testimonial_attribution'>- Salam fra De Forenede Arabiske Emirater, oprindeligt Algeriet<\/span><\/div><div class='pixelovely_testimonial'><p>Jeg har ikke m\u00f8dt Gambocco f\u00f8r, men da jeg m\u00f8dte ham, f\u00f8lte jeg, at jeg havde kendt ham i mange \u00e5r.<br \/>\r\nGambocco har en s\u00e6rlig spirituel erfaring, og jeg tror, at vi har en t\u00e6t mening om mange ting.<br \/>\r\nHan er venlig, im\u00f8dekommende og s\u00e5 h\u00f8flig, at jeg gerne vil m\u00f8de ham igen.<\/p><span class='pixelovely_testimonial_attribution'>- Almeqdad fra Jordan<\/span><\/div><div class='pixelovely_testimonial'><p>Gambocco har en vidunderlig personlighed, meget h\u00f8flig, ydmyg og altid smilende. Jeg havde det virkelig sjovt med ham og tog ham med til Badshahi-moskeen, Greater Iqbal Park, Allama Iqbals grav og den ber\u00f8mte madgade. Vi tog ogs\u00e5 til den store moske i Bahria Town og Eiffelt\u00e5rnet, som han virkelig n\u00f8d. Jeg \u00f8nsker ham alt det bedste i hans fremtidsplaner, og hold dig altid sund og rask. Vi ses igen et eller andet sted i verden. Gud velsigne dig, min ven. Sk\u00e5l \ud83d\ude42.<\/p><span class='pixelovely_testimonial_attribution'>- Nawiz fra Pakistan<\/span><\/div><div class='pixelovely_testimonial'><p>Vi var v\u00e6rter for Gambocco en aften, og han var den perfekte v\u00e6rt, man kan m\u00f8de.<br \/>\r\nHan er en meget h\u00f8flig, snakkesalig og varm person med et stort hjerte. Vi havde det rart sammen, og vi delte en masse historier og ideer.<br \/>\r\nT\u00f8v ikke med at v\u00e6re v\u00e6rt for Gambocco, han er virkelig perfekt!<\/p><span class='pixelovely_testimonial_attribution'>- Nefaa &amp; Abir fra Tunesien<\/span><\/div><div class='pixelovely_testimonial'><p>Jeg m\u00f8dte gambocco p\u00e5 hans korte tur til Dubai. Jeg fik aldrig chancen for at v\u00e6re v\u00e6rt for ham, men jeg fortryder aldrig, at jeg hang ud med s\u00e5dan en vidunderlig person. Vi tilbragte noget tid sammen og tog til Global Village. Vi talte om hans tidligere eventyr i forskellige lande og en masse andre informative samtaler. Gambocco er en fantastisk person, fuld af positive vibes, \u00e5ben og sjov at v\u00e6re sammen med. Vi havde det sk\u00f8nt sammen, og jeg er glad for at have fundet en ven i ham. Jeg \u00f8nsker dig alt det bedste i livet, og at du m\u00e5 opn\u00e5, hvad du \u00f8nsker i livet.<br \/>\r\nJeg h\u00e5ber snart at se dig igen, uanset hvor i verden du befinder dig!<\/p><span class='pixelovely_testimonial_attribution'>- Reeno fra Filippinerne<\/span><\/div><div class='pixelovely_testimonial'><p>Gambocco var en virkelig venlig mand, jeg n\u00f8d virkelig samtalen med ham om alle de ting, han gjorde. Han er meget vidende om alt.<\/p><span class='pixelovely_testimonial_attribution'>- Mohammed fra Saudi-Arabien<\/span><\/div><div class='pixelovely_testimonial'><p>Hej<br \/>\r\nVirkelig interessant person tak bro du er fantastisk<br \/>\r\nAlt det bedste til dig<\/p><span class='pixelovely_testimonial_attribution'>- Skander Chebbi fra Tunesien<\/span><\/div><div class='pixelovely_testimonial'><p>Det var en forn\u00f8jelse at v\u00e6re v\u00e6rt for Gambocco<br \/>\r\nVi har en god samtale om alle verdens problemer, og vi konkluderer, at rejser er den bedste l\u00f8sning p\u00e5 alle dine problemer.<br \/>\r\nMeget glad for at m\u00f8de ham<\/p><span class='pixelovely_testimonial_attribution'>- Bilel Chabchoub fra Tunesien<\/span><\/div><div class='pixelovely_testimonial'><p>Jeg m\u00f8dte gambocco i Aswan, og vi n\u00f8d vores tid sammen, han er en klog og rar person med en bred livserfaring, og han elsker at l\u00e6re om andre kulturer, vi spillede fodbold sammen, vi bes\u00f8gte Elephantine Island og plante\u00f8en, og vi klatrede til Mount Abu El Hawa og s\u00e5 solnedgangen, jeg anbefaler alle at v\u00e6re v\u00e6rt eller m\u00f8de ham<\/p><span class='pixelovely_testimonial_attribution'>- Hussien Dahab fra Egypten<\/span><\/div><div class='pixelovely_testimonial'><p>Nice Parsons<\/p><span class='pixelovely_testimonial_attribution'>- Assim fra Jordan<\/span><\/div><div class='pixelovely_testimonial'><p>Virkelig hvad jeg kunne sige om ham, selv de gode ord kan ikke beskrive ham, han er en virkelig god, venlig, meget enkel, p\u00e5 udkig efter gode venner, selv hvis dit hjem ikke er godt for ham, vil han komme til at kende dig som en bror, det bedste, at han tilfreds fra alt. jeg h\u00e5ber, at du bes\u00f8ger Aswan en anden gang Gambocco Du er velkommen til enhver tid, det er bare dit hjem Brother.<\/p><span class='pixelovely_testimonial_attribution'>- (Snart Dr.) Ahmed Amgad fra Egypten<\/span><\/div><div class='pixelovely_testimonial'><p>Gambocco var en fremragende diskussionspartner i l\u00f8bet af weekenden, og det var sjovt at vise ham mine yndlingssteder i Oslo og se hans reaktion p\u00e5 dem. Hans id\u00e9 med at medbringe te og honning fra sine andre rejser rundt om i verden, som vi kunne dele, er et koncept, som jeg vil tage med p\u00e5 mine egne rejser. Jeg takker Gambocco for den tid, vi tilbragte sammen, og \u00f8nsker ham al mulig held og lykke med hans fremtidige rejser og projekter.<\/p><span class='pixelovely_testimonial_attribution'>- Raymond M. Kristansen fra Norge<\/span><\/div><div class='pixelovely_testimonial'><p>Gambocco er s\u00e5 venlig og respektfuld en person, s\u00e5 jeg savner ham.<\/p><span class='pixelovely_testimonial_attribution'>- Hr. Ustaz Niaz fra Pakistan<\/span><\/div><div class='pixelovely_testimonial'><p>Det var en forn\u00f8jelse at m\u00f8de Gambocco i Saudi-Arabien. Han er en interessant og venlig person med mange historier at fort\u00e6lle. Vi vandrede sammen og havde lejlighed til at diskutere meget forskellige emner. H\u00e5ber snart at se dig her i Saudi-Arabien, i Danmark eller andre steder\ud83d\udc4d.<\/p><span class='pixelovely_testimonial_attribution'>- Daniel fra Spanien<\/span><\/div><div class='pixelovely_testimonial'><p>Gambocco var et af de bedste mennesker, jeg nogensinde har m\u00f8dt.<\/p><span class='pixelovely_testimonial_attribution'>- Kareem fra Saudi-Arabien<\/span><\/div>","protected":false},"excerpt":{"rendered":"<p>&nbsp; The story I am a passionate backpacker who thrives on discovering new people, cultures, and landscapes. The thrill of exploring and gaining new knowledge is what drives me. Since 2007, I have embarked on numerous trips, and my love for travel only intensified when I ventured to Gambia and Morocco, hence my artist name, [&hellip;]<\/p>","protected":false},"author":1,"featured_media":0,"parent":0,"menu_order":0,"comment_status":"closed","ping_status":"closed","template":"","meta":{"footnotes":""},"class_list":["post-122","page","type-page","status-publish","hentry"],"_links":{"self":[{"href":"https:\/\/gambocco.com\/dk\/wp-json\/wp\/v2\/pages\/122","targetHints":{"allow":["GET"]}}],"collection":[{"href":"https:\/\/gambocco.com\/dk\/wp-json\/wp\/v2\/pages"}],"about":[{"href":"https:\/\/gambocco.com\/dk\/wp-json\/wp\/v2\/types\/page"}],"author":[{"embeddable":true,"href":"https:\/\/gambocco.com\/dk\/wp-json\/wp\/v2\/users\/1"}],"replies":[{"embeddable":true,"href":"https:\/\/gambocco.com\/dk\/wp-json\/wp\/v2\/comments?post=122"}],"version-history":[{"count":0,"href":"https:\/\/gambocco.com\/dk\/wp-json\/wp\/v2\/pages\/122\/revisions"}],"wp:attachment":[{"href":"https:\/\/gambocco.com\/dk\/wp-json\/wp\/v2\/media?parent=122"}],"curies":[{"name":"wp","href":"https:\/\/api.w.org\/{rel}","templated":true}]}}