{"id":422,"date":"2023-08-06T00:07:07","date_gmt":"2023-08-05T22:07:07","guid":{"rendered":"https:\/\/gambocco.com\/?page_id=422"},"modified":"2023-08-06T00:20:41","modified_gmt":"2023-08-05T22:20:41","slug":"influencers","status":"publish","type":"page","link":"https:\/\/gambocco.com\/es\/personas-influyentes\/","title":{"rendered":"Influenciadores: \u00danete a nosotros"},"content":{"rendered":"<h2>\u00danete a nuestro exclusivo equipo de influencers y libera el poder del arte digital, las NFT y los ordinales.<\/h2>\n<p><strong>Introducci\u00f3n:<\/strong><br \/>\nBienvenido a una emocionante oportunidad que combina los mundos del arte digital, las NFT y el marketing de influencers. Estamos encantados de anunciar que estamos buscando influencers con talento para que colaboren con nosotros en la promoci\u00f3n de nuestra innovadora colecci\u00f3n de NFTs, ordinales y arte digital. Si est\u00e1s buscando formar parte de la pr\u00f3xima gran tendencia en el mundo del arte mientras ganas incre\u00edbles recompensas, \u00a1esta es la oportunidad que estabas esperando!<\/p>\n<p><strong>Por qu\u00e9 trabajar con nosotros:<\/strong><br \/>\nPioneros en el futuro del arte: Al unirte a nuestro equipo, estar\u00e1s a la vanguardia de la revoluci\u00f3n del arte digital. Las NFT han revolucionado la forma en que artistas y coleccionistas interact\u00faan, \u00a1y queremos que nos ayudes a dar forma al futuro!<\/p>\n<p>Arte \u00fanico y cautivador: Nuestra colecci\u00f3n incluye una gran variedad de fascinantes obras de arte digital, cada una con su propia historia y esencia. Desde animaciones visualmente impresionantes hasta im\u00e1genes que invitan a la reflexi\u00f3n, nuestro arte est\u00e1 dise\u00f1ado para cautivar y atraer al p\u00fablico a trav\u00e9s de diversas plataformas.<\/p>\n<p>Un lucrativo potencial de ingresos: Entendemos el valor de su influencia y el papel que desempe\u00f1a en la formaci\u00f3n de tendencias. Como influencer de nuestro equipo, tendr\u00e1s la oportunidad de obtener importantes recompensas a trav\u00e9s de asociaciones basadas en comisiones, colaboraciones exclusivas e incentivos extra.<\/p>\n<p>Asociaci\u00f3n de colaboraci\u00f3n: Creemos en el fomento de relaciones s\u00f3lidas con nuestros influencers. Trabajando juntos, te proporcionaremos las herramientas, los recursos y el apoyo necesarios para crear contenidos atractivos que resuenen entre tu audiencia e impulsen las ventas.<\/p>\n<p>Exposici\u00f3n a una comunidad floreciente: Unirse a nuestro equipo significa formar parte de una vibrante comunidad de artistas, coleccionistas y entusiastas. Tendr\u00e1s la oportunidad de relacionarte con personas de ideas afines, ampliar tu alcance y establecer conexiones significativas en el \u00e1mbito del arte y la NFT.<\/p>\n<p><strong>C\u00f3mo participar:<\/strong><br \/>\nPara unirse a nuestro equipo de personas influyentes, s\u00f3lo tiene que ponerse en contacto con nosotros por correo electr\u00f3nico: <a href=\"mailto:gam@duck.com\">gam@duck.com<\/a>. Estaremos encantados de hablar de las posibles oportunidades de colaboraci\u00f3n, responder a sus preguntas y facilitarle la informaci\u00f3n necesaria para empezar.<\/p>\n<p><strong>Conclusi\u00f3n:<\/strong><br \/>\nNo se pierda esta extraordinaria oportunidad de combinar su influencia con el mundo en r\u00e1pido crecimiento de las NFT, los ordinales y el arte digital. \u00danase a nosotros para revolucionar la industria del arte y dar forma al futuro de la expresi\u00f3n creativa. Juntos, podemos crear un viaje inolvidable, inspirar a innumerables personas y dejar un impacto duradero en el mundo del arte. P\u00f3ngase en contacto con nosotros hoy mismo y embarqu\u00e9monos juntos en esta apasionante aventura.<\/p>","protected":false},"excerpt":{"rendered":"<p>Join Our Exclusive Team of Influencers and Unleash the Power of Digital Art, NFTs and Ordinals! Introduction: Welcome to an exciting opportunity that combines the worlds of digital art, NFTs, and influencer marketing! We are thrilled to announce that we are actively seeking talented influencers to collaborate with us in promoting our groundbreaking collection of [&hellip;]<\/p>","protected":false},"author":1,"featured_media":0,"parent":0,"menu_order":0,"comment_status":"closed","ping_status":"closed","template":"","meta":{"footnotes":""},"class_list":["post-422","page","type-page","status-publish","hentry"],"_links":{"self":[{"href":"https:\/\/gambocco.com\/es\/wp-json\/wp\/v2\/pages\/422","targetHints":{"allow":["GET"]}}],"collection":[{"href":"https:\/\/gambocco.com\/es\/wp-json\/wp\/v2\/pages"}],"about":[{"href":"https:\/\/gambocco.com\/es\/wp-json\/wp\/v2\/types\/page"}],"author":[{"embeddable":true,"href":"https:\/\/gambocco.com\/es\/wp-json\/wp\/v2\/users\/1"}],"replies":[{"embeddable":true,"href":"https:\/\/gambocco.com\/es\/wp-json\/wp\/v2\/comments?post=422"}],"version-history":[{"count":0,"href":"https:\/\/gambocco.com\/es\/wp-json\/wp\/v2\/pages\/422\/revisions"}],"wp:attachment":[{"href":"https:\/\/gambocco.com\/es\/wp-json\/wp\/v2\/media?parent=422"}],"curies":[{"name":"wp","href":"https:\/\/api.w.org\/{rel}","templated":true}]}}