{"id":384,"date":"2023-07-29T12:55:58","date_gmt":"2023-07-29T10:55:58","guid":{"rendered":"https:\/\/gambocco.com\/?page_id=384"},"modified":"2023-09-13T08:41:54","modified_gmt":"2023-09-13T06:41:54","slug":"roadmap","status":"publish","type":"page","link":"https:\/\/gambocco.com\/fr\/feuille-de-route\/","title":{"rendered":"Feuille de route"},"content":{"rendered":"<p>&nbsp;<\/p>\n<h2 style=\"text-align: center;\">Pr\u00e9sentation de ROADMAP 1.0 NFTs &amp; Ordinals : Votre chemin vers la richesse et l'ind\u00e9pendance durables. Rejoignez notre initiative communautaire et lib\u00e9rez le pouvoir de la libert\u00e9 financi\u00e8re.<\/h2>\n<p>&nbsp;<\/p>\n<p>Participez \u00e0 notre mission qui consiste \u00e0 r\u00e9compenser les d\u00e9tenteurs de NFT et \u00e0 leur donner les moyens d'\u00eatre autonomes.<\/p>\n<p>D\u00e9couvrez l'ultime feuille de route qui non seulement g\u00e9n\u00e8re de la richesse mais vous offre \u00e9galement le pr\u00e9cieux cadeau du temps et de la libert\u00e9.<\/p>\n<p>Investissez dans notre plateforme communautaire et soyez t\u00e9moin du pouvoir de transformation de la prosp\u00e9rit\u00e9 collective.<\/p>\n<p><em>*Veuillez noter que nos feuilles de route sont con\u00e7ues pour s'adapter et \u00e9voluer, afin de garantir une valeur maximale \u00e0 notre communaut\u00e9 d\u00e9vou\u00e9e.<\/em><\/p>","protected":false},"excerpt":{"rendered":"<p>&nbsp; Introducing ROADMAP 1.0 NFTs &amp; Ordinals: Your Pathway to Sustainable Wealth and Independence. Join our community-driven initiative and unlock the power of financial freedom. &nbsp; Become a part of our mission to reward NFT holders and empower you to achieve self-sufficiency. Discover the ultimate roadmap that not only generates wealth but also grants you [&hellip;]<\/p>","protected":false},"author":1,"featured_media":0,"parent":0,"menu_order":0,"comment_status":"closed","ping_status":"closed","template":"","meta":{"footnotes":""},"class_list":["post-384","page","type-page","status-publish","hentry"],"_links":{"self":[{"href":"https:\/\/gambocco.com\/fr\/wp-json\/wp\/v2\/pages\/384","targetHints":{"allow":["GET"]}}],"collection":[{"href":"https:\/\/gambocco.com\/fr\/wp-json\/wp\/v2\/pages"}],"about":[{"href":"https:\/\/gambocco.com\/fr\/wp-json\/wp\/v2\/types\/page"}],"author":[{"embeddable":true,"href":"https:\/\/gambocco.com\/fr\/wp-json\/wp\/v2\/users\/1"}],"replies":[{"embeddable":true,"href":"https:\/\/gambocco.com\/fr\/wp-json\/wp\/v2\/comments?post=384"}],"version-history":[{"count":0,"href":"https:\/\/gambocco.com\/fr\/wp-json\/wp\/v2\/pages\/384\/revisions"}],"wp:attachment":[{"href":"https:\/\/gambocco.com\/fr\/wp-json\/wp\/v2\/media?parent=384"}],"curies":[{"name":"wp","href":"https:\/\/api.w.org\/{rel}","templated":true}]}}