{"id":122,"date":"2023-07-13T10:08:24","date_gmt":"2023-07-13T08:08:24","guid":{"rendered":"https:\/\/gambocco.com\/?page_id=122"},"modified":"2023-09-08T09:42:28","modified_gmt":"2023-09-08T07:42:28","slug":"my-story","status":"publish","type":"page","link":"https:\/\/gambocco.com\/hu\/my-story\/","title":{"rendered":"Az \u00e9n t\u00f6rt\u00e9netem"},"content":{"rendered":"<p>&nbsp;<\/p>\n<h2>A t\u00f6rt\u00e9net<\/h2>\n<p>Szenved\u00e9lyes h\u00e1tizs\u00e1kos utaz\u00f3 vagyok, aki \u00faj embereket, kult\u00far\u00e1kat \u00e9s t\u00e1jakat szeretne felfedezni. A felfedez\u00e9s \u00e9s az \u00faj ismeretek megszerz\u00e9s\u00e9nek izgalma az, ami hajt. 2007 \u00f3ta sz\u00e1mos utaz\u00e1son vettem r\u00e9szt, \u00e9s az utaz\u00e1s ir\u00e1nti szeretetem csak fokoz\u00f3dott, amikor Gambi\u00e1ban \u00e9s Marokk\u00f3ban j\u00e1rtam, innen ered a m\u0171v\u00e9sznevem, @gambocco.<\/p>\n<p>Amikor a vil\u00e1gj\u00e1rv\u00e1ny kit\u00f6rt, azon kaptam magam, hogy azon gondolkodom, hogyan tehetn\u00e9m hat\u00e9konyabb\u00e1 \u00e9s hat\u00e1sosabb\u00e1 az \u00e9letemet. M\u00e9lyen legbel\u00fcl tudtam, hogy a j\u00f3s\u00e1got \u00e9s a pozitivit\u00e1st szeretn\u00e9m megosztani mindenkivel sz\u00e9lesebb k\u00f6rben. A COVID-19 \u00e1ltal el\u0151\u00edrt korl\u00e1toz\u00e1sok ellen\u00e9re a v\u00e1gyam, hogy kapcsolatba l\u00e9pjek m\u00e1sokkal \u00e9s szoci\u00e1lisabb\u00e1 v\u00e1ljak, tov\u00e1bbra is megmaradt. Ebben az id\u0151ben botlottam bele a blokkl\u00e1nc technol\u00f3gi\u00e1ba \u00e9s annak a digit\u00e1lis m\u0171v\u00e9szettel val\u00f3 integr\u00e1ci\u00f3j\u00e1ba az NFT-k (Non-Fungible Tokens) r\u00e9v\u00e9n.<\/p>\n<p>Azonnal r\u00e1j\u00f6ttem, hogy ez az \u00e9n lehet\u0151s\u00e9gem, hogy valami nagyobb dolog r\u00e9szese legyek, \u00e9s hozz\u00e1j\u00e1ruljak a vil\u00e1g fejl\u0151d\u00e9s\u00e9hez. Ennek az \u00faj technol\u00f3gi\u00e1nak a sz\u00e9ps\u00e9ge abban rejlik, hogy a digit\u00e1lis m\u0171v\u00e9szek \u00e9s k\u00f6vet\u0151ik sz\u00e1m\u00e1ra egyar\u00e1nt lehet\u0151v\u00e9 teszi a digit\u00e1lis m\u0171v\u00e9szek \u00e9s k\u00f6vet\u0151ik munk\u00e1j\u00e1t. Az eg\u00e9sz arr\u00f3l sz\u00f3l, hogy val\u00f3ban visszaadjuk a k\u00f6z\u00f6ss\u00e9gnek.<\/p>\n<p>Igaz\u00e1n izgatott vagyok a blokkl\u00e1nc \u00e9s az NFT-k \u00e1ltal k\u00edn\u00e1lt lehet\u0151s\u00e9gek miatt. M\u0171v\u00e9szk\u00e9nt \u00fagy l\u00e1tom, hogy ez nem csak a szem\u00e9lyes fejl\u0151d\u00e9s lehet\u0151s\u00e9g\u00e9t jelenti, hanem azt is, hogy egyedi \u00e9s tartalmas \u00e9lm\u00e9nyt ny\u00fajthatok a k\u00f6z\u00f6ns\u00e9gemnek. Alkot\u00e1saimon kereszt\u00fcl c\u00e9lom, hogy inspir\u00e1ljak \u00e9s felemeljek m\u00e1sokat, el\u0151seg\u00edtve az \u00f6sszetartoz\u00e1s \u00e9s a pozitivit\u00e1s \u00e9rz\u00e9s\u00e9t.<\/p>\n<p>Csatlakozz hozz\u00e1m ezen a hihetetlen utaz\u00e1son, mik\u00f6zben a blokkl\u00e1nc, a digit\u00e1lis m\u0171v\u00e9szet \u00e9s az NFT-k erej\u00e9t \u00e9lvezz\u00fck. Hozz\u00e1j\u00e1ruljunk egy\u00fctt egy jobb vil\u00e1ghoz, amely tele van kreativit\u00e1ssal, k\u00f6z\u00f6ss\u00e9ggel \u00e9s val\u00f3di kapcsolatokkal. K\u00f6sz\u00f6n\u00f6m, hogy r\u00e9szesei vagytok ennek a kalandnak!<\/p>\n<p>&nbsp;<\/p>\n<h2>Tetszik a t\u00f6rt\u00e9netem?<\/h2>\n<div class='pixelovely_testimonial'><p>Gambocco kiv\u00e1l\u00f3 besz\u00e9lget\u0151partner volt a h\u00e9tv\u00e9ge folyam\u00e1n, \u00e9s j\u00f3 volt megmutatni neki a kedvenc osl\u00f3i helyeimet, \u00e9s l\u00e1tni a reakci\u00f3j\u00e1t r\u00e1juk. Az az \u00f6tlete, hogy a vil\u00e1g m\u00e1s t\u00e1jair\u00f3l hozott mag\u00e1val te\u00e1t \u00e9s m\u00e9zet, hogy megoszthassuk egym\u00e1ssal, olyan koncepci\u00f3, amelyet a saj\u00e1t utaz\u00e1saim sor\u00e1n is alkalmazni fogok. K\u00f6sz\u00f6n\u00f6m Gambocc\u00f3nak az egy\u00fctt t\u00f6lt\u00f6tt id\u0151t, \u00e9s minden j\u00f3t k\u00edv\u00e1nok neki a j\u00f6v\u0151beli utaz\u00e1saihoz \u00e9s projektjeihez.<\/p><span class='pixelovely_testimonial_attribution'>- Raymond M. Kristansen Norv\u00e9gi\u00e1b\u00f3l<\/span><\/div><div class='pixelovely_testimonial'><p>\u00e9n olyan szerencs\u00e9s vagyok, hogy tal\u00e1lkozom valakivel, mint gambocco, \u0151 kedves sr\u00e1c, olyan tiszteletteljesen \u00e9s az eg\u00e9sz csal\u00e1dom szeretem \u0151t annyira rem\u00e9lem, hogy \u0151 m\u00e1r t\u00f6lt\u00f6tt nagy id\u0151t itt Tozeur \u00e9s l\u00e1tni a sz\u00e9ps\u00e9g az \u00e9n orsz\u00e1gom. ha mondhatom, hogy \u0151 most az egyik legjobb bar\u00e1tom is egy a csal\u00e1domban<\/p><span class='pixelovely_testimonial_attribution'>- Khaled Hammadi Tun\u00e9zi\u00e1b\u00f3l<\/span><\/div><div class='pixelovely_testimonial'><p>\u00dcdv\u00f6z\u00f6lj\u00fck Everytime Bro <br \/>\r\nGambocco \u00far nagyon tapasztalt az utaz\u00e1s ter\u00e9n \u00e9s j\u00f3 gondolkod\u00e1s\u00fa ember.<br \/>\r\nRem\u00e9lem, hogy a sz\u00fcl\u0151v\u00e1ros\u00e1ban t\u00f6lthetek vele id\u0151t.<\/p><span class='pixelovely_testimonial_attribution'>- Ustaz Niaz \u00far Pakiszt\u00e1nb\u00f3l<\/span><\/div><div class='pixelovely_testimonial'><p>Szia<br \/>\r\nIgaz\u00e1n \u00e9rdekes szem\u00e9ly thanx bro u r csod\u00e1latos<br \/>\r\nAmi u minden j\u00f3t<\/p><span class='pixelovely_testimonial_attribution'>- Skander Chebbi Tun\u00e9zi\u00e1b\u00f3l<\/span><\/div><div class='pixelovely_testimonial'><p>T\u00e9nyleg mit tudn\u00e9k mondani r\u00f3la , m\u00e9g a j\u00f3 szavakkal nem lehet le\u00edrni \u0151t , \u0151 egy nagyon j\u00f3 , bar\u00e1ts\u00e1gos , nagyon egyszer\u0171 , keres j\u00f3 bar\u00e1tokat , m\u00e9g az otthonodban , ha nem j\u00f3 a szeg\u00e9ly \u0151 j\u00f6n, hogy tudja, mint egy testv\u00e9r , a legjobb dolog, hogy \u0151 el\u00e9gedett form\u00e1ban mindent . rem\u00e9lem, hogy l\u00e1togasson el Aswan M\u00e1skor Gambocco \u00d6n sz\u00edvesen b\u00e1rmikor ez csak az otthonodban Brother .<\/p><span class='pixelovely_testimonial_attribution'>- (Hamarosan Dr.) Ahmed Amgad Egyiptomb\u00f3l<\/span><\/div><div class='pixelovely_testimonial'><p>Kor\u00e1bban nem tal\u00e1lkoztam Gambocc\u00f3val, de amikor tal\u00e1lkoztam vele, \u00fagy \u00e9reztem, mintha m\u00e1r sok \u00e9vvel ezel\u0151ttr\u0151l ismern\u00e9m \u0151t.<br \/>\r\nGambocco egy k\u00fcl\u00f6nleges spiritu\u00e1lis tapasztalattal rendelkezik, \u00e9s azt hiszem, hogy sok k\u00e9rd\u00e9sben k\u00f6zel \u00e1llunk egym\u00e1shoz.<br \/>\r\nBar\u00e1ts\u00e1gos, kedves \u00e9s udvarias, szeretn\u00e9k \u00fajra tal\u00e1lkozni vele.<\/p><span class='pixelovely_testimonial_attribution'>- Almeqdad Jord\u00e1ni\u00e1b\u00f3l<\/span><\/div><div class='pixelovely_testimonial'><p>Gambocco egy nagyon j\u00f3 ember, \u00fagy \u00e9rzem, tal\u00e1lkozom vele, mivel egy hossz\u00fa periode, megk\u00e9rem \u0151t, hogy menj\u00fcnk egy\u00fctt fesztiv\u00e1l Douz, \u0151 egyet\u00e9rt, \u00e9s kapunk egy nagy id\u0151 tele szeretet \u00e9s \u00e9lvezze a bar\u00e1taimmal Szahar\u00e1ban<br \/>\r\nk\u00f6sz\u00f6n\u00f6m m\u00e9g egyszer, \u00e9s \u00e9n Rem\u00e9lem, hogy l\u00e1tlak , a h\u00e1zam nyitva \u00e1ll el\u0151tted b\u00e1rmikor testv\u00e9rem<\/p><span class='pixelovely_testimonial_attribution'>- Bilel Turki Tun\u00e9zi\u00e1b\u00f3l<\/span><\/div><div class='pixelovely_testimonial'><p>\u00c9n fogadott gambocco egy napra \u0151 egy nagyon csod\u00e1latos ember kedves \u00e9s seg\u00edt\u0151k\u00e9sz \u0151 adott nekem egy csom\u00f3 tippet \u00e9s inform\u00e1ci\u00f3t, \u00e9s elment\u00fcnk, hogy felfedezz\u00e9k a v\u00e1rost, \u00e9s enni a helyi \u00e9teleket egy\u00fctt, \u00e9s \u00faj emberekkel tal\u00e1lkozni volt, mintha volt k\u00e9t csod\u00e1latos nap \u0151 a bar\u00e1tom, mint a testv\u00e9rem, \u0151 szerette \u0151t, \u00e9s szerettem id\u0151t t\u00f6lteni vele. V\u00e1rlak \u00fajra a h\u00e1zadn\u00e1l, testv\u00e9r. Rem\u00e9lem j\u00f3l vagy. Mindig \u00e9rezd j\u00f3l magad. \ud83d\ude0d\ud83d\ude0dMindenkinek aj\u00e1nlom<\/p><span class='pixelovely_testimonial_attribution'>- Abdul Rahman Saeed Egyiptomb\u00f3l<\/span><\/div><div class='pixelovely_testimonial'><p>Mikor tervezi, hogy visszamegy Marokk\u00f3ba? Tudom, hogy szeretn\u00e9k veled Marokk\u00f3ba menni, \u00e9s tudom, hogy szeretn\u00e9k veled T\u00fcrkiy\u00e9be menni, de ha hamarabb m\u00e9sz Marokk\u00f3ba, sz\u00f3lj, \u00e9s megl\u00e1tom, hogy el tudok-e j\u00f6nni. Alig v\u00e1rom, hogy hamarosan besz\u00e9lj\u00fcnk \u00e9s \u00fajra veled utazzunk. Te vagy a legjobb \u00fatit\u00e1rsam, aki valaha is volt.<\/p><span class='pixelovely_testimonial_attribution'>- Sir John (80yrs) from United States of America<\/span><\/div><div class='pixelovely_testimonial'><p>Tal\u00e1lkoztam gambocco Asszu\u00e1nban, \u00e9s \u00e9lvezt\u00fck az egy\u00fctt t\u00f6lt\u00f6tt id\u0151t, \u0151 egy okos \u00e9s kedves ember, sz\u00e9les k\u00f6r\u0171 tapasztalattal az \u00e9letben, \u00e9s szeret tanulni m\u00e1s kult\u00far\u00e1kr\u00f3l, egy\u00fctt ment\u00fcnk focizni, megl\u00e1togattuk Elephantine sziget\u00e9t \u00e9s a n\u00f6v\u00e9nyek sziget\u00e9t, \u00e9s felm\u00e1sztunk a Mount Abu El Hawa-ra, \u00e9s megn\u00e9zt\u00fck a naplement\u00e9t, aj\u00e1nlom mindenkinek, hogy fogadjon vagy tal\u00e1lkozzon vele.<\/p><span class='pixelovely_testimonial_attribution'>- Hussien Dahab Egyiptomb\u00f3l<\/span><\/div><div class='pixelovely_testimonial'><p>J\u00f3l \u00e9reztem magam Gambocc\u00f3val, \u00e9s izgalmas besz\u00e9lget\u00e9st folytattunk az utaz\u00e1si \u00e9lm\u00e9nyeir\u0151l. Bar\u00e1ts\u00e1gos, kedves \u00e9s okos ember, \u00e9s a t\u00e1rsas\u00e1ga mindig \u00e9rt\u00e9kes.<\/p><span class='pixelovely_testimonial_attribution'>- Ahmed Izlandr\u00f3l, eredetileg Egyiptomb\u00f3l<\/span><\/div><div class='pixelovely_testimonial'><p>Gambocco olyan kedves \u00e9s tiszteletteljes ember, \u00edgy hi\u00e1nyzik neki<\/p><span class='pixelovely_testimonial_attribution'>- Ustaz Niaz \u00far Pakiszt\u00e1nb\u00f3l<\/span><\/div><div class='pixelovely_testimonial'><p>Gambocc\u00f3val Dubaiban tal\u00e1lkoztam, Harry l\u00e1tott minket vend\u00e9g\u00fcl. M\u00e9g ha nagyon r\u00f6vid volt is a tal\u00e1lkoz\u00f3, nagyon kedves, bar\u00e1ts\u00e1gos \u00e9s m\u0171velt fick\u00f3nak t\u0171nt. Sok sikert k\u00edv\u00e1nok neki az elk\u00f6vetkez\u0151 utaz\u00e1saihoz. <br \/>\r\nRem\u00e9lem, hogy tal\u00e1lkozunk valahol, \u00e9s t\u00f6bb id\u0151t.<\/p><span class='pixelovely_testimonial_attribution'>- Farrukh T\u00e1dzsikiszt\u00e1nb\u00f3l<\/span><\/div><div class='pixelovely_testimonial'><p>Gambocco az egyik oka annak, hogy haszn\u00e1lom ezt az alkalmaz\u00e1st , igaz\u00e1n j\u00f3 \u00e9lm\u00e9nyt ny\u00fajt a fogad\u00f3ja. <br \/>\r\n<br \/>\r\nEz a sr\u00e1c tele van kult\u00far\u00e1val , tud\u00e1ssal , \u00f6tletekkel ..sok orsz\u00e1gban \u00e9l, \u00edgy sok helyi t\u00f6rt\u00e9netet tud mes\u00e9lni utaz\u00e1si tr\u00fckk\u00f6kr\u0151l \u00e9s tr\u00fckk\u00f6kr\u0151l a falvakr\u00f3l \u00e9s a v\u00e1rosokr\u00f3l ..k\u00e9sz\u00edtettem egy hossz\u00fa tennival\u00f3 list\u00e1t a t\u00f6rt\u00e9netei alapj\u00e1n .<br \/>\r\n<br \/>\r\nM\u00e1s, hogy \u0151 nagyon bar\u00e1ts\u00e1gos k\u00f6nnyen megy, voltunk iftar egy\u00fctt Abu Dhabi &amp; volt sok l\u00f3g\u00e1sok k\u00f6r\u00fcl reem sziget. <br \/>\r\n<br \/>\r\n\u00c9n biztosan h\u00e1zigazda \u0151t \u00fajra, \u00e9s k\u00e9rem, ha volt es\u00e9lye, hogy tal\u00e1lkozzon - host l\u00f3gni ezzel a sr\u00e1cok k\u00e9rj\u00fck, ne hagyja ki az es\u00e9lyt, \u00e9s akkor k\u00e9s\u0151bb megk\u00f6sz\u00f6nni nekem .<br \/>\r\n<br \/>\r\n\u00dcdv\u00f6z\u00f6lj\u00fck b\u00e1rmikor testv\u00e9r \ud83d\ude4f\ud83c\udffb<\/p><span class='pixelovely_testimonial_attribution'>- Salam az Egyes\u00fclt Arab Em\u00edrs\u00e9gekb\u0151l, eredetileg Alg\u00e9ria<\/span><\/div><div class='pixelovely_testimonial'><p>Gambocco csod\u00e1latos szem\u00e9lyis\u00e9g, nagyon udvarias, szer\u00e9ny \u00e9s mindig mosolyog. Nagyon j\u00f3l \u00e9reztem magam vele, \u00e9s elvittem a Badshahi mecsetbe, a nagyobb Iqbal parkba, Allama Iqbal s\u00edrj\u00e1hoz \u00e9s a h\u00edres \u00e9lelmiszer utc\u00e1ba. Elment\u00fcnk a Bahria town nagy mecset\u00e9be \u00e9s az Eiffel-toronyba is, amit nagyon \u00e9lvezett. Sok sikert k\u00edv\u00e1nok neki a j\u00f6v\u0151beli terveihez, \u00e9s mindig maradjon biztons\u00e1gban \u00e9s eg\u00e9szs\u00e9gben. Tal\u00e1lkozunk m\u00e9g valahol a vil\u00e1gban. Isten \u00e1ldjon meg, bar\u00e1tom. Eg\u00e9szs\u00e9gedre \ud83d\ude42 .<\/p><span class='pixelovely_testimonial_attribution'>- Nawiz Pakiszt\u00e1nb\u00f3l<\/span><\/div><div class='pixelovely_testimonial'><p>kedves bar\u00e1t.<\/p><span class='pixelovely_testimonial_attribution'>- Ahmed Marokk\u00f3b\u00f3l<\/span><\/div><div class='pixelovely_testimonial'><p>Gambocco egy kedves, \u00e9rtelmes \u00e9s bar\u00e1ts\u00e1gos ember, sok utaz\u00e1si tapasztalattal \u00e9s t\u00f6rt\u00e9nelmi inform\u00e1ci\u00f3kkal. J\u00f3 volt tal\u00e1lkozni \u00e9s egy\u00fctt l\u00f3gni vele a tart\u00f3zkod\u00e1s alatt. Nagyon aj\u00e1nlom a vend\u00e9gl\u00e1t\u00e1s\u00e1t.<\/p><span class='pixelovely_testimonial_attribution'>- Nitin Indi\u00e1b\u00f3l<\/span><\/div><div class='pixelovely_testimonial'><p>Gambocc\u00f3val r\u00f6vid dubaji \u00fatja sor\u00e1n tal\u00e1lkoztam. Soha nem volt alkalmam vend\u00e9g\u00fcl l\u00e1tni, de soha nem b\u00e1ntam meg, hogy egy ilyen csod\u00e1latos emberrel l\u00f3ghattam egy\u00fctt. Egy\u00fctt t\u00f6lt\u00f6tt\u00fcnk egy kis id\u0151t, \u00e9s elment\u00fcnk a Global Village-be. Besz\u00e9lgett\u00fcnk a kor\u00e1bbi kalandjair\u00f3l k\u00fcl\u00f6nb\u00f6z\u0151 orsz\u00e1gokban \u00e9s m\u00e9g sok m\u00e1s informat\u00edv besz\u00e9lget\u00e9sr\u0151l. Gambocco egy nagyszer\u0171 ember, tele pozit\u00edv vibr\u00e1l\u00e1ssal, nyitott \u00e9s sz\u00f3rakoztat\u00f3 t\u00e1rsas\u00e1g. Nagyon j\u00f3l \u00e9rezt\u00fck magunkat egy\u00fctt, \u00e9s \u00f6r\u00fcl\u00f6k, hogy bar\u00e1tra leltem benne. K\u00edv\u00e1nok minden j\u00f3t az \u00e9letben, \u00e9s \u00e9rje el, amire v\u00e1gyik az \u00e9letben.<br \/>\r\nRem\u00e9lem, hamarosan \u00fajra tal\u00e1lkozunk a vil\u00e1g b\u00e1rmely r\u00e9sz\u00e9n!<\/p><span class='pixelovely_testimonial_attribution'>- Reeno from Philippines<\/span><\/div><div class='pixelovely_testimonial'><p>Gambocco nagyon bar\u00e1ts\u00e1gos, kedves ember volt, nagyon \u00e9lveztem a vele folytatott besz\u00e9lget\u00e9st mindenr\u0151l, amit csin\u00e1lt. Nagyon nagy tud\u00e1ssal rendelkezik mindenr\u0151l.<\/p><span class='pixelovely_testimonial_attribution'>- Mohammed Sza\u00fad-Ar\u00e1bi\u00e1b\u00f3l<\/span><\/div><div class='pixelovely_testimonial'><p>\u00d6r\u00f6m volt vend\u00e9g\u00fcl l\u00e1tni a Gambocc\u00f3t.<br \/>\r\nKellemes besz\u00e9lget\u00e9st folytatunk a vil\u00e1g \u00f6sszes probl\u00e9m\u00e1j\u00e1r\u00f3l, \u00e9s arra a k\u00f6vetkeztet\u00e9sre jutunk, hogy az utaz\u00e1s a legjobb megold\u00e1s minden probl\u00e9m\u00e1dra.<br \/>\r\nNagyon \u00f6r\u00fcl\u00f6k, hogy tal\u00e1lkoztam vele<\/p><span class='pixelovely_testimonial_attribution'>- Bilel Chabchoub Tun\u00e9zi\u00e1b\u00f3l<\/span><\/div><div class='pixelovely_testimonial'><p>Gambocco volt az egyik legjobb ember, akivel valaha tal\u00e1lkoztam.<\/p><span class='pixelovely_testimonial_attribution'>- Kareem Sza\u00fad-Ar\u00e1bi\u00e1b\u00f3l<\/span><\/div><div class='pixelovely_testimonial'><p>Sz\u00e9p Parsons<\/p><span class='pixelovely_testimonial_attribution'>- Assim Jord\u00e1ni\u00e1b\u00f3l<\/span><\/div><div class='pixelovely_testimonial'><p>Gambocco-t egy \u00e9jszak\u00e1ra vend\u00e9g\u00fcl l\u00e1ttuk, \u00e9s \u0151 volt a t\u00f6k\u00e9letes h\u00e1zigazda, akivel valaha is tal\u00e1lkozhatsz.<br \/>\r\n\u0150 nagyon udvarias, besz\u00e9des \u00e9s meleg szem\u00e9ly nagy sz\u00edvvel. Kellemes id\u0151t t\u00f6lt\u00f6tt\u00fcnk egy\u00fctt, \u00e9s sok t\u00f6rt\u00e9netet \u00e9s \u00f6tletet osztottunk meg egym\u00e1ssal.<br \/>\r\nNe habozzon, hogy Gambocco h\u00e1zigazd\u00e1ja, \u0151 t\u00e9nyleg t\u00f6k\u00e9letes!<\/p><span class='pixelovely_testimonial_attribution'>- Nefaa &amp; Abir Tun\u00e9zi\u00e1b\u00f3l<\/span><\/div><div class='pixelovely_testimonial'><p>\u00d6r\u00f6m\u00f6mre szolg\u00e1lt, hogy Sza\u00fad-Ar\u00e1bi\u00e1ban tal\u00e1lkoztam Gambocc\u00f3val. \u00c9rdekes \u00e9s szel\u00edd ember, aki rengeteg t\u00f6rt\u00e9netet tud mes\u00e9lni. Egy\u00fctt t\u00far\u00e1ztunk, \u00e9s lehet\u0151s\u00e9g\u00fcnk volt nagyon k\u00fcl\u00f6nb\u00f6z\u0151 t\u00e9m\u00e1kr\u00f3l besz\u00e9lgetni. Rem\u00e9lem, hamarosan tal\u00e1lkozunk itt Sza\u00fad-Ar\u00e1bi\u00e1ban, D\u00e1ni\u00e1ban vagy m\u00e1shol\ud83d\udc4d.<\/p><span class='pixelovely_testimonial_attribution'>- Daniel Spanyolorsz\u00e1gb\u00f3l<\/span><\/div>","protected":false},"excerpt":{"rendered":"<p>&nbsp; The story I am a passionate backpacker who thrives on discovering new people, cultures, and landscapes. The thrill of exploring and gaining new knowledge is what drives me. Since 2007, I have embarked on numerous trips, and my love for travel only intensified when I ventured to Gambia and Morocco, hence my artist name, [&hellip;]<\/p>","protected":false},"author":1,"featured_media":0,"parent":0,"menu_order":0,"comment_status":"closed","ping_status":"closed","template":"","meta":{"footnotes":""},"class_list":["post-122","page","type-page","status-publish","hentry"],"_links":{"self":[{"href":"https:\/\/gambocco.com\/hu\/wp-json\/wp\/v2\/pages\/122","targetHints":{"allow":["GET"]}}],"collection":[{"href":"https:\/\/gambocco.com\/hu\/wp-json\/wp\/v2\/pages"}],"about":[{"href":"https:\/\/gambocco.com\/hu\/wp-json\/wp\/v2\/types\/page"}],"author":[{"embeddable":true,"href":"https:\/\/gambocco.com\/hu\/wp-json\/wp\/v2\/users\/1"}],"replies":[{"embeddable":true,"href":"https:\/\/gambocco.com\/hu\/wp-json\/wp\/v2\/comments?post=122"}],"version-history":[{"count":0,"href":"https:\/\/gambocco.com\/hu\/wp-json\/wp\/v2\/pages\/122\/revisions"}],"wp:attachment":[{"href":"https:\/\/gambocco.com\/hu\/wp-json\/wp\/v2\/media?parent=122"}],"curies":[{"name":"wp","href":"https:\/\/api.w.org\/{rel}","templated":true}]}}