{"id":422,"date":"2023-08-06T00:07:07","date_gmt":"2023-08-05T22:07:07","guid":{"rendered":"https:\/\/gambocco.com\/?page_id=422"},"modified":"2023-08-06T00:20:41","modified_gmt":"2023-08-05T22:20:41","slug":"influencers","status":"publish","type":"page","link":"https:\/\/gambocco.com\/is\/ahrifavalda\/","title":{"rendered":"\u00c1hrifavaldar: Vertu me\u00f0"},"content":{"rendered":"<h2>Vertu me\u00f0 \u00ed okkar einkarekna teymi \u00e1hrifavalda og leystu \u00far l\u00e6\u00f0ingi kraft stafr\u00e6nnar listar, NFT og Ordinals!<\/h2>\n<p><strong>Inngangur:<\/strong><br \/>\nVeri\u00f0 velkomin \u00ed spennandi t\u00e6kif\u00e6ri sem sameinar heim stafr\u00e6nnar listar, NFTs og \u00e1hrifavalda marka\u00f0ssetningu! Vi\u00f0 erum spennt a\u00f0 tilkynna a\u00f0 vi\u00f0 erum virkir a\u00f0 leita a\u00f0 h\u00e6fileikar\u00edkum \u00e1hrifav\u00f6ldum til a\u00f0 vinna me\u00f0 okkur vi\u00f0 a\u00f0 kynna byltingarkennda safn okkar af NFT, ordinals og stafr\u00e6nni list. Ef \u00fe\u00fa ert a\u00f0 leita a\u00f0 \u00fev\u00ed a\u00f0 vera hluti af n\u00e6stu st\u00f3ru \u00fer\u00f3un \u00ed listaheiminum \u00e1 me\u00f0an \u00fe\u00fa f\u00e6r\u00f0 \u00f3tr\u00faleg ver\u00f0laun, \u00fe\u00e1 er \u00feetta t\u00e6kif\u00e6ri\u00f0 sem \u00fe\u00fa hefur be\u00f0i\u00f0 eftir!<\/p>\n<p><strong>Af hverju a\u00f0 vinna me\u00f0 okkur:<\/strong><br \/>\nBrautry\u00f0jandi \u00ed framt\u00ed\u00f0 listarinnar: Me\u00f0 \u00fev\u00ed a\u00f0 ganga til li\u00f0s vi\u00f0 teymi\u00f0 okkar muntu vera \u00ed fararbroddi stafr\u00e6nu listbyltingarinnar. NFTs hafa gj\u00f6rbylt samskiptum listamanna og safnara og vi\u00f0 viljum a\u00f0 \u00fe\u00fa hj\u00e1lpir okkur a\u00f0 m\u00f3ta framt\u00ed\u00f0ina!<\/p>\n<p>Einst\u00f6k og gr\u00edpandi list: Safni\u00f0 okkar inniheldur fj\u00f6lda d\u00e1lei\u00f0andi stafr\u00e6nna listaverka, hvert me\u00f0 s\u00edna s\u00f6gu og kjarna. Fr\u00e1 sj\u00f3nr\u00e6nt t\u00f6frandi hreyfimyndum til umhugsunarefnis myndefnis, listin okkar er h\u00f6nnu\u00f0 til a\u00f0 t\u00f6fra og virkja \u00e1horfendur \u00e1 \u00fdmsum vettvangi.<\/p>\n<p>\u00c1batasamur tekjum\u00f6guleiki: Vi\u00f0 skiljum gildi \u00e1hrifa \u00feinna og hlutverksins sem \u00fe\u00fa gegnir \u00ed a\u00f0 m\u00f3ta \u00fer\u00f3un. Sem \u00e1hrifama\u00f0ur \u00ed teyminu okkar f\u00e6r\u00f0u t\u00e6kif\u00e6ri til a\u00f0 vinna \u00fe\u00e9r inn umtalsver\u00f0 umbun me\u00f0 \u00fe\u00f3knunarsamstarfi, einkasamstarfi og b\u00f3nushvatningu.<\/p>\n<p>Samstarf: Vi\u00f0 tr\u00faum \u00e1 a\u00f0 efla sterk tengsl vi\u00f0 \u00e1hrifavalda okkar. Me\u00f0 \u00fev\u00ed a\u00f0 vinna saman munum vi\u00f0 veita \u00fe\u00e9r nau\u00f0synleg verkf\u00e6ri, \u00farr\u00e6\u00f0i og stu\u00f0ning til a\u00f0 b\u00faa til gr\u00edpandi efni sem hlj\u00f3mar vel hj\u00e1 \u00e1horfendum \u00fe\u00ednum og eykur s\u00f6lu.<\/p>\n<p>\u00datsetning fyrir bl\u00f3mlegu samf\u00e9lagi: A\u00f0 taka \u00fe\u00e1tt \u00ed teyminu okkar \u00fe\u00fd\u00f0ir a\u00f0 ver\u00f0a hluti af \u00f6flugu samf\u00e9lagi listamanna, safnara og \u00e1hugamanna. \u00de\u00fa munt f\u00e1 t\u00e6kif\u00e6ri til a\u00f0 tengjast einst\u00f6kum einstaklingum, auka umfang \u00feitt og byggja upp \u00feroskandi tengsl innan listarinnar og NFT r\u00fdmisins.<\/p>\n<p><strong>Hvernig \u00e1 a\u00f0 taka \u00fe\u00e1tt:<\/strong><br \/>\nTil a\u00f0 sl\u00e1st \u00ed h\u00f3p \u00e1hrifavalda okkar skaltu einfaldlega hafa samband vi\u00f0 okkur me\u00f0 t\u00f6lvup\u00f3sti: <a href=\"mailto:gam@duck.com\">gam@duck.com<\/a>. Vi\u00f0 munum vera spennt a\u00f0 r\u00e6\u00f0a hugsanleg samstarfst\u00e6kif\u00e6ri, svara \u00f6llum spurningum sem \u00fe\u00fa g\u00e6tir haft og veita \u00fe\u00e9r nau\u00f0synlegar uppl\u00fdsingar til a\u00f0 hefjast handa.<\/p>\n<p><strong>Ni\u00f0ursta\u00f0a:<\/strong><br \/>\nEkki missa af \u00feessu einstaka t\u00e6kif\u00e6ri til a\u00f0 sameina \u00e1hrif \u00fe\u00edn me\u00f0 \u00f6rt vaxandi heimi NFT, ordinals og stafr\u00e6nnar listar. Vertu me\u00f0 okkur \u00feegar vi\u00f0 gerum byltingu \u00ed listi\u00f0na\u00f0inum og m\u00f3tum framt\u00ed\u00f0 skapandi tj\u00e1ningar. Saman getum vi\u00f0 skapa\u00f0 \u00f3gleymanlegt fer\u00f0alag, veitt \u00f3teljandi einstaklingum innbl\u00e1stur og skili\u00f0 eftir varanleg \u00e1hrif \u00e1 listheiminn. Haf\u00f0u samband vi\u00f0 okkur \u00ed dag og vi\u00f0 skulum leggja af sta\u00f0 \u00ed \u00feetta spennandi \u00e6vint\u00fdri saman!<\/p>","protected":false},"excerpt":{"rendered":"<p>Join Our Exclusive Team of Influencers and Unleash the Power of Digital Art, NFTs and Ordinals! Introduction: Welcome to an exciting opportunity that combines the worlds of digital art, NFTs, and influencer marketing! We are thrilled to announce that we are actively seeking talented influencers to collaborate with us in promoting our groundbreaking collection of [&hellip;]<\/p>","protected":false},"author":1,"featured_media":0,"parent":0,"menu_order":0,"comment_status":"closed","ping_status":"closed","template":"","meta":{"footnotes":""},"class_list":["post-422","page","type-page","status-publish","hentry"],"_links":{"self":[{"href":"https:\/\/gambocco.com\/is\/wp-json\/wp\/v2\/pages\/422","targetHints":{"allow":["GET"]}}],"collection":[{"href":"https:\/\/gambocco.com\/is\/wp-json\/wp\/v2\/pages"}],"about":[{"href":"https:\/\/gambocco.com\/is\/wp-json\/wp\/v2\/types\/page"}],"author":[{"embeddable":true,"href":"https:\/\/gambocco.com\/is\/wp-json\/wp\/v2\/users\/1"}],"replies":[{"embeddable":true,"href":"https:\/\/gambocco.com\/is\/wp-json\/wp\/v2\/comments?post=422"}],"version-history":[{"count":0,"href":"https:\/\/gambocco.com\/is\/wp-json\/wp\/v2\/pages\/422\/revisions"}],"wp:attachment":[{"href":"https:\/\/gambocco.com\/is\/wp-json\/wp\/v2\/media?parent=422"}],"curies":[{"name":"wp","href":"https:\/\/api.w.org\/{rel}","templated":true}]}}