{"id":384,"date":"2023-07-29T12:55:58","date_gmt":"2023-07-29T10:55:58","guid":{"rendered":"https:\/\/gambocco.com\/?page_id=384"},"modified":"2023-09-13T08:41:54","modified_gmt":"2023-09-13T06:41:54","slug":"roadmap","status":"publish","type":"page","link":"https:\/\/gambocco.com\/lt\/keliu-zemelapis\/","title":{"rendered":"Keli\u0173 \u017eem\u0117lapis"},"content":{"rendered":"<p>&nbsp;<\/p>\n<h2 style=\"text-align: center;\">Pristatome ROADMAP 1.0 NFT ir ordinarai: J\u016bs\u0173 kelias \u012f tvar\u0173 turt\u0105 ir nepriklausomyb\u0119. Prisijunkite prie m\u016bs\u0173 bendruomen\u0117s inicijuojamos iniciatyvos ir i\u0161laisvinkite finansin\u0117s laisv\u0117s gali\u0105.<\/h2>\n<p>&nbsp;<\/p>\n<p>Prisid\u0117kite prie m\u016bs\u0173 misijos apdovanoti NFT tur\u0117tojus ir suteikti jums galimyb\u0119 siekti savaranki\u0161kumo.<\/p>\n<p>Su\u017einokite pagrindin\u012f plan\u0105, kuris ne tik padeda susikurti gerov\u0119, bet ir dovanoja brang\u0173 laik\u0105 bei laisv\u0119.<\/p>\n<p>Investuokite \u012f m\u016bs\u0173 bendruomen\u0117s platform\u0105 ir \u012fsitikinkite, kad kolektyvin\u0117 gerov\u0117 gali pakeisti situacij\u0105.<\/p>\n<p><em>*Atkreipkite d\u0117mes\u012f, kad m\u016bs\u0173 planai yra sukurti taip, kad b\u016bt\u0173 pritaikomi ir tobulinami, u\u017etikrinant did\u017eiausi\u0105 vert\u0119 m\u016bs\u0173 atsidavusiai bendruomenei.<\/em><\/p>","protected":false},"excerpt":{"rendered":"<p>&nbsp; Introducing ROADMAP 1.0 NFTs &amp; Ordinals: Your Pathway to Sustainable Wealth and Independence. Join our community-driven initiative and unlock the power of financial freedom. &nbsp; Become a part of our mission to reward NFT holders and empower you to achieve self-sufficiency. Discover the ultimate roadmap that not only generates wealth but also grants you [&hellip;]<\/p>","protected":false},"author":1,"featured_media":0,"parent":0,"menu_order":0,"comment_status":"closed","ping_status":"closed","template":"","meta":{"footnotes":""},"class_list":["post-384","page","type-page","status-publish","hentry"],"_links":{"self":[{"href":"https:\/\/gambocco.com\/lt\/wp-json\/wp\/v2\/pages\/384","targetHints":{"allow":["GET"]}}],"collection":[{"href":"https:\/\/gambocco.com\/lt\/wp-json\/wp\/v2\/pages"}],"about":[{"href":"https:\/\/gambocco.com\/lt\/wp-json\/wp\/v2\/types\/page"}],"author":[{"embeddable":true,"href":"https:\/\/gambocco.com\/lt\/wp-json\/wp\/v2\/users\/1"}],"replies":[{"embeddable":true,"href":"https:\/\/gambocco.com\/lt\/wp-json\/wp\/v2\/comments?post=384"}],"version-history":[{"count":0,"href":"https:\/\/gambocco.com\/lt\/wp-json\/wp\/v2\/pages\/384\/revisions"}],"wp:attachment":[{"href":"https:\/\/gambocco.com\/lt\/wp-json\/wp\/v2\/media?parent=384"}],"curies":[{"name":"wp","href":"https:\/\/api.w.org\/{rel}","templated":true}]}}