{"id":122,"date":"2023-07-13T10:08:24","date_gmt":"2023-07-13T08:08:24","guid":{"rendered":"https:\/\/gambocco.com\/?page_id=122"},"modified":"2023-09-08T09:42:28","modified_gmt":"2023-09-08T07:42:28","slug":"my-story","status":"publish","type":"page","link":"https:\/\/gambocco.com\/pl\/moja-historia\/","title":{"rendered":"Moja historia"},"content":{"rendered":"<p>&nbsp;<\/p>\n<h2>Historia<\/h2>\n<p>Jestem pasjonatem podr\u00f3\u017cowania z plecakiem, kt\u00f3ry rozwija si\u0119, odkrywaj\u0105c nowych ludzi, kultury i krajobrazy. Dreszczyk emocji zwi\u0105zany z odkrywaniem i zdobywaniem nowej wiedzy jest tym, co mnie nap\u0119dza. Od 2007 roku odby\u0142em wiele podr\u00f3\u017cy, a moja mi\u0142o\u015b\u0107 do podr\u00f3\u017cowania nasili\u0142a si\u0119, gdy wyruszy\u0142em do Gambii i Maroka, st\u0105d m\u00f3j pseudonim artystyczny @gambocco.<\/p>\n<p>Kiedy wybuch\u0142a globalna pandemia, zastanawia\u0142em si\u0119, jak sprawi\u0107, by moje \u017cycie by\u0142o bardziej efektywne i wp\u0142ywowe. W g\u0142\u0119bi duszy wiedzia\u0142am, \u017ce chc\u0119 dzieli\u0107 si\u0119 dobrem i pozytywnym nastawieniem ze wszystkimi na wi\u0119ksz\u0105 skal\u0119. Pomimo ogranicze\u0144 na\u0142o\u017conych przez COVID-19, moje pragnienie \u0142\u0105czenia si\u0119 z innymi i bycia bardziej towarzyskim utrzymywa\u0142o si\u0119. W tym czasie natkn\u0105\u0142em si\u0119 na technologi\u0119 blockchain i jej integracj\u0119 ze sztuk\u0105 cyfrow\u0105 za po\u015brednictwem NFT (Non-Fungible Tokens).<\/p>\n<p>Natychmiast zda\u0142em sobie spraw\u0119, \u017ce mam okazj\u0119 by\u0107 cz\u0119\u015bci\u0105 czego\u015b wi\u0119kszego i przyczyni\u0107 si\u0119 do ewolucji \u015bwiata. Pi\u0119kno tej nowej technologii polega na jej zdolno\u015bci do wzmocnienia pozycji zar\u00f3wno artyst\u00f3w cyfrowych, jak i ich zwolennik\u00f3w. Chodzi o prawdziwe oddanie spo\u0142eczno\u015bci.<\/p>\n<p>Jestem naprawd\u0119 podekscytowany mo\u017cliwo\u015bciami, jakie daj\u0105 blockchain i NFT. Jako artysta postrzegam to jako spos\u00f3b nie tylko na rozw\u00f3j osobisty, ale tak\u017ce na zapewnienie unikalnego i znacz\u0105cego do\u015bwiadczenia mojej publiczno\u015bci. Poprzez moje kreacje staram si\u0119 inspirowa\u0107 i podnosi\u0107 na duchu innych, wspieraj\u0105c poczucie wsp\u00f3lnoty i pozytywno\u015bci.<\/p>\n<p>Do\u0142\u0105cz do mnie w tej niesamowitej podr\u00f3\u017cy, w kt\u00f3rej wykorzystujemy moc blockchain, sztuki cyfrowej i NFT. Razem przyczy\u0144my si\u0119 do lepszego \u015bwiata, wype\u0142nionego kreatywno\u015bci\u0105, spo\u0142eczno\u015bci\u0105 i prawdziwymi kontaktami. Dzi\u0119kuj\u0119 za bycie cz\u0119\u015bci\u0105 tej przygody!<\/p>\n<p>&nbsp;<\/p>\n<h2>Podoba ci si\u0119 moja historia?<\/h2>\n<div class='pixelovely_testimonial'><p>Naprawd\u0119, co mog\u0119 o nim powiedzie\u0107, nawet dobre s\u0142owa nie mog\u0105 go opisa\u0107, jest naprawd\u0119 dobrym, przyjaznym, bardzo prostym, szukaj\u0105cym dobrych przyjaci\u00f3\u0142, nawet tw\u00f3j dom, je\u015bli nie jest dla niego dobry, pozna ci\u0119 jako brata, najlepsz\u0105 rzecz\u0105, \u017ce jest zadowolony ze wszystkiego. mam nadziej\u0119, \u017ce odwiedzisz Asuan innym razem Gambocco Jeste\u015b mile widziany w ka\u017cdej chwili, to tylko tw\u00f3j dom Bracie.<\/p><span class='pixelovely_testimonial_attribution'>- (Wkr\u00f3tce dr) Ahmed Amgad z Egiptu<\/span><\/div><div class='pixelovely_testimonial'><p>Mia\u0142em przyjemno\u015b\u0107 pozna\u0107 Gambocco w Arabii Saudyjskiej. Jest interesuj\u0105c\u0105 i \u0142agodn\u0105 osob\u0105 z wieloma historiami do opowiedzenia. W\u0119drowali\u015bmy razem i mieli\u015bmy okazj\u0119 przedyskutowa\u0107 bardzo r\u00f3\u017cne tematy. Mam nadziej\u0119, \u017ce zobaczymy si\u0119 wkr\u00f3tce w Arabii Saudyjskiej, Danii lub gdziekolwiek indziej\ud83d\udc4d<\/p><span class='pixelovely_testimonial_attribution'>- Daniel z Hiszpanii<\/span><\/div><div class='pixelovely_testimonial'><p>Gambocco by\u0142 jednym z najlepszych ludzi, jakich kiedykolwiek spotka\u0142em.<\/p><span class='pixelovely_testimonial_attribution'>- Kareem z Arabii Saudyjskiej<\/span><\/div><div class='pixelovely_testimonial'><p>Gambocco jest tak mi\u0142\u0105 i pe\u0142n\u0105 szacunku osob\u0105, \u017ce t\u0119skni\u0119 za nim<\/p><span class='pixelovely_testimonial_attribution'>- Pan Ustaz Niaz z Pakistanu<\/span><\/div><div class='pixelovely_testimonial'><p>Gambocco ma wspania\u0142\u0105 osobowo\u015b\u0107, jest bardzo uprzejmy, skromny i zawsze u\u015bmiechni\u0119ty. Naprawd\u0119 \u015bwietnie si\u0119 z nim bawi\u0142em i zabra\u0142em go do meczetu Badshahi, wi\u0119kszego parku Iqbal, grobowca Allamy Iqbala i s\u0142ynnej ulicy z jedzeniem. Byli\u015bmy te\u017c w wielkim meczecie Bahria Town i na wie\u017cy Eiffla, kt\u00f3ra bardzo mu si\u0119 podoba\u0142a. \u017bycz\u0119 mu wszystkiego najlepszego w jego przysz\u0142ych planach i zawsze b\u0105d\u017a bezpieczny i zdrowy. Do zobaczenia gdzie\u015b na \u015bwiecie. Niech B\u00f3g ci\u0119 b\u0142ogos\u0142awi, przyjacielu \ud83d\ude42<\/p><span class='pixelovely_testimonial_attribution'>- Nawiz z Pakistanu<\/span><\/div><div class='pixelovely_testimonial'><p>Nice Parsons<\/p><span class='pixelovely_testimonial_attribution'>- Assim z Jordanii<\/span><\/div><div class='pixelovely_testimonial'><p>Gambocco by\u0142 naprawd\u0119 przyjaznym, mi\u0142ym cz\u0142owiekiem, naprawd\u0119 podoba\u0142a mi si\u0119 rozmowa z nim o wszystkich rzeczach, kt\u00f3re robi\u0142. Jest bardzo kompetentny we wszystkim.<\/p><span class='pixelovely_testimonial_attribution'>- Mohammed z Arabii Saudyjskiej<\/span><\/div><div class='pixelovely_testimonial'><p>Pozna\u0142em Gambocco w Dubaju, zostali\u015bmy ugoszczeni przez Harry'ego. Nawet je\u015bli by\u0142o to bardzo kr\u00f3tkie spotkanie, wygl\u0105da\u0142 na bardzo mi\u0142ego, przyjaznego i wykszta\u0142conego faceta. \u017bycz\u0119 mu wszystkiego najlepszego w nadchodz\u0105cych podr\u00f3\u017cach. <br \/>\r\nMam nadziej\u0119, \u017ce spotkamy si\u0119 gdzie\u015b i sp\u0119dzimy wi\u0119cej czasu.<\/p><span class='pixelovely_testimonial_attribution'>- Farrukh z Tad\u017cykistanu<\/span><\/div><div class='pixelovely_testimonial'><p>Witamy Everytime Bro <br \/>\r\nPan Gambocco ma du\u017ce do\u015bwiadczenie w podr\u00f3\u017cowaniu i jest osob\u0105 my\u015bl\u0105c\u0105.<br \/>\r\nMam nadziej\u0119 sp\u0119dzi\u0107 z nim czas w jego rodzinnym mie\u015bcie.<\/p><span class='pixelovely_testimonial_attribution'>- Pan Ustaz Niaz z Pakistanu<\/span><\/div><div class='pixelovely_testimonial'><p>Hej<br \/>\r\nNaprawd\u0119 interesuj\u0105ca osoba dzi\u0119ki brox jeste\u015b niesamowity<br \/>\r\nWszystkiego najlepszego<\/p><span class='pixelovely_testimonial_attribution'>- Skander Chebbi z Tunezji<\/span><\/div><div class='pixelovely_testimonial'><p>Spotka\u0142em gambocco w Asuanie i cieszyli\u015bmy si\u0119 naszym wsp\u00f3lnym czasem, jest inteligentn\u0105 i mi\u0142\u0105 osob\u0105 z du\u017cym do\u015bwiadczeniem \u017cyciowym i uwielbia poznawa\u0107 inne kultury, poszli\u015bmy razem gra\u0107 w pi\u0142k\u0119 no\u017cn\u0105, odwiedzili\u015bmy wysp\u0119 Elephantine i wysp\u0119 ro\u015blin i wspi\u0119li\u015bmy si\u0119 na g\u00f3r\u0119 Abu El Hawa i ogl\u0105dali\u015bmy zach\u00f3d s\u0142o\u0144ca, polecam ka\u017cdemu, aby go go\u015bci\u0142 lub spotka\u0142 si\u0119 z nim.<\/p><span class='pixelovely_testimonial_attribution'>- Hussien Dahab z Egiptu<\/span><\/div><div class='pixelovely_testimonial'><p>Kiedy planujesz wr\u00f3ci\u0107 do Maroka? Wiem, \u017ce chc\u0119 pojecha\u0107 z tob\u0105 do Maroka i wiem, \u017ce chc\u0119 pojecha\u0107 z tob\u0105 do T\u00fcrkiye, ale je\u015bli wybierasz si\u0119 do Maroka wcze\u015bniej, daj mi zna\u0107, a zobacz\u0119, czy mog\u0119 odby\u0107 t\u0119 podr\u00f3\u017c. Nie mog\u0119 si\u0119 doczeka\u0107, aby wkr\u00f3tce z Tob\u0105 porozmawia\u0107 i ponownie z Tob\u0105 podr\u00f3\u017cowa\u0107. Jeste\u015b najlepszym partnerem w podr\u00f3\u017cy, jakiego kiedykolwiek mia\u0142em.<\/p><span class='pixelovely_testimonial_attribution'>- Sir John (80 lat) ze Stan\u00f3w Zjednoczonych Ameryki<\/span><\/div><div class='pixelovely_testimonial'><p>Mam szcz\u0119\u015bcie, \u017ce spotka\u0142em kogo\u015b takiego jak Gambocco, jest mi\u0142ym facetem, pe\u0142nym szacunku i ca\u0142a moja rodzina bardzo go lubi. mam nadziej\u0119, \u017ce sp\u0119dzi\u0142 wspania\u0142y czas tutaj w Tozeur i zobaczy\u0142 pi\u0119kno mojego kraju. je\u015bli mog\u0119 powiedzie\u0107, \u017ce jest teraz jednym z moich najlepszych przyjaci\u00f3\u0142, a tak\u017ce jedn\u0105 z moich rodzin.<\/p><span class='pixelovely_testimonial_attribution'>- Khaled Hammadi z Tunezji<\/span><\/div><div class='pixelovely_testimonial'><p>Mi\u0142o sp\u0119dzi\u0142em czas rozmawiaj\u0105c z Gambocco i odbyli\u015bmy fascynuj\u0105c\u0105 rozmow\u0119 o jego do\u015bwiadczeniach z podr\u00f3\u017cy. Jest przyjazn\u0105, mi\u0142\u0105 i inteligentn\u0105 osob\u0105, a jego towarzystwo jest zawsze cenne<\/p><span class='pixelovely_testimonial_attribution'>- Ahmed z Islandii, pierwotnie z Egiptu<\/span><\/div><div class='pixelovely_testimonial'><p>Gambocco jest jednym z powod\u00f3w, dla kt\u00f3rych korzystam z tej aplikacji, naprawd\u0119 dobre do\u015bwiadczenie, aby go go\u015bci\u0107. <br \/>\r\n<br \/>\r\nTen facet jest pe\u0142en kultury, wiedzy, pomys\u0142\u00f3w... Mieszka w wielu krajach, wi\u0119c mo\u017ce opowiedzie\u0107 wiele lokalnych historii, hack\u00f3w podr\u00f3\u017cniczych i sztuczek dotycz\u0105cych wiosek i miast... Zrobi\u0142em d\u0142ug\u0105 list\u0119 rzeczy do zrobienia na podstawie jego historii.<br \/>\r\n<br \/>\r\nPoza tym jest naprawd\u0119 przyjazny i \u0142atwy w prowadzeniu, mieli\u015bmy razem iftar w Abu Zabi i mieli\u015bmy wiele spotka\u0144 na wyspie Reem. <br \/>\r\n<br \/>\r\nZdecydowanie ugo\u015bci\u0142bym go ponownie i prosz\u0119, je\u015bli mia\u0142e\u015b okazj\u0119 spotka\u0107 si\u0119 - hostowa\u0107 hangout z tymi facetami, nie przegap okazji, a podzi\u0119kujesz mi p\u00f3\u017aniej.<br \/>\r\n<br \/>\r\nWitamy w ka\u017cdej chwili bracie \ud83d\ude4f\ud83c\udffb<\/p><span class='pixelovely_testimonial_attribution'>- Salam ze Zjednoczonych Emirat\u00f3w Arabskich, pierwotnie z Algierii<\/span><\/div><div class='pixelovely_testimonial'><p>Nie spotka\u0142em wcze\u015bniej Gambocco, ale kiedy go pozna\u0142em, poczu\u0142em si\u0119, jakbym zna\u0142 go od wielu lat<br \/>\r\nGambocco ma szczeg\u00f3lne do\u015bwiadczenie duchowe i my\u015bl\u0119, \u017ce mamy bliskie pogl\u0105dy na wiele kwestii<br \/>\r\nJest przyjazny, uprzejmy i uprzejmy, chcia\u0142bym go ponownie spotka\u0107<\/p><span class='pixelovely_testimonial_attribution'>- Almeqdad z Jordanii<\/span><\/div><div class='pixelovely_testimonial'><p>Gambocco go\u015bci\u0142 nas przez jedn\u0105 noc i by\u0142 po prostu idealnym gospodarzem, jakiego mo\u017cna kiedykolwiek spotka\u0107<br \/>\r\nJest bardzo uprzejm\u0105, rozmown\u0105 i ciep\u0142\u0105 osob\u0105 o wielkim sercu. Sp\u0119dzili\u015bmy razem mi\u0142o czas i podzielili\u015bmy si\u0119 wieloma historiami i pomys\u0142ami.<br \/>\r\nNie wahaj si\u0119 go\u015bci\u0107 Gambocco, jest naprawd\u0119 doskona\u0142y!<\/p><span class='pixelovely_testimonial_attribution'>- Nefaa &amp; Abir z Tunezji<\/span><\/div><div class='pixelovely_testimonial'><p>Pozna\u0142em gambocco podczas jego kr\u00f3tkiej podr\u00f3\u017cy do Dubaju. Nigdy nie mia\u0142em okazji go go\u015bci\u0107, ale nigdy nie \u017ca\u0142owa\u0142em spotkania z tak wspania\u0142\u0105 osob\u0105. Sp\u0119dzili\u015bmy razem troch\u0119 czasu i poszli\u015bmy do Global Village. Rozmawiali\u015bmy o jego poprzednich przygodach w r\u00f3\u017cnych krajach i przeprowadzili\u015bmy wiele innych pouczaj\u0105cych rozm\u00f3w. Gambocco jest \u015bwietn\u0105 osob\u0105, pe\u0142n\u0105 pozytywnych wibracji, otwart\u0105 i zabawn\u0105. \u015awietnie si\u0119 razem bawili\u015bmy i ciesz\u0119 si\u0119, \u017ce znalaz\u0142em w nim przyjaciela. \u017bycz\u0119 ci wszystkiego najlepszego w \u017cyciu i oby\u015b osi\u0105gn\u0105\u0142 to, czego pragniesz.<br \/>\r\nMam nadziej\u0119, \u017ce wkr\u00f3tce zobaczymy si\u0119 ponownie w dowolnej cz\u0119\u015bci \u015bwiata!<\/p><span class='pixelovely_testimonial_attribution'>- Reeno z Filipin<\/span><\/div><div class='pixelovely_testimonial'><p>mi\u0142y przyjaciel<\/p><span class='pixelovely_testimonial_attribution'>- Ahmed z Maroka<\/span><\/div><div class='pixelovely_testimonial'><p>Gambocco to bardzo dobry cz\u0142owiek, czuj\u0119, \u017ce spotykam si\u0119 z nim od d\u0142u\u017cszego czasu, prosz\u0119 go, aby poszed\u0142 razem na festiwal Douz, zgodzi\u0142 si\u0119 i sp\u0119dzili\u015bmy wspania\u0142y czas pe\u0142en mi\u0142o\u015bci i zabawy z moimi przyjaci\u00f3\u0142mi na Saharze.<br \/>\r\nJeszcze raz dzi\u0119kuj\u0119 i mam nadziej\u0119, \u017ce si\u0119 zobaczymy, m\u00f3j dom JEST otwarty dla ciebie w ka\u017cdej chwili, m\u00f3j bracie<\/p><span class='pixelovely_testimonial_attribution'>- Bilel Turki z Tunezji<\/span><\/div><div class='pixelovely_testimonial'><p>Go\u015bci\u0142em gambocco przez jeden dzie\u0144, jest bardzo wspania\u0142\u0105 osob\u0105, mi\u0142\u0105 i pomocn\u0105, da\u0142 mi wiele wskaz\u00f3wek i informacji, a my poszli\u015bmy odkrywa\u0107 miasto i je\u015b\u0107 lokalne jedzenie razem i poznawa\u0107 nowych ludzi, to by\u0142o tak, jakby\u015bmy mieli dwa wspania\u0142e dni, jest moim przyjacielem jak m\u00f3j brat, kocha\u0142 go i uwielbia\u0142 sp\u0119dza\u0107 z nim czas. Czekam na ciebie w twoim domu, bracie. Mam nadziej\u0119, \u017ce wszystko w porz\u0105dku. Zawsze baw si\u0119 dobrze. \ud83d\ude0d\ud83d\ude0dPolecam wszystkim<\/p><span class='pixelovely_testimonial_attribution'>- Abdul Rahman Saeed z Egiptu<\/span><\/div><div class='pixelovely_testimonial'><p>Gambocco jest mi\u0142\u0105, rozs\u0105dn\u0105 i przyjazn\u0105 osob\u0105 z du\u017cym do\u015bwiadczeniem w podr\u00f3\u017cowaniu i posiadaj\u0105c\u0105 informacje historyczne. Wspaniale by\u0142o go pozna\u0107 i sp\u0119dza\u0107 z nim czas podczas jego pobytu. Gor\u0105co polecam goszczenie go.<\/p><span class='pixelovely_testimonial_attribution'>- Nitin z Indii<\/span><\/div><div class='pixelovely_testimonial'><p>To by\u0142a przyjemno\u015b\u0107 go\u015bci\u0107 Gambocco<br \/>\r\nProwadzimy mi\u0142\u0105 rozmow\u0119 o wszystkich problemach \u015bwiata i dochodzimy do wniosku, \u017ce podr\u00f3\u017cowanie jest najlepszym rozwi\u0105zaniem wszystkich problem\u00f3w<br \/>\r\nBardzo si\u0119 ciesz\u0119, \u017ce go spotka\u0142em<\/p><span class='pixelovely_testimonial_attribution'>- Bilel Chabchoub z Tunezji<\/span><\/div><div class='pixelovely_testimonial'><p>Gambocco by\u0142 doskona\u0142ym partnerem do dyskusji podczas weekendu i fajnie by\u0142o pokaza\u0107 mu moje ulubione miejsca w Oslo i zobaczy\u0107 jego reakcj\u0119 na nie. Jego pomys\u0142 przywiezienia herbaty i miodu z innych podr\u00f3\u017cy dooko\u0142a \u015bwiata, aby\u015bmy mogli si\u0119 nimi podzieli\u0107, jest koncepcj\u0105, kt\u00f3r\u0105 zastosuj\u0119 w moich w\u0142asnych podr\u00f3\u017cach. Dzi\u0119kuj\u0119 Gambocco za wsp\u00f3lnie sp\u0119dzony czas i \u017cycz\u0119 mu wszystkiego najlepszego w jego przysz\u0142ych podr\u00f3\u017cach i projektach.<\/p><span class='pixelovely_testimonial_attribution'>- Raymond M. Kristansen z Norwegii<\/span><\/div>","protected":false},"excerpt":{"rendered":"<p>&nbsp; The story I am a passionate backpacker who thrives on discovering new people, cultures, and landscapes. The thrill of exploring and gaining new knowledge is what drives me. Since 2007, I have embarked on numerous trips, and my love for travel only intensified when I ventured to Gambia and Morocco, hence my artist name, [&hellip;]<\/p>","protected":false},"author":1,"featured_media":0,"parent":0,"menu_order":0,"comment_status":"closed","ping_status":"closed","template":"","meta":{"footnotes":""},"class_list":["post-122","page","type-page","status-publish","hentry"],"_links":{"self":[{"href":"https:\/\/gambocco.com\/pl\/wp-json\/wp\/v2\/pages\/122","targetHints":{"allow":["GET"]}}],"collection":[{"href":"https:\/\/gambocco.com\/pl\/wp-json\/wp\/v2\/pages"}],"about":[{"href":"https:\/\/gambocco.com\/pl\/wp-json\/wp\/v2\/types\/page"}],"author":[{"embeddable":true,"href":"https:\/\/gambocco.com\/pl\/wp-json\/wp\/v2\/users\/1"}],"replies":[{"embeddable":true,"href":"https:\/\/gambocco.com\/pl\/wp-json\/wp\/v2\/comments?post=122"}],"version-history":[{"count":0,"href":"https:\/\/gambocco.com\/pl\/wp-json\/wp\/v2\/pages\/122\/revisions"}],"wp:attachment":[{"href":"https:\/\/gambocco.com\/pl\/wp-json\/wp\/v2\/media?parent=122"}],"curies":[{"name":"wp","href":"https:\/\/api.w.org\/{rel}","templated":true}]}}