{"id":122,"date":"2023-07-13T10:08:24","date_gmt":"2023-07-13T08:08:24","guid":{"rendered":"https:\/\/gambocco.com\/?page_id=122"},"modified":"2023-09-08T09:42:28","modified_gmt":"2023-09-08T07:42:28","slug":"my-story","status":"publish","type":"page","link":"https:\/\/gambocco.com\/pt\/a-minha-historia\/","title":{"rendered":"A minha hist\u00f3ria"},"content":{"rendered":"<p>&nbsp;<\/p>\n<h2>A hist\u00f3ria<\/h2>\n<p>Sou um mochileiro apaixonado que gosta de descobrir novas pessoas, culturas e paisagens. A emo\u00e7\u00e3o de explorar e adquirir novos conhecimentos \u00e9 o que me move. Desde 2007, embarquei em in\u00fameras viagens e o meu amor pelas viagens s\u00f3 se intensificou quando me aventurei na G\u00e2mbia e em Marrocos, da\u00ed o meu nome art\u00edstico, @gambocco.<\/p>\n<p>Quando a pandemia global chegou, dei por mim a refletir sobre a forma de tornar a minha vida mais eficiente e impactante. No fundo, sabia que queria partilhar a bondade e a positividade com todos numa escala maior. Apesar das restri\u00e7\u00f5es impostas pela COVID-19, o meu desejo de me relacionar com os outros e de ser mais social persistiu. Foi durante este tempo que me deparei com a tecnologia blockchain e a sua integra\u00e7\u00e3o com a arte digital atrav\u00e9s de NFTs (Non-Fungible Tokens).<\/p>\n<p>Instantaneamente, apercebi-me de que esta era a minha oportunidade de fazer parte de algo maior e contribuir para a evolu\u00e7\u00e3o do mundo. A beleza desta nova tecnologia reside na sua capacidade de capacitar tanto os artistas digitais como os seus seguidores. \u00c9 tudo uma quest\u00e3o de retribuir genuinamente \u00e0 comunidade.<\/p>\n<p>Estou verdadeiramente entusiasmado com as possibilidades que a cadeia de blocos e os NFTs apresentam. Como artista, vejo-as como uma forma n\u00e3o s\u00f3 de crescer pessoalmente, mas tamb\u00e9m de proporcionar uma experi\u00eancia \u00fanica e significativa ao meu p\u00fablico. Atrav\u00e9s das minhas cria\u00e7\u00f5es, pretendo inspirar e elevar os outros, promovendo um sentimento de uni\u00e3o e positividade.<\/p>\n<p>Junte-se a mim nesta incr\u00edvel jornada enquanto abra\u00e7amos o poder do blockchain, da arte digital e dos NFTs. Juntos, vamos contribuir para um mundo melhor, repleto de criatividade, comunidade e liga\u00e7\u00f5es genu\u00ednas. Obrigado por fazeres parte desta aventura!<\/p>\n<p>&nbsp;<\/p>\n<h2>Gostas da minha hist\u00f3ria?<\/h2>\n<div class='pixelovely_testimonial'><p>Conheci o gambocco durante a sua curta viagem ao Dubai. Nunca tive a oportunidade de o receber, mas nunca me arrependi de ter estado com uma pessoa t\u00e3o maravilhosa. Pass\u00e1mos algum tempo juntos e fomos \u00e0 Global Village. Fal\u00e1mos sobre as suas aventuras anteriores em diferentes pa\u00edses e muitas outras conversas informativas. Gambocco \u00e9 uma \u00f3ptima pessoa, cheia de vibra\u00e7\u00f5es positivas, de mente aberta e divertida de se estar. Divertimo-nos muito juntos e estou contente por ter encontrado nele um amigo. Desejo-te tudo de bom na vida e que consigas alcan\u00e7ar o que desejas na vida.<br \/>\r\nEspero voltar a ver-vos em breve em qualquer parte do mundo!<\/p><span class='pixelovely_testimonial_attribution'>- Reeno das Filipinas<\/span><\/div><div class='pixelovely_testimonial'><p>Tenho muita sorte em conhecer algu\u00e9m como o Gambocco, ele \u00e9 um tipo simp\u00e1tico e respeitoso e toda a minha fam\u00edlia gosta muito dele. Espero que ele tenha passado bons momentos aqui em Tozeur e tenha visto a beleza do meu pa\u00eds.<\/p><span class='pixelovely_testimonial_attribution'>- Khaled Hammadi da Tun\u00edsia<\/span><\/div><div class='pixelovely_testimonial'><p>Foi um prazer receber a Gambocco<br \/>\r\nTivemos uma conversa agrad\u00e1vel sobre todos os problemas do mundo e conclu\u00edmos que viajar \u00e9 a melhor solu\u00e7\u00e3o para todos os seus problemas<br \/>\r\nMuito feliz por o conhecer<\/p><span class='pixelovely_testimonial_attribution'>- Bilel Chabchoub da Tun\u00edsia<\/span><\/div><div class='pixelovely_testimonial'><p>Tive o prazer de conhecer Gambocco na Ar\u00e1bia Saudita. \u00c9 uma pessoa interessante e gentil, com muitas hist\u00f3rias para contar. Estivemos a fazer caminhadas juntos e tivemos a oportunidade de discutir temas muito diferentes. Espero v\u00ea-lo em breve aqui na Ar\u00e1bia Saudita, na Dinamarca ou noutro lugar\ud83d\udc4d<\/p><span class='pixelovely_testimonial_attribution'>- Daniel de Espanha<\/span><\/div><div class='pixelovely_testimonial'><p>Recebemos o Gambocco por uma noite e ele foi o anfitri\u00e3o perfeito que se pode conhecer<br \/>\r\n\u00c9 uma pessoa muito educada, faladora e calorosa, com um grande cora\u00e7\u00e3o. Pass\u00e1mos bons momentos juntos e partilh\u00e1mos muitas hist\u00f3rias e ideias.<br \/>\r\nN\u00e3o hesitem em hospedar o Gambocco, ele \u00e9 realmente perfeito!<\/p><span class='pixelovely_testimonial_attribution'>- Nefaa &amp; Abir da Tun\u00edsia<\/span><\/div><div class='pixelovely_testimonial'><p>O Gambocco \u00e9 um homem muito bom, sinto que o conhe\u00e7o h\u00e1 muito tempo, pedi-lhe para irmos juntos ao festival de Douz, ele concordou, e pass\u00e1mos um grande momento cheio de amor e divers\u00e3o com os meus amigos no Sahara<br \/>\r\nObrigado mais uma vez, e espero ver-vos, a minha casa est\u00e1 aberta para v\u00f3s em qualquer altura, meu irm\u00e3o<\/p><span class='pixelovely_testimonial_attribution'>- Bilel Turki da Tun\u00edsia<\/span><\/div><div class='pixelovely_testimonial'><p>Realmente o que eu poderia dizer sobre ele, mesmo as boas palavras n\u00e3o podem descrev\u00ea-lo, ele \u00e9 realmente bom, amig\u00e1vel, muito simples, \u00e0 procura de bons amigos, mesmo sua casa se n\u00e3o \u00e9 bom para ele, ele vir\u00e1 a conhec\u00ea-lo como um irm\u00e3o, a melhor coisa que ele satisfeito de tudo.<\/p><span class='pixelovely_testimonial_attribution'>- (Em breve o Dr.) Ahmed Amgad do Egipto<\/span><\/div><div class='pixelovely_testimonial'><p>Conheci o gambocco em Assu\u00e3o e gost\u00e1mos muito do tempo que pass\u00e1mos juntos, ele \u00e9 uma pessoa inteligente e simp\u00e1tica com uma vasta experi\u00eancia de vida e adora aprender sobre outras culturas, fomos jogar futebol juntos, visit\u00e1mos a Ilha Elefantina e a ilha das plantas e subimos ao Monte Abu El Hawa e vimos o p\u00f4r do sol, recomendo a todos que o recebam ou conhe\u00e7am<\/p><span class='pixelovely_testimonial_attribution'>- Hussien Dahab do Egipto<\/span><\/div><div class='pixelovely_testimonial'><p>O Gambocco \u00e9 uma das raz\u00f5es que me levaram a utilizar esta aplica\u00e7\u00e3o, \u00e9 realmente uma boa experi\u00eancia para o receber. <br \/>\r\n<br \/>\r\nEste tipo est\u00e1 cheio de cultura, conhecimento, ideias ... ele vive em muitos pa\u00edses, por isso pode contar muitas hist\u00f3rias locais, truques de viagem e truques sobre as aldeias e as cidades ... fiz uma longa lista de coisas a fazer com base nas suas hist\u00f3rias.<br \/>\r\n<br \/>\r\nPara al\u00e9m disso, ele \u00e9 muito amig\u00e1vel e f\u00e1cil de lidar, tivemos iftar juntos em Abu Dhabi e tivemos muitos encontros na ilha de Reem. <br \/>\r\n<br \/>\r\nSe tiverem a oportunidade de conhecer este tipo de pessoas, n\u00e3o percam essa oportunidade e v\u00e3o agradecer-me mais tarde.<br \/>\r\n<br \/>\r\nBem-vindo a qualquer altura, irm\u00e3o \ud83d\ude4f\ud83c\udffb<\/p><span class='pixelovely_testimonial_attribution'>- Salam dos EAU, origin\u00e1rio da Arg\u00e9lia<\/span><\/div><div class='pixelovely_testimonial'><p>Gambocco \u00e9 uma pessoa t\u00e3o gentil e respeitosa que sinto a sua falta<\/p><span class='pixelovely_testimonial_attribution'>- Ustaz Niaz, do Paquist\u00e3o<\/span><\/div><div class='pixelovely_testimonial'><p>Quando tencionas voltar a Marrocos? Sei que quero ir a Marrocos contigo e sei que quero ir \u00e0 Turquia contigo, mas se fores a Marrocos mais cedo, avisa-me e verei se posso fazer essa viagem. Estou ansioso por falar contigo em breve e viajar contigo novamente. \u00c9s o melhor parceiro de viagem que j\u00e1 tive.<\/p><span class='pixelovely_testimonial_attribution'>- Sir John (80 anos) de Estados Unidos da Am\u00e9rica<\/span><\/div><div class='pixelovely_testimonial'><p>O Gambocco foi um homem muito simp\u00e1tico e am\u00e1vel, gostei muito da conversa que tive com ele sobre todas as coisas que fez. Ele \u00e9 muito conhecedor de tudo.<\/p><span class='pixelovely_testimonial_attribution'>- Mohammed da Ar\u00e1bia Saudita<\/span><\/div><div class='pixelovely_testimonial'><p>Gambocco foi um excelente parceiro de discuss\u00e3o ao longo do fim de semana, e foi divertido mostrar-lhe os meus locais preferidos em Oslo e ver a sua rea\u00e7\u00e3o a eles. A sua ideia de trazer ch\u00e1 e mel das suas outras viagens pelo mundo para partilharmos \u00e9 um conceito que vou adotar nas minhas pr\u00f3prias viagens. Agrade\u00e7o ao Gambocco o tempo que pass\u00e1mos juntos e desejo-lhe as maiores felicidades nas suas viagens e projectos futuros.<\/p><span class='pixelovely_testimonial_attribution'>- Raymond M. Kristansen da Noruega<\/span><\/div><div class='pixelovely_testimonial'><p>Ol\u00e1<br \/>\r\nUma pessoa muito interessante, obrigado, mano.<br \/>\r\nQue tudo de bom para si<\/p><span class='pixelovely_testimonial_attribution'>- Skander Chebbi da Tun\u00edsia<\/span><\/div><div class='pixelovely_testimonial'><p>Conheci o Gambocco no Dubai, tendo sido recebido pelo Harry. Apesar de ter sido um encontro muito curto, ele pareceu-me muito simp\u00e1tico, amig\u00e1vel e educado. Desejo-lhe as maiores felicidades nas pr\u00f3ximas viagens. <br \/>\r\nEspero encontrar-me em algum lugar e passar mais tempo com ela.<\/p><span class='pixelovely_testimonial_attribution'>- Farrukh do Tajiquist\u00e3o<\/span><\/div><div class='pixelovely_testimonial'><p>Diverti-me muito ao falar com Gambocco e tivemos uma conversa fascinante sobre as suas experi\u00eancias de viagem. Ele \u00e9 uma pessoa simp\u00e1tica, am\u00e1vel e inteligente, e a sua companhia \u00e9 sempre valiosa<\/p><span class='pixelovely_testimonial_attribution'>- Ahmed da Isl\u00e2ndia, origin\u00e1rio do Egipto<\/span><\/div><div class='pixelovely_testimonial'><p>Gambocco tem uma personalidade maravilhosa, muito educado, humilde e sempre sorridente. Diverti-me imenso com ele e levei-o \u00e0 Mesquita Badshahi, ao parque Greater Iqbal, ao t\u00famulo de Allama Iqbal e \u00e0 famosa rua da comida. Tamb\u00e9m fomos \u00e0 grande mesquita da cidade de Bahria e \u00e0 torre Eiffel, que ele gostou muito. Desejo-lhe as maiores felicidades nos seus planos futuros e que se mantenha sempre seguro e saud\u00e1vel. Voltaremos a ver-nos algures no mundo. Deus te aben\u00e7oe, meu amigo. Sa\u00fade \ud83d\ude42<\/p><span class='pixelovely_testimonial_attribution'>- Nawiz do Paquist\u00e3o<\/span><\/div><div class='pixelovely_testimonial'><p>Bem-vindo sempre mano <br \/>\r\nO Sr. Gambocco tem muita experi\u00eancia em viagens e \u00e9 uma pessoa bem pensante.<br \/>\r\nEspero passar algum tempo com ele na sua cidade natal.<\/p><span class='pixelovely_testimonial_attribution'>- Ustaz Niaz, do Paquist\u00e3o<\/span><\/div><div class='pixelovely_testimonial'><p>bom amigo<\/p><span class='pixelovely_testimonial_attribution'>- Ahmed de Marrocos<\/span><\/div><div class='pixelovely_testimonial'><p>N\u00e3o conheci o Gambocco antes, mas quando o encontrei, senti que o conhecia h\u00e1 muitos anos<br \/>\r\nGambocco tem uma experi\u00eancia espiritual especial, e penso que temos opini\u00f5es pr\u00f3ximas sobre muitos assuntos<br \/>\r\nEle \u00e9 simp\u00e1tico, gentil e muito educado, gostaria de o voltar a encontrar<\/p><span class='pixelovely_testimonial_attribution'>- Almeqdad da Jord\u00e2nia<\/span><\/div><div class='pixelovely_testimonial'><p>Eu hospedei o gambocco por um dia, ele \u00e9 uma pessoa muito maravilhosa, simp\u00e1tico e prestativo, deu-me muitas dicas e informa\u00e7\u00f5es e fomos descobrir a cidade e comer comida local juntos e conhecer novas pessoas, foi como se tiv\u00e9ssemos tido dois dias maravilhosos, ele \u00e9 meu amigo como meu irm\u00e3o, ele adorou-o e adorou passar tempo com ele. Estou \u00e0 tua espera em tua casa, irm\u00e3o. Espero que estejas bem. Diverte-te sempre. Recomendo-o a toda a gente<\/p><span class='pixelovely_testimonial_attribution'>- Abdul Rahman Saeed do Egipto<\/span><\/div><div class='pixelovely_testimonial'><p>Nice Parsons<\/p><span class='pixelovely_testimonial_attribution'>- Assim, da Jord\u00e2nia<\/span><\/div><div class='pixelovely_testimonial'><p>Gambocco \u00e9 uma pessoa simp\u00e1tica, sensata e amig\u00e1vel, com muita experi\u00eancia em viagens e com informa\u00e7\u00f5es hist\u00f3ricas. Foi \u00f3timo conhec\u00ea-lo e conviver com ele durante a sua estadia. Recomendo vivamente que o recebam.<\/p><span class='pixelovely_testimonial_attribution'>- Nitin da \u00cdndia<\/span><\/div><div class='pixelovely_testimonial'><p>Gambocco foi uma das melhores pessoas que j\u00e1 conheci.<\/p><span class='pixelovely_testimonial_attribution'>- Kareem da Ar\u00e1bia Saudita<\/span><\/div>","protected":false},"excerpt":{"rendered":"<p>&nbsp; The story I am a passionate backpacker who thrives on discovering new people, cultures, and landscapes. The thrill of exploring and gaining new knowledge is what drives me. Since 2007, I have embarked on numerous trips, and my love for travel only intensified when I ventured to Gambia and Morocco, hence my artist name, [&hellip;]<\/p>","protected":false},"author":1,"featured_media":0,"parent":0,"menu_order":0,"comment_status":"closed","ping_status":"closed","template":"","meta":{"footnotes":""},"class_list":["post-122","page","type-page","status-publish","hentry"],"_links":{"self":[{"href":"https:\/\/gambocco.com\/pt\/wp-json\/wp\/v2\/pages\/122","targetHints":{"allow":["GET"]}}],"collection":[{"href":"https:\/\/gambocco.com\/pt\/wp-json\/wp\/v2\/pages"}],"about":[{"href":"https:\/\/gambocco.com\/pt\/wp-json\/wp\/v2\/types\/page"}],"author":[{"embeddable":true,"href":"https:\/\/gambocco.com\/pt\/wp-json\/wp\/v2\/users\/1"}],"replies":[{"embeddable":true,"href":"https:\/\/gambocco.com\/pt\/wp-json\/wp\/v2\/comments?post=122"}],"version-history":[{"count":0,"href":"https:\/\/gambocco.com\/pt\/wp-json\/wp\/v2\/pages\/122\/revisions"}],"wp:attachment":[{"href":"https:\/\/gambocco.com\/pt\/wp-json\/wp\/v2\/media?parent=122"}],"curies":[{"name":"wp","href":"https:\/\/api.w.org\/{rel}","templated":true}]}}