{"id":422,"date":"2023-08-06T00:07:07","date_gmt":"2023-08-05T22:07:07","guid":{"rendered":"https:\/\/gambocco.com\/?page_id=422"},"modified":"2023-08-06T00:20:41","modified_gmt":"2023-08-05T22:20:41","slug":"influencers","status":"publish","type":"page","link":"https:\/\/gambocco.com\/pt\/influenciadores\/","title":{"rendered":"Influenciadores: Junte-se a n\u00f3s"},"content":{"rendered":"<h2>Junte-se \u00e0 nossa equipa exclusiva de influenciadores e liberte o poder da arte digital, dos NFTs e dos ordinais!<\/h2>\n<p><strong>Introdu\u00e7\u00e3o:<\/strong><br \/>\nBem-vindo a uma oportunidade emocionante que combina os mundos da arte digital, NFTs e marketing de influ\u00eancia! Temos o prazer de anunciar que estamos a procurar ativamente influenciadores talentosos para colaborarem connosco na promo\u00e7\u00e3o da nossa inovadora cole\u00e7\u00e3o de NFTs, ordinais e arte digital. Se quer fazer parte da pr\u00f3xima grande tend\u00eancia no mundo da arte e ganhar recompensas incr\u00edveis, esta \u00e9 a oportunidade de que estava \u00e0 espera!<\/p>\n<p><strong>Porqu\u00ea trabalhar connosco:<\/strong><br \/>\nPioneirismo no futuro da arte: Ao juntar-se \u00e0 nossa equipa, estar\u00e1 na vanguarda da revolu\u00e7\u00e3o da arte digital. Os NFTs revolucionaram a forma como os artistas e os coleccionadores interagem, e queremos que nos ajude a moldar o futuro!<\/p>\n<p>Arte \u00fanica e cativante: A nossa cole\u00e7\u00e3o apresenta uma s\u00e9rie de pe\u00e7as de arte digital hipnotizantes, cada uma com a sua pr\u00f3pria hist\u00f3ria e ess\u00eancia. Desde anima\u00e7\u00f5es visualmente deslumbrantes a visuais que provocam reflex\u00e3o, a nossa arte foi concebida para cativar e envolver o p\u00fablico em v\u00e1rias plataformas.<\/p>\n<p>Potencial de ganho lucrativo: Compreendemos o valor da sua influ\u00eancia e o papel que desempenha na forma\u00e7\u00e3o de tend\u00eancias. Como influenciador na nossa equipa, ter\u00e1 a oportunidade de ganhar recompensas substanciais atrav\u00e9s de parcerias baseadas em comiss\u00f5es, colabora\u00e7\u00f5es exclusivas e incentivos de b\u00f3nus.<\/p>\n<p>Parceria colaborativa: Acreditamos na promo\u00e7\u00e3o de rela\u00e7\u00f5es fortes com os nossos influenciadores. Ao trabalharmos em conjunto, fornecer-lhe-emos as ferramentas, os recursos e o apoio necess\u00e1rios para criar conte\u00fados cativantes que ressoem junto do seu p\u00fablico e impulsionem as vendas.<\/p>\n<p>Exposi\u00e7\u00e3o a uma comunidade pr\u00f3spera: Juntar-se \u00e0 nossa equipa significa fazer parte de uma comunidade vibrante de artistas, coleccionadores e entusiastas. Ter\u00e1 a oportunidade de se relacionar com pessoas que pensam da mesma forma, expandir o seu alcance e criar liga\u00e7\u00f5es significativas no espa\u00e7o da arte e do NFT.<\/p>\n<p><strong>Como participar:<\/strong><br \/>\nPara se juntar \u00e0 nossa equipa de influenciadores, basta contactar-nos por correio eletr\u00f3nico: <a href=\"mailto:gam@duck.com\">gam@duck.com<\/a>. Teremos todo o prazer em discutir as potenciais oportunidades de colabora\u00e7\u00e3o, responder a quaisquer perguntas que possa ter e fornecer-lhe as informa\u00e7\u00f5es necess\u00e1rias para come\u00e7ar.<\/p>\n<p><strong>Conclus\u00e3o:<\/strong><br \/>\nN\u00e3o perca esta oportunidade extraordin\u00e1ria de combinar a sua influ\u00eancia com o mundo em r\u00e1pido crescimento dos NFTs, ordinais e arte digital. Junte-se a n\u00f3s para revolucionar a ind\u00fastria da arte e moldar o futuro da express\u00e3o criativa. Juntos, podemos criar uma viagem inesquec\u00edvel, inspirar in\u00fameras pessoas e deixar um impacto duradouro no mundo da arte. Contacte-nos hoje e embarquemos juntos nesta emocionante aventura!<\/p>","protected":false},"excerpt":{"rendered":"<p>Join Our Exclusive Team of Influencers and Unleash the Power of Digital Art, NFTs and Ordinals! Introduction: Welcome to an exciting opportunity that combines the worlds of digital art, NFTs, and influencer marketing! We are thrilled to announce that we are actively seeking talented influencers to collaborate with us in promoting our groundbreaking collection of [&hellip;]<\/p>","protected":false},"author":1,"featured_media":0,"parent":0,"menu_order":0,"comment_status":"closed","ping_status":"closed","template":"","meta":{"footnotes":""},"class_list":["post-422","page","type-page","status-publish","hentry"],"_links":{"self":[{"href":"https:\/\/gambocco.com\/pt\/wp-json\/wp\/v2\/pages\/422","targetHints":{"allow":["GET"]}}],"collection":[{"href":"https:\/\/gambocco.com\/pt\/wp-json\/wp\/v2\/pages"}],"about":[{"href":"https:\/\/gambocco.com\/pt\/wp-json\/wp\/v2\/types\/page"}],"author":[{"embeddable":true,"href":"https:\/\/gambocco.com\/pt\/wp-json\/wp\/v2\/users\/1"}],"replies":[{"embeddable":true,"href":"https:\/\/gambocco.com\/pt\/wp-json\/wp\/v2\/comments?post=422"}],"version-history":[{"count":0,"href":"https:\/\/gambocco.com\/pt\/wp-json\/wp\/v2\/pages\/422\/revisions"}],"wp:attachment":[{"href":"https:\/\/gambocco.com\/pt\/wp-json\/wp\/v2\/media?parent=422"}],"curies":[{"name":"wp","href":"https:\/\/api.w.org\/{rel}","templated":true}]}}