{"id":122,"date":"2023-07-13T10:08:24","date_gmt":"2023-07-13T08:08:24","guid":{"rendered":"https:\/\/gambocco.com\/?page_id=122"},"modified":"2023-09-08T09:42:28","modified_gmt":"2023-09-08T07:42:28","slug":"my-story","status":"publish","type":"page","link":"https:\/\/gambocco.com\/ro\/my-story\/","title":{"rendered":"Povestea mea"},"content":{"rendered":"<p>&nbsp;<\/p>\n<h2>Povestea<\/h2>\n<p>Sunt un pasionat de c\u0103l\u0103torii cu rucsacul \u00een spate care se bucur\u0103 de descoperirea de noi oameni, culturi \u0219i peisaje. Emo\u021bia de a explora \u0219i de a dob\u00e2ndi noi cuno\u0219tin\u021be este ceea ce m\u0103 motiveaz\u0103. Din 2007, m-am \u00eembarcat \u00een numeroase c\u0103l\u0103torii, iar dragostea mea pentru c\u0103l\u0103torii s-a intensificat doar atunci c\u00e2nd m-am aventurat \u00een Gambia \u0219i Maroc, de unde \u0219i numele meu de artist, @gambocco.<\/p>\n<p>C\u00e2nd a lovit pandemia global\u0103, m-am trezit g\u00e2ndindu-m\u0103 cum s\u0103-mi fac via\u021ba mai eficient\u0103 \u0219i mai eficient\u0103. \u0218tiam \u00een ad\u00e2ncul sufletului meu c\u0103 vreau s\u0103 \u00eemp\u0103rt\u0103\u0219esc bun\u0103tatea \u0219i pozitivitatea cu toat\u0103 lumea la o scar\u0103 mai mare. \u00cen ciuda restric\u021biilor impuse de COVID-19, dorin\u021ba mea de a m\u0103 conecta cu ceilal\u021bi \u0219i de a fi mai sociabil\u0103 a persistat. \u00cen aceast\u0103 perioad\u0103 am dat peste tehnologia blockchain \u0219i integrarea acesteia cu arta digital\u0103 prin intermediul NFT-urilor (Non-Fungible Tokens).<\/p>\n<p>Imediat, mi-am dat seama c\u0103 aceasta era ocazia mea de a face parte din ceva mai mare \u0219i de a contribui la evolu\u021bia lumii. Frumuse\u021bea acestei noi tehnologii const\u0103 \u00een capacitatea sa de a da putere at\u00e2t arti\u0219tilor digitali, c\u00e2t \u0219i adep\u021bilor lor. Este vorba despre a da \u00eenapoi comunit\u0103\u021bii \u00een mod autentic.<\/p>\n<p>Sunt cu adev\u0103rat \u00eenc\u00e2ntat de posibilit\u0103\u021bile pe care le ofer\u0103 blockchain \u0219i NFT. \u00cen calitate de artist, v\u0103d \u00een ele o modalitate nu doar de a m\u0103 dezvolta personal, ci \u0219i de a oferi o experien\u021b\u0103 unic\u0103 \u0219i semnificativ\u0103 publicului meu. Prin crea\u021biile mele, urm\u0103resc s\u0103 \u00eei inspir \u0219i s\u0103 \u00eei ridic pe ceilal\u021bi, promov\u00e2nd un sentiment de unitate \u0219i pozitivitate.<\/p>\n<p>Vino al\u0103turi de mine \u00een aceast\u0103 c\u0103l\u0103torie incredibil\u0103, \u00een timp ce \u00eembr\u0103\u021bi\u0219\u0103m puterea blockchain-ului, a artei digitale \u0219i a NFT-urilor. \u00cempreun\u0103, s\u0103 contribuim la o lume mai bun\u0103, una plin\u0103 de creativitate, comunitate \u0219i conexiuni autentice. V\u0103 mul\u021bumesc c\u0103 face\u021bi parte din aceast\u0103 aventur\u0103!<\/p>\n<p>&nbsp;<\/p>\n<h2>\u00ce\u021bi place povestea mea?<\/h2>\n<div class='pixelovely_testimonial'><p>Gambocco este o persoan\u0103 at\u00e2t de bun\u0103 \u0219i respectuoas\u0103, a\u0219a c\u0103 \u00eei este dor de el.<\/p><span class='pixelovely_testimonial_attribution'>- Dl Ustaz Niaz, Pakistan<\/span><\/div><div class='pixelovely_testimonial'><p>Nice Parsons<\/p><span class='pixelovely_testimonial_attribution'>- Assim, Iordania<\/span><\/div><div class='pixelovely_testimonial'><p>Am g\u0103zduit Gambocco pentru o noapte \u0219i a fost gazda perfect\u0103 pe care o po\u021bi \u00eent\u00e2lni vreodat\u0103.<br \/>\r\nEl este o persoan\u0103 foarte politicoas\u0103, vorb\u0103rea\u021b\u0103 \u0219i cald\u0103, cu o inim\u0103 mare. Ne-am sim\u021bit bine \u00eempreun\u0103 \u0219i am \u00eemp\u0103rt\u0103\u0219it multe pove\u0219ti \u0219i idei.<br \/>\r\nNu ezita\u021bi s\u0103 \u00eel g\u0103zdui\u021bi pe Gambocco, el este cu adev\u0103rat perfect!<\/p><span class='pixelovely_testimonial_attribution'>- Nefaa &amp; Abir, Tunisia<\/span><\/div><div class='pixelovely_testimonial'><p>Hei,<br \/>\r\nPersoan\u0103 cu adev\u0103rat interesant\u0103 thanx frate u r uimitor<br \/>\r\nCare u toate cele mai bune<\/p><span class='pixelovely_testimonial_attribution'>- Skander Chebbi, Tunisia<\/span><\/div><div class='pixelovely_testimonial'><p>Gambocco a fost un partener de discu\u021bie excelent pe parcursul weekend-ului \u0219i a fost distractiv s\u0103-i ar\u0103t locurile mele preferate din Oslo \u0219i s\u0103-i v\u0103d reac\u021bia la ele. Ideea lui de a aduce ceai \u0219i miere din alte c\u0103l\u0103torii ale sale \u00een jurul lumii pentru a le \u00eemp\u0103rt\u0103\u0219i cu noi este un concept pe care \u00eel voi adopta pentru propriile mele c\u0103l\u0103torii. \u00cei mul\u021bumesc lui Gambocco pentru timpul petrecut \u00eempreun\u0103 \u0219i \u00eei doresc mult succes \u00een c\u0103l\u0103toriile \u0219i proiectele sale viitoare.<\/p><span class='pixelovely_testimonial_attribution'>- Raymond M. Kristansen, Norvegia<\/span><\/div><div class='pixelovely_testimonial'><p>Gambocco este unul dintre motivele pentru care am folosit aceast\u0103 aplica\u021bie, o experien\u021b\u0103 foarte bun\u0103 pentru a-l g\u0103zdui. <br \/>\r\n<br \/>\r\nAcest tip este plin de cultur\u0103, cuno\u0219tin\u021be, idei ... el tr\u0103ie\u0219te \u00een mai multe \u021b\u0103ri, astfel \u00eenc\u00e2t el poate spune o mul\u021bime de pove\u0219ti locale hacks de c\u0103l\u0103torie \u0219i trucuri despre sate \u0219i ora\u0219e .. am f\u0103cut o list\u0103 lung\u0103 de f\u0103cut pe baza pove\u0219tilor sale.<br \/>\r\n<br \/>\r\n\u00cen afar\u0103 de faptul c\u0103 el este foarte prietenos u\u0219or de mers, am avut iftar \u00eempreun\u0103 \u00een Abu Dhabi \u0219i am avut multe hangouts \u00een jurul insulei reem. <br \/>\r\n<br \/>\r\nL-a\u0219 g\u0103zdui cu siguran\u021b\u0103 din nou \u0219i v\u0103 rog, dac\u0103 a\u021bi avut \u0219ansa de a v\u0103 \u00eent\u00e2lni - gazd\u0103 hangout cu ace\u0219ti b\u0103ie\u021bi, v\u0103 rug\u0103m s\u0103 nu rata\u021bi \u0219ansa \u0219i \u00eemi ve\u021bi mul\u021bumi mai t\u00e2rziu.<br \/>\r\n<br \/>\r\nBine ai venit oric\u00e2nd frate \ud83d\ude4f\ud83c\udffb<\/p><span class='pixelovely_testimonial_attribution'>- Salam din UAE, originar din Algeria<\/span><\/div><div class='pixelovely_testimonial'><p>Gambocco este un om foarte bun, simt c\u0103 l-am \u00eent\u00e2lnit de mult timp, l-am rugat s\u0103 mergem \u00eempreun\u0103 la festivalul de Douz, el a fost de acord, \u0219i am avut parte de un timp minunat plin de dragoste \u0219i s\u0103 ne bucur\u0103m de prietenii mei din Sahara.<br \/>\r\nv\u0103 mul\u021bumesc din nou, \u0219i sper s\u0103 v\u0103 v\u0103d, casa mea este deschis\u0103 pentru tine \u00een orice moment fratele meu<\/p><span class='pixelovely_testimonial_attribution'>- Bilel Turki, Tunisia<\/span><\/div><div class='pixelovely_testimonial'><p>L-am \u00eent\u00e2lnit pe Gambocco \u00een timpul scurtei sale c\u0103l\u0103torii \u00een Dubai. Nu am avut niciodat\u0103 \u0219ansa de a-l g\u0103zdui, dar nu regret c\u0103 am stat cu o persoan\u0103 at\u00e2t de minunat\u0103. Am petrecut ceva timp \u00eempreun\u0103 \u0219i am mers la Global Village. Am vorbit despre aventurile sale anterioare \u00een diferite \u021b\u0103ri \u0219i multe alte conversa\u021bii informative. Gambocco este o persoan\u0103 grozav\u0103, plin\u0103 de vibra\u021bii pozitive, cu mintea deschis\u0103 \u0219i cu care este distractiv s\u0103 fii \u00eempreun\u0103. Ne-am sim\u021bit foarte bine \u00eempreun\u0103 \u0219i m\u0103 bucur c\u0103 mi-am g\u0103sit un prieten \u00een el. \u00ce\u021bi doresc tot ce e mai bun \u00een via\u021b\u0103 \u0219i s\u0103 realizezi ceea ce \u00ee\u021bi dore\u0219ti \u00een via\u021b\u0103.<br \/>\r\nSper s\u0103 ne revedem \u00een cur\u00e2nd \u00een orice parte a lumii!<\/p><span class='pixelovely_testimonial_attribution'>- Reeno, Filipine<\/span><\/div><div class='pixelovely_testimonial'><p>Gambocco a fost un om foarte amabil \u0219i prietenos, mi-a pl\u0103cut foarte mult conversa\u021bia cu el despre toate lucrurile pe care le-a f\u0103cut. El este foarte bine informat despre tot.<\/p><span class='pixelovely_testimonial_attribution'>- Mohammed, Arabia Saudit\u0103<\/span><\/div><div class='pixelovely_testimonial'><p>L-am \u00eent\u00e2lnit pe gambocco \u00een Aswan \u0219i ne-am bucurat de timpul petrecut \u00eempreun\u0103, este o persoan\u0103 inteligent\u0103 \u0219i dr\u0103gu\u021b\u0103, cu o vast\u0103 experien\u021b\u0103 de via\u021b\u0103 \u0219i \u00eei place s\u0103 \u00eenve\u021be despre alte culturi, am mers s\u0103 juc\u0103m fotbal \u00eempreun\u0103, am vizitat insula Elefantin\u0103 \u0219i insula plantelor \u0219i am urcat pe muntele Abu El Hawa \u0219i am privit apusul de soare, recomand tuturor s\u0103 \u00eel g\u0103zduiasc\u0103 sau s\u0103 \u00eel \u00eent\u00e2lneasc\u0103.<\/p><span class='pixelovely_testimonial_attribution'>- Hussien Dahab, Egipt<\/span><\/div><div class='pixelovely_testimonial'><p>A fost o pl\u0103cere s\u0103 g\u0103zduim Gambocco<br \/>\r\nAvem o conversa\u021bie pl\u0103cut\u0103 despre toate problemele lumii \u0219i ajungem la concluzia c\u0103 c\u0103l\u0103toriile sunt cea mai bun\u0103 solu\u021bie pentru toate problemele tale.<br \/>\r\nFoarte bucuros s\u0103 \u00eel \u00eent\u00e2lnesc<\/p><span class='pixelovely_testimonial_attribution'>- Bilel Chabchoub, Tunisia<\/span><\/div><div class='pixelovely_testimonial'><p>Gambocco are o personalitate minunat\u0103, foarte politicos , umil \u0219i mereu z\u00e2mbitor. M-am sim\u021bit foarte bine cu el \u0219i l-am dus la Moscheea Badshahi, \u00een parcul Greater Iqbal, la morm\u00e2ntul lui Allama Iqbal \u0219i pe faimoasa strad\u0103 de m\u00e2ncare. Am fost, de asemenea, la marea moschee din Bahria Town \u0219i la Turnul Eiffel, ceea ce i-a pl\u0103cut foarte mult. \u00cei doresc toate cele bune \u00een planurile sale de viitor \u0219i s\u0103 fie mereu \u00een siguran\u021b\u0103 \u0219i s\u0103n\u0103tos. Ne vom revedea undeva \u00een lume. Dumnezeu s\u0103 te binecuv\u00e2nteze prietenul meu Noroc \ud83d\ude42<\/p><span class='pixelovely_testimonial_attribution'>- Nawiz, Pakistan<\/span><\/div><div class='pixelovely_testimonial'><p>sunt at\u00e2t de norocoas\u0103 s\u0103 \u00eent\u00e2lnesc pe cineva ca Gambocco, este un tip dr\u0103gu\u021b, at\u00e2t de respectuos \u0219i toat\u0103 familia mea \u00eel place at\u00e2t de mult, sper c\u0103 a petrecut un timp minunat aici \u00een Tozeur \u0219i s\u0103 vad\u0103 frumuse\u021bea \u021b\u0103rii mele. dac\u0103 pot spune c\u0103 acum este unul dintre cei mai buni prieteni ai mei, de asemenea, unul din familia mea.<\/p><span class='pixelovely_testimonial_attribution'>- Khaled Hammadi, Tunisia<\/span><\/div><div class='pixelovely_testimonial'><p>Bine ai venit Everytime Bro <br \/>\r\nDomnul Gambocco este foarte experimentat \u00een domeniul c\u0103l\u0103toriilor \u0219i este o persoan\u0103 cu o g\u00e2ndire bun\u0103.<br \/>\r\nSper s\u0103 petrec timp cu el \u00een ora\u0219ul s\u0103u natal.<\/p><span class='pixelovely_testimonial_attribution'>- Dl Ustaz Niaz, Pakistan<\/span><\/div><div class='pixelovely_testimonial'><p>L-am \u00eent\u00e2lnit pe Gambocco \u00een Dubai, am fost g\u0103zdui\u021bi de Harry. Chiar dac\u0103 a fost o \u00eent\u00e2lnire foarte scurt\u0103, p\u0103rea un tip foarte dr\u0103gu\u021b, prietenos \u0219i educat. \u00cei doresc toate cele bune \u00een urm\u0103toarele c\u0103l\u0103torii. <br \/>\r\nSper s\u0103 ne \u00eent\u00e2lnim undeva \u0219i s\u0103 avem mai mult timp cu.<\/p><span class='pixelovely_testimonial_attribution'>- Farrukh, Tadjikistan<\/span><\/div><div class='pixelovely_testimonial'><p>prieten bun<\/p><span class='pixelovely_testimonial_attribution'>- Ahmed, Maroc<\/span><\/div><div class='pixelovely_testimonial'><p>Mi-a f\u0103cut pl\u0103cere s\u0103 \u00eel \u00eent\u00e2lnesc pe Gambocco \u00een Arabia Saudit\u0103. Este o persoan\u0103 interesant\u0103 \u0219i bl\u00e2nd\u0103, cu o mul\u021bime de pove\u0219ti de spus. Am f\u0103cut drume\u021bii \u00eempreun\u0103 \u0219i am avut ocazia s\u0103 discut\u0103m subiecte foarte diferite. Sper s\u0103 ne revedem cur\u00e2nd aici \u00een Arabia Saudit\u0103, \u00een Danemarca sau \u00een alt\u0103 parte\ud83d\udc4d.<\/p><span class='pixelovely_testimonial_attribution'>- Daniel, Spania<\/span><\/div><div class='pixelovely_testimonial'><p>\u00centr-adev\u0103r ceea ce a\u0219 putea spune despre el, chiar \u0219i cuvintele bune nu-l pot descrie, el este un foarte bun, prietenos, foarte simplu, \u00een c\u0103utarea de prieteni buni, chiar \u0219i casa ta, dac\u0103 nu este bun pentru el, el va ajunge s\u0103 te cunoasc\u0103 ca un frate, cel mai bun lucru pe care el a mul\u021bumit de tot. sper c\u0103 vizita\u021bi Aswan alt\u0103 dat\u0103 Gambocco Sunte\u021bi binevenit oric\u00e2nd este doar casa ta frate.<\/p><span class='pixelovely_testimonial_attribution'>- (\u00cen cur\u00e2nd Dr.) Ahmed Amgad din Egipt<\/span><\/div><div class='pixelovely_testimonial'><p>Gambocco este o persoan\u0103 dr\u0103gu\u021b\u0103, sensibil\u0103 \u0219i prietenoas\u0103, cu mult\u0103 experien\u021b\u0103 de c\u0103l\u0103torie \u0219i av\u00e2nd informa\u021bii istorice. A fost grozav s\u0103 ne \u00eent\u00e2lnim \u0219i s\u0103 st\u0103m cu el \u00een timpul \u0219ederii sale. A\u0219 recomanda cu c\u0103ldur\u0103 s\u0103-l g\u0103zduiasc\u0103.<\/p><span class='pixelovely_testimonial_attribution'>- Nitin, India<\/span><\/div><div class='pixelovely_testimonial'><p>Nu l-am cunoscut pe Gambocco \u00eenainte, dar c\u00e2nd l-am \u00eent\u00e2lnit, am sim\u021bit c\u0103 \u00eel cunosc de mul\u021bi ani.<br \/>\r\nGambocco are o experien\u021b\u0103 spiritual\u0103 deosebit\u0103 \u0219i cred c\u0103 avem opinii apropiate despre multe probleme.<br \/>\r\nEl este prietenos, amabil \u0219i at\u00e2t de politicos, \u00eemi doresc s\u0103 \u00eel \u00eent\u00e2lnesc din nou.<\/p><span class='pixelovely_testimonial_attribution'>- Almeqdad, Iordania<\/span><\/div><div class='pixelovely_testimonial'><p>Gambocco a fost unul dintre cei mai buni oameni pe care i-am \u00eent\u00e2lnit vreodat\u0103.<\/p><span class='pixelovely_testimonial_attribution'>- Kareem, Arabia Saudit\u0103<\/span><\/div><div class='pixelovely_testimonial'><p>C\u00e2nd inten\u021biona\u021bi s\u0103 v\u0103 \u00eentoarce\u021bi \u00een Maroc? \u0218tiu c\u0103 vreau s\u0103 merg cu tine \u00een Maroc \u0219i \u0219tiu c\u0103 vreau s\u0103 merg cu tine \u00een T\u00fcrkiye, dar dac\u0103 te duci mai devreme \u00een Maroc, anun\u021b\u0103-m\u0103 \u0219i voi vedea dac\u0103 pot face acea c\u0103l\u0103torie. A\u0219tept cu ner\u0103bdare s\u0103 vorbesc cu tine \u00een cur\u00e2nd \u0219i s\u0103 c\u0103l\u0103toresc din nou cu tine. E\u0219ti cel mai bun partener de c\u0103l\u0103torie pe care l-am avut vreodat\u0103.<\/p><span class='pixelovely_testimonial_attribution'>- Sir John (80 de ani), United States of America<\/span><\/div><div class='pixelovely_testimonial'><p>M-am sim\u021bit bine s\u0103 vorbesc cu Gambocco \u0219i am avut o conversa\u021bie fascinant\u0103 despre experien\u021bele sale de c\u0103l\u0103torie. Este o persoan\u0103 prietenoas\u0103, amabil\u0103 \u0219i inteligent\u0103, iar compania lui este \u00eentotdeauna valoroas\u0103<\/p><span class='pixelovely_testimonial_attribution'>- Ahmed din Islanda, originar din Egipt<\/span><\/div><div class='pixelovely_testimonial'><p>Am g\u0103zduit gambocco pentru o zi el este o persoan\u0103 foarte minunat\u0103 dr\u0103gu\u021b\u0103 \u0219i de ajutor el mi-a dat o mul\u021bime de sfaturi \u0219i informa\u021bii \u0219i am mers s\u0103 descoperim ora\u0219ul \u0219i s\u0103 m\u00e2nc\u0103m m\u00e2ncare local\u0103 \u00eempreun\u0103 \u0219i s\u0103 cunoa\u0219tem oameni noi a fost ca \u0219i cum am avut dou\u0103 zile minunate el este prietenul meu Ca \u0219i fratele meu, el l-a iubit \u0219i a iubit s\u0103 petreac\u0103 timp cu el. Te a\u0219tept din nou la tine acas\u0103, frate. Sper c\u0103 e\u0219ti bine. S\u0103 te distrezi mereu. \ud83d\ude0d\ud83d\ude0d\ud83d\ude0dIl recomand tuturor.<\/p><span class='pixelovely_testimonial_attribution'>- Abdul Rahman Saeed, Egipt<\/span><\/div>","protected":false},"excerpt":{"rendered":"<p>&nbsp; The story I am a passionate backpacker who thrives on discovering new people, cultures, and landscapes. The thrill of exploring and gaining new knowledge is what drives me. Since 2007, I have embarked on numerous trips, and my love for travel only intensified when I ventured to Gambia and Morocco, hence my artist name, [&hellip;]<\/p>","protected":false},"author":1,"featured_media":0,"parent":0,"menu_order":0,"comment_status":"closed","ping_status":"closed","template":"","meta":{"footnotes":""},"class_list":["post-122","page","type-page","status-publish","hentry"],"_links":{"self":[{"href":"https:\/\/gambocco.com\/ro\/wp-json\/wp\/v2\/pages\/122","targetHints":{"allow":["GET"]}}],"collection":[{"href":"https:\/\/gambocco.com\/ro\/wp-json\/wp\/v2\/pages"}],"about":[{"href":"https:\/\/gambocco.com\/ro\/wp-json\/wp\/v2\/types\/page"}],"author":[{"embeddable":true,"href":"https:\/\/gambocco.com\/ro\/wp-json\/wp\/v2\/users\/1"}],"replies":[{"embeddable":true,"href":"https:\/\/gambocco.com\/ro\/wp-json\/wp\/v2\/comments?post=122"}],"version-history":[{"count":0,"href":"https:\/\/gambocco.com\/ro\/wp-json\/wp\/v2\/pages\/122\/revisions"}],"wp:attachment":[{"href":"https:\/\/gambocco.com\/ro\/wp-json\/wp\/v2\/media?parent=122"}],"curies":[{"name":"wp","href":"https:\/\/api.w.org\/{rel}","templated":true}]}}