{"id":384,"date":"2023-07-29T12:55:58","date_gmt":"2023-07-29T10:55:58","guid":{"rendered":"https:\/\/gambocco.com\/?page_id=384"},"modified":"2023-09-13T08:41:54","modified_gmt":"2023-09-13T06:41:54","slug":"roadmap","status":"publish","type":"page","link":"https:\/\/gambocco.com\/ro\/foaie-de-parcurs\/","title":{"rendered":"Harta rutier\u0103"},"content":{"rendered":"<p>&nbsp;<\/p>\n<h2 style=\"text-align: center;\">Prezentarea ROADMAP 1.0 NFT-uri \u0219i ordinale: Calea ta spre bog\u0103\u021bie \u0219i independen\u021b\u0103 durabil\u0103. Al\u0103tura\u021bi-v\u0103 ini\u021biativei noastre bazate pe comunitate \u0219i debloca\u021bi puterea libert\u0103\u021bii financiare.<\/h2>\n<p>&nbsp;<\/p>\n<p>Deveni\u021bi parte a misiunii noastre de a recompensa de\u021bin\u0103torii de NFT \u0219i de a v\u0103 da posibilitatea de a v\u0103 realiza autonomia.<\/p>\n<p>Descoperi\u021bi foaia de parcurs suprem\u0103 care nu numai c\u0103 genereaz\u0103 bog\u0103\u021bie, dar v\u0103 ofer\u0103 \u0219i darul pre\u021bios al timpului \u0219i al libert\u0103\u021bii.<\/p>\n<p>Investi\u021bi \u00een platforma noastr\u0103 comunitar\u0103 \u0219i fi\u021bi martorii puterii de transformare a prosperit\u0103\u021bii colective.<\/p>\n<p><em>*V\u0103 rug\u0103m s\u0103 re\u021bine\u021bi c\u0103 foile noastre de parcurs sunt concepute pentru a se adapta \u0219i evolua, asigur\u00e2nd cea mai mare valoare pentru comunitatea noastr\u0103 dedicat\u0103.<\/em><\/p>","protected":false},"excerpt":{"rendered":"<p>&nbsp; Introducing ROADMAP 1.0 NFTs &amp; Ordinals: Your Pathway to Sustainable Wealth and Independence. Join our community-driven initiative and unlock the power of financial freedom. &nbsp; Become a part of our mission to reward NFT holders and empower you to achieve self-sufficiency. Discover the ultimate roadmap that not only generates wealth but also grants you [&hellip;]<\/p>","protected":false},"author":1,"featured_media":0,"parent":0,"menu_order":0,"comment_status":"closed","ping_status":"closed","template":"","meta":{"footnotes":""},"class_list":["post-384","page","type-page","status-publish","hentry"],"_links":{"self":[{"href":"https:\/\/gambocco.com\/ro\/wp-json\/wp\/v2\/pages\/384","targetHints":{"allow":["GET"]}}],"collection":[{"href":"https:\/\/gambocco.com\/ro\/wp-json\/wp\/v2\/pages"}],"about":[{"href":"https:\/\/gambocco.com\/ro\/wp-json\/wp\/v2\/types\/page"}],"author":[{"embeddable":true,"href":"https:\/\/gambocco.com\/ro\/wp-json\/wp\/v2\/users\/1"}],"replies":[{"embeddable":true,"href":"https:\/\/gambocco.com\/ro\/wp-json\/wp\/v2\/comments?post=384"}],"version-history":[{"count":0,"href":"https:\/\/gambocco.com\/ro\/wp-json\/wp\/v2\/pages\/384\/revisions"}],"wp:attachment":[{"href":"https:\/\/gambocco.com\/ro\/wp-json\/wp\/v2\/media?parent=384"}],"curies":[{"name":"wp","href":"https:\/\/api.w.org\/{rel}","templated":true}]}}