{"id":122,"date":"2023-07-13T10:08:24","date_gmt":"2023-07-13T08:08:24","guid":{"rendered":"https:\/\/gambocco.com\/?page_id=122"},"modified":"2023-09-08T09:42:28","modified_gmt":"2023-09-08T07:42:28","slug":"my-story","status":"publish","type":"page","link":"https:\/\/gambocco.com\/sk\/moj-pribeh\/","title":{"rendered":"M\u00f4j pr\u00edbeh"},"content":{"rendered":"<p>&nbsp;<\/p>\n<h2>Pr\u00edbeh<\/h2>\n<p>Som v\u00e1\u0161niv\u00fd cestovate\u013e, ktor\u00fd r\u00e1d objavuje nov\u00fdch \u013eud\u00ed, kult\u00fary a krajiny. Poh\u00e1\u0148a ma vzru\u0161enie z objavovania a z\u00edskavania nov\u00fdch poznatkov. Od roku 2007 som sa vydal na mno\u017estvo ciest a moja l\u00e1ska k cestovaniu sa e\u0161te viac zintenz\u00edvnila, ke\u010f som sa vydal do Gambie a Maroka, odtia\u013e poch\u00e1dza moje umeleck\u00e9 meno @gambocco.<\/p>\n<p>Ke\u010f vypukla celosvetov\u00e1 pand\u00e9mia, rozm\u00fd\u0161\u013eal som, ako zefekt\u00edvni\u0165 a zefekt\u00edvni\u0165 svoj \u017eivot. V h\u013abke du\u0161e som vedel, \u017ee sa chcem podeli\u0165 o dobro a pozitivitu so v\u0161etk\u00fdmi vo v\u00e4\u010d\u0161om meradle. Napriek obmedzeniam, ktor\u00e9 zaviedol COVID-19, moja t\u00fa\u017eba spoji\u0165 sa s ostatn\u00fdmi a by\u0165 viac spolo\u010densk\u00fd pretrv\u00e1vala. Pr\u00e1ve v tomto obdob\u00ed som narazil na technol\u00f3giu blockchain a jej integr\u00e1ciu s digit\u00e1lnym umen\u00edm prostredn\u00edctvom NFT (Non-Fungible Tokens).<\/p>\n<p>Okam\u017eite som si uvedomil, \u017ee toto je moja pr\u00edle\u017eitos\u0165 by\u0165 s\u00fa\u010das\u0165ou nie\u010doho v\u00e4\u010d\u0161ieho a prispie\u0165 k rozvoju sveta. Kr\u00e1sa tejto novej technol\u00f3gie spo\u010d\u00edva v jej schopnosti posilni\u0165 postavenie digit\u00e1lnych umelcov aj ich nasledovn\u00edkov. Ide o to, aby sme komunite skuto\u010dne nie\u010do vr\u00e1tili.<\/p>\n<p>Som skuto\u010dne nad\u0161en\u00fd mo\u017enos\u0165ami, ktor\u00e9 blockchain a NFT predstavuj\u00fa. Ako umelec v tom vid\u00edm sp\u00f4sob, ako nielen osobne r\u00e1s\u0165, ale aj poskytn\u00fa\u0165 jedine\u010dn\u00fd a zmyslupln\u00fd z\u00e1\u017eitok svojmu publiku. Prostredn\u00edctvom svojich v\u00fdtvorov sa sna\u017e\u00edm in\u0161pirova\u0165 a pozdvihn\u00fa\u0165 ostatn\u00fdch, podpori\u0165 pocit spolupatri\u010dnosti a pozitivity.<\/p>\n<p>Pridajte sa ku mne na tejto neuverite\u013enej ceste, na ktorej objav\u00edme silu blockchainu, digit\u00e1lneho umenia a NFT. Spolo\u010dne prispejeme k lep\u0161iemu svetu, ktor\u00fd bude pln\u00fd kreativity, komunity a skuto\u010dn\u00fdch spojen\u00ed. \u010eakujem, \u017ee ste s\u00fa\u010das\u0165ou tohto dobrodru\u017estva!<\/p>\n<p>&nbsp;<\/p>\n<h2>P\u00e1\u010di sa v\u00e1m m\u00f4j pr\u00edbeh?<\/h2>\n<div class='pixelovely_testimonial'><p>Gambocco bol po\u010das v\u00edkendu v\u00fdborn\u00fdm partnerom na diskusiu a bolo z\u00e1bavn\u00e9 ukazova\u0165 mu moje ob\u013e\u00faben\u00e9 miesta v Osle a sledova\u0165 jeho reakcie na ne. Jeho n\u00e1pad prinies\u0165 n\u00e1m z in\u00fdch ciest po svete \u010daj a med, aby sme sa o ne podelili, je koncept, ktor\u00fd si osvoj\u00edm na svojich vlastn\u00fdch cest\u00e1ch. \u010eakujem Gamboccovi za spolo\u010dne str\u00e1ven\u00fd \u010das a \u017eel\u00e1m mu v\u0161etko dobr\u00e9 na jeho \u010fal\u0161\u00edch cest\u00e1ch a projektoch.<\/p><span class='pixelovely_testimonial_attribution'>- Raymond M. Kristansen od Norway<\/span><\/div><div class='pixelovely_testimonial'><p>Gambocco bol naozaj priate\u013esk\u00fd mil\u00fd \u010dlovek, ve\u013emi sa mi p\u00e1\u010dil rozhovor s n\u00edm o v\u0161etk\u00fdch veciach, ktor\u00e9 robil. Je ve\u013emi dobre informovan\u00fd o v\u0161etkom.<\/p><span class='pixelovely_testimonial_attribution'>- Mohammed od Saudi Arabia<\/span><\/div><div class='pixelovely_testimonial'><p>Bolo mi pote\u0161en\u00edm stretn\u00fa\u0165 sa so spolo\u010dnos\u0165ou Gambocco v Saudskej Ar\u00e1bii. Je to zauj\u00edmav\u00fd a l\u00e1skav\u00fd \u010dlovek s mno\u017estvom pr\u00edbehov. Boli sme spolu na t\u00fare a mali sme mo\u017enos\u0165 diskutova\u0165 o ve\u013emi odli\u0161n\u00fdch t\u00e9mach. D\u00fafam, \u017ee sa \u010doskoro uvid\u00edme tu v Saudskej Ar\u00e1bii, v D\u00e1nsku alebo inde\ud83d\udc4d<\/p><span class='pixelovely_testimonial_attribution'>- Daniel od Spain<\/span><\/div><div class='pixelovely_testimonial'><p>Gambocco je ve\u013emi dobr\u00fd mu\u017ei, m\u00e1m pocit, \u017ee som sa s n\u00edm stretn\u00fa\u0165 od dlh\u00e9ho obdobia, som ho po\u017eiada\u0165, aby \u00eds\u0165 toghether na festival Douz , on s\u00fahlas\u00ed, a my sme si skvel\u00fd \u010das pln\u00fd l\u00e1sky a u\u017ei\u0165 si s mojimi priate\u013emi v Sahare<br \/>\r\n\u010fakujem v\u00e1m e\u0161te raz, a d\u00fafam, \u017ee v\u00e1s uvid\u00edm , m\u00f4j dom je otvoren\u00fd pre v\u00e1s v ka\u017edom \u010dase m\u00f4j brat<\/p><span class='pixelovely_testimonial_attribution'>- Bilel Turki od Tunisu<\/span><\/div><div class='pixelovely_testimonial'><p>Hej<br \/>\r\nNaozaj zauj\u00edmav\u00e1 osoba thanx bro u r \u00fa\u017easn\u00e9<br \/>\r\nKtor\u00e9 u v\u0161etko najlep\u0161ie<\/p><span class='pixelovely_testimonial_attribution'>- Skander Chebbi od Tunisu<\/span><\/div><div class='pixelovely_testimonial'><p>Gambocco bol jedn\u00fdm z najlep\u0161\u00edch \u013eud\u00ed, ak\u00fdch som kedy stretol.<\/p><span class='pixelovely_testimonial_attribution'>- Kareem od Saudi Arabia<\/span><\/div><div class='pixelovely_testimonial'><p>Naozaj, \u010do by som mohol poveda\u0165 o \u0148om , dokonca aj dobr\u00e9 slov\u00e1 ho nem\u00f4\u017eu op\u00edsa\u0165, je to naozaj dobr\u00fd , priate\u013esk\u00fd , ve\u013emi jednoduch\u00fd , h\u013ead\u00e1 dobr\u00fdch priate\u013eov , dokonca aj v\u00e1\u0161 domov, ak nie je dobr\u00e9 pre neho pr\u00edde, aby v\u00e1s spoznal ako brat , najlep\u0161ia vec, \u017ee je spokojn\u00fd forma v\u0161etko . d\u00fafam, \u017ee nav\u0161t\u00edvite Aswan \u010eal\u0161\u00ed \u010das Gambocco Ste v\u00edtan\u00ed kedyko\u013evek je to len v\u00e1\u0161 domov Brat .<\/p><span class='pixelovely_testimonial_attribution'>- (\u010doskoro Dr.) Ahmed Amgad z Egypta<\/span><\/div><div class='pixelovely_testimonial'><p>Kedy sa pl\u00e1nujete vr\u00e1ti\u0165 do Maroka? Viem, \u017ee chcem \u00eds\u0165 s tebou do Maroka, a viem, \u017ee chcem \u00eds\u0165 s tebou do T\u00fcrkiye, ale ak sa chyst\u00e1\u0161 do Maroka sk\u00f4r, daj mi vedie\u0165 a uvid\u00edme, \u010di sa mi podar\u00ed tento v\u00fdlet uskuto\u010dni\u0165. Te\u0161\u00edm sa, \u017ee sa s tebou \u010doskoro porozpr\u00e1vame a budeme m\u00f4c\u0165 op\u00e4\u0165 cestova\u0165. Si najlep\u0161\u00ed partner na cestovanie, ak\u00e9ho som kedy mal.<\/p><span class='pixelovely_testimonial_attribution'>- Sir John (80yrs), United States of America<\/span><\/div><div class='pixelovely_testimonial'><p>S Gamboccom sa mi dobre rozpr\u00e1valo a viedli sme fascinuj\u00faci rozhovor o jeho cestovate\u013esk\u00fdch z\u00e1\u017eitkoch. Je to priate\u013esk\u00fd, mil\u00fd a inteligentn\u00fd \u010dlovek a jeho spolo\u010dnos\u0165 je v\u017edy cenn\u00e1<\/p><span class='pixelovely_testimonial_attribution'>- Ahmed z Islandu, p\u00f4vodne Egypt<\/span><\/div><div class='pixelovely_testimonial'><p>Gambocca som stretol po\u010das jeho kr\u00e1tkeho v\u00fdletu v Dubaji. Nikdy som nemal mo\u017enos\u0165 ho hosti\u0165, ale nikdy som ne\u013eutoval, \u017ee som sa stretol s tak\u00fdm \u00fa\u017easn\u00fdm \u010dlovekom. Str\u00e1vili sme spolu nejak\u00fd \u010das a i\u0161li sme do Global Village. Rozpr\u00e1vali sme sa o jeho predch\u00e1dzaj\u00facich dobrodru\u017estv\u00e1ch v r\u00f4znych krajin\u00e1ch a o mnoh\u00fdch \u010fal\u0161\u00edch pou\u010dn\u00fdch rozhovoroch. Gambocco je skvel\u00fd \u010dlovek, pln\u00fd pozit\u00edvnych vibr\u00e1ci\u00ed, otvoren\u00fd a z\u00e1bavn\u00fd. Pre\u017eili sme spolu skvel\u00fd \u010das a som r\u00e1d, \u017ee som v \u0148om na\u0161iel priate\u013ea. Prajem ti v\u0161etko najlep\u0161ie v \u017eivote a nech dosiahne\u0161 to, po \u010dom v \u017eivote t\u00fa\u017ei\u0161.<br \/>\r\nD\u00fafam, \u017ee sa \u010doskoro op\u00e4\u0165 uvid\u00edme v ktorejko\u013evek \u010dasti sveta!<\/p><span class='pixelovely_testimonial_attribution'>- Reeno od Philippines<\/span><\/div><div class='pixelovely_testimonial'><p>Stretol som gambocco v Asu\u00e1ne a u\u017eili sme si n\u00e1\u0161 spolo\u010dn\u00fd \u010das, je to inteligentn\u00fd a mil\u00fd \u010dlovek so \u0161irok\u00fdmi sk\u00fasenos\u0165ami v \u017eivote a r\u00e1d sa u\u010d\u00ed o in\u00fdch kult\u00farach, i\u0161li sme hra\u0165 futbal spolu, nav\u0161t\u00edvili sme ostrov Elephantine a ostrov rastl\u00edn a vyliezli sme na horu Abu El Hawa a sledovali z\u00e1pad slnka, odpor\u00fa\u010dam v\u0161etk\u00fdm, aby ho hostili alebo sa s n\u00edm stretli<\/p><span class='pixelovely_testimonial_attribution'>- Hussien Dahab od Egypt<\/span><\/div><div class='pixelovely_testimonial'><p>Som tak \u0161\u0165astn\u00fd, \u017ee som stretol niekoho ako Gambocco, je to mil\u00fd chlap tak \u00factivo a cel\u00e1 moja rodina ho m\u00e1 ve\u013emi rada, d\u00fafam, \u017ee str\u00e1vil skvel\u00fd \u010das tu v Tozeure a videl kr\u00e1su mojej krajiny. ak m\u00f4\u017eem poveda\u0165, \u017ee teraz je jedn\u00fdm z mojich najlep\u0161\u00edch priate\u013eov, tie\u017e jeden z mojej rodiny<\/p><span class='pixelovely_testimonial_attribution'>- Khaled Hammadi od Tunisu<\/span><\/div><div class='pixelovely_testimonial'><p>Bolo n\u00e1m pote\u0161en\u00edm hosti\u0165 Gambocco<br \/>\r\nPr\u00edjemne sa rozpr\u00e1vame o v\u0161etk\u00fdch probl\u00e9moch sveta a doch\u00e1dzame k z\u00e1veru, \u017ee cestovanie je najlep\u0161\u00edm rie\u0161en\u00edm v\u0161etk\u00fdch va\u0161ich probl\u00e9mov.<br \/>\r\nVe\u013emi r\u00e1d som sa s n\u00edm stretol<\/p><span class='pixelovely_testimonial_attribution'>- Bilel Chabchoub z Tuniska<\/span><\/div><div class='pixelovely_testimonial'><p>S Gamboccom som sa predt\u00fdm nestretol, ale ke\u010f som ho stretol, mal som pocit, \u017ee ho pozn\u00e1m u\u017e mnoho rokov<br \/>\r\nGambocco m\u00e1 zvl\u00e1\u0161tnu duchovn\u00fa sk\u00fasenos\u0165 a mysl\u00edm, \u017ee m\u00e1me bl\u00edzko k mnoh\u00fdm ot\u00e1zkam<br \/>\r\nJe priate\u013esk\u00fd, mil\u00fd a zdvoril\u00fd, r\u00e1d by som sa s n\u00edm e\u0161te stretol<\/p><span class='pixelovely_testimonial_attribution'>- Almeqdad od Jordan<\/span><\/div><div class='pixelovely_testimonial'><p>Gambocco je tak l\u00e1skav\u00fd a \u00factiv\u00fd \u010dlovek, tak\u017ee mu ch\u00fdba<\/p><span class='pixelovely_testimonial_attribution'>- P\u00e1n Ustaz Niaz z Pakistanu<\/span><\/div><div class='pixelovely_testimonial'><p>S Gamboccom som sa stretol v Dubaji, kde n\u00e1s hostil Harry. Aj ke\u010f to bolo ve\u013emi kr\u00e1tke stretnutie, vyzeral ve\u013emi pr\u00edjemne, priate\u013esky a vzdelane. \u017del\u00e1m mu v\u0161etko dobr\u00e9 na \u010fal\u0161\u00edch cest\u00e1ch. <br \/>\r\nD\u00fafam, \u017ee sa niekde stretneme a budeme ma\u0165 viac \u010dasu.<\/p><span class='pixelovely_testimonial_attribution'>- Farrukh od Tad\u017eikistan<\/span><\/div><div class='pixelovely_testimonial'><p>Hos\u0165oval som gambocco na jeden de\u0148, je to ve\u013emi \u00fa\u017easn\u00fd \u010dlovek, mil\u00fd a u\u017eito\u010dn\u00fd, dal mi ve\u013ea tipov a inform\u00e1ci\u00ed a i\u0161li sme objavi\u0165 mesto a jes\u0165 miestne jedlo spolu a spozna\u0165 nov\u00fdch \u013eud\u00ed, bolo to ako keby sme mali dva n\u00e1dhern\u00e9 dni, je to m\u00f4j priate\u013e Ako m\u00f4j brat, miloval ho a miloval s n\u00edm tr\u00e1vi\u0165 \u010das. \u010cak\u00e1m \u0165a op\u00e4\u0165 u teba doma, brat. D\u00fafam, \u017ee sa m\u00e1\u0161 dobre. V\u017edy sa dobre bav. \ud83d\ude0d\ud83d\ude0dodpor\u00fa\u010dam ho v\u0161etk\u00fdm<\/p><span class='pixelovely_testimonial_attribution'>- Abdul Rahman Saeed od Egypt<\/span><\/div><div class='pixelovely_testimonial'><p>Vitajte Everytime Bro <br \/>\r\nP\u00e1n Gambocco je ve\u013emi sk\u00fasen\u00fd cestovate\u013e a dobre rozm\u00fd\u0161\u013eaj\u00faci \u010dlovek.<br \/>\r\nD\u00fafam, \u017ee s n\u00edm str\u00e1vim \u010das v jeho rodnom meste.<\/p><span class='pixelovely_testimonial_attribution'>- P\u00e1n Ustaz Niaz z Pakistanu<\/span><\/div><div class='pixelovely_testimonial'><p>Hostili sme Gambocco na jednu noc a bol to perfektn\u00fd hostite\u013e, ak\u00e9ho m\u00f4\u017eete stretn\u00fa\u0165<br \/>\r\nJe ve\u013emi zdvoril\u00fd, zhovor\u010div\u00fd a srde\u010dn\u00fd \u010dlovek s ve\u013ek\u00fdm srdcom. Pre\u017eili sme spolu pekn\u00e9 chv\u00edle a podelili sme sa o ve\u013ea pr\u00edbehov a n\u00e1padov.<br \/>\r\nNev\u00e1hajte hosti\u0165 Gambocco, je naozaj perfektn\u00fd!<\/p><span class='pixelovely_testimonial_attribution'>- Nefaa &amp; Abir od Tunisia<\/span><\/div><div class='pixelovely_testimonial'><p>Pekn\u00fd Parsons<\/p><span class='pixelovely_testimonial_attribution'>- Assim od Jordan<\/span><\/div><div class='pixelovely_testimonial'><p>Gambocco je mil\u00fd, rozumn\u00fd a priate\u013esk\u00fd \u010dlovek s mno\u017estvom cestovate\u013esk\u00fdch sk\u00fasenost\u00ed a historick\u00fdch inform\u00e1ci\u00ed. Bolo skvel\u00e9 stretn\u00fa\u0165 sa s n\u00edm a str\u00e1vi\u0165 s n\u00edm \u010das po\u010das jeho pobytu. Vrelo ho odpor\u00fa\u010dam na hos\u0165ovanie.<\/p><span class='pixelovely_testimonial_attribution'>- Nitin od India<\/span><\/div><div class='pixelovely_testimonial'><p>Gambocco je jedn\u00fdm z d\u00f4vodov pre m\u0148a pou\u017e\u00edva\u0165 t\u00fato aplik\u00e1ciu , naozaj dobr\u00fd z\u00e1\u017eitok ho hosti\u0165. <br \/>\r\n<br \/>\r\nTento chlap\u00edk je pln\u00fd kult\u00fary, vedomost\u00ed, n\u00e1padov..\u017eije v mnoh\u00fdch krajin\u00e1ch, tak\u017ee m\u00f4\u017ee poveda\u0165 ve\u013ea miestnych pr\u00edbehov cestovn\u00fdch hackov a trikov o dedin\u00e1ch a mest\u00e1ch..na z\u00e1klade jeho pr\u00edbehov som si vytvoril dlh\u00fd zoznam \u00faloh.<br \/>\r\n<br \/>\r\nOkrem toho, \u017ee je naozaj priate\u013esk\u00fd \u013eahko \u00eds\u0165 , sme mali iftar spolu v Abu Dhabi &amp; sme mali ve\u013ea hangouts okolo reem ostrov. <br \/>\r\n<br \/>\r\nUr\u010dite by som ho hostil znova a pros\u00edm, ak by ste mali mo\u017enos\u0165 stretn\u00fa\u0165 sa - hosti\u0165 Hangout s t\u00fdmto chlapcom, pros\u00edm, nenechajte si ujs\u0165 pr\u00edle\u017eitos\u0165 a budete mi \u010fakova\u0165 nesk\u00f4r.<br \/>\r\n<br \/>\r\nVitajte kedyko\u013evek brat \ud83d\ude4f\ud83c\udffb<\/p><span class='pixelovely_testimonial_attribution'>- Salam z SAE, p\u00f4vodne Al\u017e\u00edrsko<\/span><\/div><div class='pixelovely_testimonial'><p>Gambocco je \u00fa\u017easn\u00e1 osobnos\u0165, ve\u013emi zdvoril\u00fd, skromn\u00fd a v\u017edy usmiaty. Skuto\u010dne som sa s n\u00edm skvele bavil a vzal som ho do me\u0161ity Badshahi, do ve\u013ek\u00e9ho Iqbalovho parku , k hrobke All\u00e1mu Iqbala a na sl\u00e1vnu ulicu s jedlom. Boli sme aj vo ve\u013ekej me\u0161ite Bahria town a na Eiffelovej ve\u017ei, \u010do sa mu ve\u013emi p\u00e1\u010dilo. Prajem mu v\u0161etko najlep\u0161ie v jeho bud\u00facich pl\u00e1noch a aby bol v\u017edy v bezpe\u010d\u00ed a zdrav\u00fd. Uvid\u00edme sa op\u00e4\u0165 niekde vo svete. Boh ti \u017eehnaj, priate\u013e m\u00f4j, na zdravie \ud83d\ude42<\/p><span class='pixelovely_testimonial_attribution'>- Nawiz od Pakistan<\/span><\/div><div class='pixelovely_testimonial'><p>mil\u00fd priate\u013e<\/p><span class='pixelovely_testimonial_attribution'>- Ahmed od Morocco<\/span><\/div>","protected":false},"excerpt":{"rendered":"<p>&nbsp; The story I am a passionate backpacker who thrives on discovering new people, cultures, and landscapes. The thrill of exploring and gaining new knowledge is what drives me. Since 2007, I have embarked on numerous trips, and my love for travel only intensified when I ventured to Gambia and Morocco, hence my artist name, [&hellip;]<\/p>","protected":false},"author":1,"featured_media":0,"parent":0,"menu_order":0,"comment_status":"closed","ping_status":"closed","template":"","meta":{"footnotes":""},"class_list":["post-122","page","type-page","status-publish","hentry"],"_links":{"self":[{"href":"https:\/\/gambocco.com\/sk\/wp-json\/wp\/v2\/pages\/122","targetHints":{"allow":["GET"]}}],"collection":[{"href":"https:\/\/gambocco.com\/sk\/wp-json\/wp\/v2\/pages"}],"about":[{"href":"https:\/\/gambocco.com\/sk\/wp-json\/wp\/v2\/types\/page"}],"author":[{"embeddable":true,"href":"https:\/\/gambocco.com\/sk\/wp-json\/wp\/v2\/users\/1"}],"replies":[{"embeddable":true,"href":"https:\/\/gambocco.com\/sk\/wp-json\/wp\/v2\/comments?post=122"}],"version-history":[{"count":0,"href":"https:\/\/gambocco.com\/sk\/wp-json\/wp\/v2\/pages\/122\/revisions"}],"wp:attachment":[{"href":"https:\/\/gambocco.com\/sk\/wp-json\/wp\/v2\/media?parent=122"}],"curies":[{"name":"wp","href":"https:\/\/api.w.org\/{rel}","templated":true}]}}