{"id":122,"date":"2023-07-13T10:08:24","date_gmt":"2023-07-13T08:08:24","guid":{"rendered":"https:\/\/gambocco.com\/?page_id=122"},"modified":"2023-09-08T09:42:28","modified_gmt":"2023-09-08T07:42:28","slug":"my-story","status":"publish","type":"page","link":"https:\/\/gambocco.com\/sv\/min-berattelse\/","title":{"rendered":"Min historia"},"content":{"rendered":"<p>&nbsp;<\/p>\n<h2>Ber\u00e4ttelsen<\/h2>\n<p>Jag \u00e4r en passionerad backpacker som \u00e4lskar att uppt\u00e4cka nya m\u00e4nniskor, kulturer och landskap. Sp\u00e4nningen i att utforska och f\u00e5 ny kunskap \u00e4r det som driver mig. Sedan 2007 har jag \u00e5kt p\u00e5 m\u00e5nga resor, och min k\u00e4rlek till resor intensifierades bara n\u00e4r jag v\u00e5gade mig till Gambia och Marocko, d\u00e4rav mitt artistnamn, @gambocco.<\/p>\n<p>N\u00e4r den globala pandemin slog till funderade jag p\u00e5 hur jag skulle kunna g\u00f6ra mitt liv mer effektivt och inflytelserikt. Jag visste innerst inne att jag ville dela med mig av godhet och positivitet till alla i st\u00f6rre skala. Trots de restriktioner som covid-19 medf\u00f6rde fanns min \u00f6nskan att f\u00e5 kontakt med andra och vara mer social kvar. Det var under den h\u00e4r tiden som jag snubblade \u00f6ver blockkedjetekniken och dess integration med digital konst genom NFT:er (Non-Fungible Tokens).<\/p>\n<p>Jag ins\u00e5g direkt att det h\u00e4r var min m\u00f6jlighet att vara en del av n\u00e5got st\u00f6rre och bidra till v\u00e4rldens utveckling. Det fina med den h\u00e4r nya tekniken \u00e4r att den ger b\u00e5de digitala konstn\u00e4rer och deras f\u00f6ljare m\u00f6jlighet att utvecklas. Det handlar om att verkligen ge tillbaka till samh\u00e4llet.<\/p>\n<p>Jag \u00e4r verkligen entusiastisk \u00f6ver de m\u00f6jligheter som blockkedjan och NFT inneb\u00e4r. Som konstn\u00e4r ser jag det som ett s\u00e4tt att inte bara v\u00e4xa personligen utan ocks\u00e5 att ge min publik en unik och meningsfull upplevelse. Genom mina kreationer vill jag inspirera och lyfta andra och fr\u00e4mja en k\u00e4nsla av samh\u00f6righet och positivitet.<\/p>\n<p>F\u00f6lj med mig p\u00e5 denna otroliga resa n\u00e4r vi tar till oss kraften i blockkedjan, digital konst och NFT. L\u00e5t oss tillsammans bidra till en b\u00e4ttre v\u00e4rld, en v\u00e4rld fylld av kreativitet, gemenskap och \u00e4kta kontakter. Tack f\u00f6r att du \u00e4r en del av detta \u00e4ventyr!<\/p>\n<p>&nbsp;<\/p>\n<h2>Gillar du min ber\u00e4ttelse?<\/h2>\n<div class='pixelovely_testimonial'><p>Jag hade inte tr\u00e4ffat Gambocco tidigare, men n\u00e4r jag tr\u00e4ffade honom k\u00e4ndes det som om jag k\u00e4nde honom sedan m\u00e5nga \u00e5r tillbaka<br \/>\r\nGambocco har en speciell andlig erfarenhet, och jag tror att vi har en gemensam syn p\u00e5 m\u00e5nga fr\u00e5gor<br \/>\r\nHan \u00e4r v\u00e4nlig, v\u00e4nlig och s\u00e5 artig, jag \u00f6nskar att tr\u00e4ffa honom igen<\/p><span class='pixelovely_testimonial_attribution'>- Almeqdad fr\u00e5n Jordanien<\/span><\/div><div class='pixelovely_testimonial'><p>Verkligen vad jag kunde s\u00e4ga om honom , \u00e4ven de goda orden kan inte beskriva honom , han \u00e4r en riktigt bra , v\u00e4nlig , mycket enkel , letar efter goda v\u00e4nner , \u00e4ven ditt hem om det inte \u00e4r bra f\u00f6r hem han kommer att l\u00e4ra k\u00e4nna dig som en bror , det b\u00e4sta att han n\u00f6jd fr\u00e5n allt . jag hoppas att du bes\u00f6ker Aswan En annan g\u00e5ng Gambocco Du \u00e4r v\u00e4lkommen n\u00e4r som helst det \u00e4r bara ditt hem Brother .<\/p><span class='pixelovely_testimonial_attribution'>- (Snart Dr.) Ahmed Amgad fr\u00e5n Egypten<\/span><\/div><div class='pixelovely_testimonial'><p>Jag tr\u00e4ffade gambocco i Aswan och vi nj\u00f6t av v\u00e5r tid tillsammans, han \u00e4r en smart och trevlig person med en bred erfarenhet i livet, och han \u00e4lskar att l\u00e4ra sig om andra kulturer, vi gick f\u00f6r att spela fotboll tillsammans, vi bes\u00f6kte Elephantine Island och \u00f6n v\u00e4xter och vi kl\u00e4ttrade till Mount Abu El Hawa och tittade p\u00e5 solnedg\u00e5ngen, jag rekommenderar alla att vara v\u00e4rd eller tr\u00e4ffa honom<\/p><span class='pixelovely_testimonial_attribution'>- Hussien Dahab fr\u00e5n Egypten<\/span><\/div><div class='pixelovely_testimonial'><p>Gambocco var verkligen v\u00e4nlig sn\u00e4ll man, jag tyckte verkligen om konversationen med honom om alla saker han gjorde. Han \u00e4r mycket kunnig om allt.<\/p><span class='pixelovely_testimonial_attribution'>- Mohammed fr\u00e5n Saudiarabien<\/span><\/div><div class='pixelovely_testimonial'><p>Det var trevligt att prata med Gambocco och vi hade ett fascinerande samtal om hans reseupplevelser. Han \u00e4r en v\u00e4nlig, sn\u00e4ll och smart person, och hans s\u00e4llskap \u00e4r alltid v\u00e4rdefullt<\/p><span class='pixelovely_testimonial_attribution'>- Ahmed fr\u00e5n Island, ursprungligen Egypten<\/span><\/div><div class='pixelovely_testimonial'><p>Hej<br \/>\r\nVerkligen intressant person thanx bro u r fantastisk<br \/>\r\nVilket u alla de b\u00e4sta<\/p><span class='pixelovely_testimonial_attribution'>- Skander Chebbi fr\u00e5n Tunisien<\/span><\/div><div class='pixelovely_testimonial'><p>Gambocco \u00e4r s\u00e5 sn\u00e4ll och respektfull person s\u00e5 saknar honom<\/p><span class='pixelovely_testimonial_attribution'>- Ustaz Niaz fr\u00e5n Pakistan<\/span><\/div><div class='pixelovely_testimonial'><p>Jag tr\u00e4ffade Gambocco i Dubai, d\u00e4r Harry var v\u00e4rd f\u00f6r oss. \u00c4ven om det var mycket kort m\u00f6te, s\u00e5g han mycket trevlig, v\u00e4nlig och utbildad kille. Jag \u00f6nskar honom all lycka p\u00e5 kommande resor. <br \/>\r\nHoppas att tr\u00e4ffa n\u00e5gonstans och ha mer tid med.<\/p><span class='pixelovely_testimonial_attribution'>- Farrukh fr\u00e5n Tadzjikistan<\/span><\/div><div class='pixelovely_testimonial'><p>Gambocco har en underbar personlighet, mycket artig, \u00f6dmjuk och alltid leende. Jag hade verkligen roligt med honom och tog med honom till Badshahi-mosk\u00e9n, Greater Iqbal Park, Allama Iqbals grav och den ber\u00f6mda matgatan. Vi bes\u00f6kte ocks\u00e5 den stora mosk\u00e9n i Bahria town och Eiffeltornet, vilket han verkligen gillade. Jag \u00f6nskar honom allt gott i hans framtida planer och h\u00e5ll dig alltid s\u00e4ker och frisk. Vi ses igen n\u00e5gonstans i v\u00e4rlden. Gud v\u00e4lsigne dig min v\u00e4n Cheers \ud83d\ude42<\/p><span class='pixelovely_testimonial_attribution'>- Nawiz fr\u00e5n Pakistan<\/span><\/div><div class='pixelovely_testimonial'><p>Jag var v\u00e4rd f\u00f6r gambocco i en dag han \u00e4r en mycket underbar person trevlig och hj\u00e4lpsam han gav mig m\u00e5nga tips och information och vi gick f\u00f6r att uppt\u00e4cka staden och \u00e4ta lokal mat tillsammans och tr\u00e4ffa nya m\u00e4nniskor det var som om vi hade tv\u00e5 underbara dagar han \u00e4r min v\u00e4n Som min bror, han \u00e4lskade honom och \u00e4lskade att spendera tid med honom. Jag v\u00e4ntar p\u00e5 dig igen i ditt hus, broder. Jag hoppas att du m\u00e5r bra. Ha alltid kul. \ud83d\ude0d\ud83d\ude0dJag rekommenderar det till alla<\/p><span class='pixelovely_testimonial_attribution'>- Abdul Rahman Saeed fr\u00e5n Egypten<\/span><\/div><div class='pixelovely_testimonial'><p>Gambocco \u00e4r en av anledningarna till att jag anv\u00e4nder den h\u00e4r appen, riktigt bra upplevelse att vara v\u00e4rd f\u00f6r honom. <br \/>\r\n<br \/>\r\nDen h\u00e4r killen \u00e4r full av kultur, kunskap, id\u00e9er .. han bor i m\u00e5nga l\u00e4nder s\u00e5 han kan ber\u00e4tta en hel del lokala ber\u00e4ttelser resehack och tricks om byarna och st\u00e4derna .. jag gjorde en l\u00e5ng att g\u00f6ra lista baserat p\u00e5 hans ber\u00e4ttelser .<br \/>\r\n<br \/>\r\nF\u00f6rutom att han \u00e4r riktigt v\u00e4nlig l\u00e4tt att g\u00e5, vi hade iftar tillsammans i Abu Dhabi &amp; vi hade m\u00e5nga hangouts runt reem island. <br \/>\r\n<br \/>\r\nJag skulle definitivt vara v\u00e4rd f\u00f6r honom igen och sn\u00e4lla om du hade chansen att tr\u00e4ffa - v\u00e4rd hangout med dessa killar sn\u00e4lla missa inte chansen och du kommer att tacka mig senare.<br \/>\r\n<br \/>\r\nV\u00e4lkommen n\u00e4r som helst broder \ud83d\ude4f\ud83c\udffb<\/p><span class='pixelovely_testimonial_attribution'>- Salam fr\u00e5n F\u00f6renade Arabemiraten, ursprungligen Algeriet<\/span><\/div><div class='pixelovely_testimonial'><p>Gambocco var en av de b\u00e4sta m\u00e4nniskor jag n\u00e5gonsin har tr\u00e4ffat.<\/p><span class='pixelovely_testimonial_attribution'>- Kareem fr\u00e5n Saudiarabien<\/span><\/div><div class='pixelovely_testimonial'><p>Det var ett n\u00f6je att vara v\u00e4rd f\u00f6r Gambocco<br \/>\r\nVi har ett trevligt samtal om alla problem i v\u00e4rlden och vi drar slutsatsen att resor \u00e4r den b\u00e4sta l\u00f6sningen p\u00e5 alla dina problem<br \/>\r\nMycket glad att tr\u00e4ffa honom<\/p><span class='pixelovely_testimonial_attribution'>- Bilel Chabchoub fr\u00e5n Tunisien<\/span><\/div><div class='pixelovely_testimonial'><p>V\u00e4lkommen Everytime Bro <br \/>\r\nGambocco har stor erfarenhet av resor och \u00e4r en t\u00e4nkande person.<br \/>\r\nJag hoppas f\u00e5 tillbringa tid med honom i hans hemstad.<\/p><span class='pixelovely_testimonial_attribution'>- Ustaz Niaz fr\u00e5n Pakistan<\/span><\/div><div class='pixelovely_testimonial'><p>trevlig v\u00e4n<\/p><span class='pixelovely_testimonial_attribution'>- Ahmed fr\u00e5n Marocko<\/span><\/div><div class='pixelovely_testimonial'><p>Jag tr\u00e4ffade gambocco under hans korta resa i Dubai. Jag fick aldrig chansen att vara v\u00e4rd f\u00f6r honom men jag \u00e5ngrar aldrig att jag h\u00e4ngde med en s\u00e5dan underbar person. Vi tillbringade lite tid tillsammans och gick till Global Village. Vi pratade om hans tidigare \u00e4ventyr i olika l\u00e4nder och mycket mer av informativa samtal. Gambocco \u00e4r en fantastisk person, full av positiva vibbar, \u00f6ppensinnad och kul att vara med. Vi hade en fantastisk tid tillsammans och jag \u00e4r glad att ha hittat en v\u00e4n i honom. Jag \u00f6nskar dig allt gott i livet och m\u00e5 du uppn\u00e5 vad du \u00f6nskar i livet.<br \/>\r\nHoppas att vi ses snart igen i n\u00e5gon del av v\u00e4rlden!<\/p><span class='pixelovely_testimonial_attribution'>- Reeno fr\u00e5n Filippinerna<\/span><\/div><div class='pixelovely_testimonial'><p>Trevlig Parsons<\/p><span class='pixelovely_testimonial_attribution'>- Assim fr\u00e5n Jordanien<\/span><\/div><div class='pixelovely_testimonial'><p>Gambocco \u00e4r en trevlig, f\u00f6rnuftig och v\u00e4nlig person med mycket reseerfarenhet och med historisk information. Det var fantastiskt att tr\u00e4ffa och umg\u00e5s med honom under hans vistelse. Jag skulle varmt rekommendera att vara v\u00e4rd f\u00f6r honom.<\/p><span class='pixelovely_testimonial_attribution'>- Nitin fr\u00e5n Indien<\/span><\/div><div class='pixelovely_testimonial'><p>Gambocco var en utm\u00e4rkt diskussionspartner under helgen, och det var roligt att visa honom mina favoritplatser i Oslo och se hans reaktion p\u00e5 dem. Hans id\u00e9 att ta med sig te och honung fr\u00e5n sina andra resor runt om i v\u00e4rlden som vi kunde dela p\u00e5 \u00e4r ett koncept som jag kommer att anv\u00e4nda p\u00e5 mina egna resor. Jag tackar Gambocco f\u00f6r den tid vi tillbringade tillsammans och \u00f6nskar honom lycka till med sina framtida resor och projekt.<\/p><span class='pixelovely_testimonial_attribution'>- Raymond M. Kristansen fr\u00e5n Norge<\/span><\/div><div class='pixelovely_testimonial'><p>N\u00e4r planerar du att \u00e5ka tillbaka till Marocko? Jag vet att jag vill \u00e5ka till Marocko med dig, och jag vet att jag vill \u00e5ka till T\u00fcrkiye med dig, men om du \u00e5ker till Marocko tidigare, l\u00e5t mig veta och jag ska se om jag kan g\u00f6ra den resan. Ser fram emot att prata med dig snart och resa med dig igen. Du \u00e4r den b\u00e4sta resepartner jag n\u00e5gonsin har haft.<\/p><span class='pixelovely_testimonial_attribution'>- Sir John (80 \u00e5r) fr\u00e5n Amerikas f\u00f6renta stater<\/span><\/div><div class='pixelovely_testimonial'><p>Det var ett n\u00f6je f\u00f6r mig att tr\u00e4ffa Gambocco i Saudiarabien. Han \u00e4r en intressant och v\u00e4nlig person med m\u00e5nga historier att ber\u00e4tta. Vi vandrade tillsammans och hade m\u00f6jlighet att diskutera mycket olika \u00e4mnen. Hoppas att vi ses snart h\u00e4r i Saudiarabien, i Danmark eller n\u00e5gon annanstans\ud83d\udc4d.<\/p><span class='pixelovely_testimonial_attribution'>- Daniel fr\u00e5n Spanien<\/span><\/div><div class='pixelovely_testimonial'><p>Gambocco \u00e4r en mycket bra m\u00e4n, jag k\u00e4nner att jag tr\u00e4ffar honom sedan en l\u00e5ng period, jag fr\u00e5gar honom att g\u00e5 tillsammans till festivalen i Douz, han h\u00e5ller med, och vi f\u00e5r en fantastisk tid full av k\u00e4rlek och njut av mina v\u00e4nner i Sahara<br \/>\r\nTack igen, och jag hoppas att se dig, mitt hus \u00e4r \u00f6ppet f\u00f6r dig n\u00e4r som helst min bror<\/p><span class='pixelovely_testimonial_attribution'>- Bilel Turki fr\u00e5n Tunisien<\/span><\/div><div class='pixelovely_testimonial'><p>Vi var v\u00e4rdar f\u00f6r Gambocco f\u00f6r en natt och han var bara den perfekta v\u00e4rden du n\u00e5gonsin kan tr\u00e4ffa<br \/>\r\nHan \u00e4r mycket artig, pratsam och varm person med stort hj\u00e4rta. Vi hade trevligt tillsammans och delade med oss av m\u00e5nga historier och id\u00e9er.<br \/>\r\nTveka inte att anlita Gambocco, han \u00e4r verkligen perfekt!<\/p><span class='pixelovely_testimonial_attribution'>- Nefaa &amp; Abir fr\u00e5n Tunisien<\/span><\/div><div class='pixelovely_testimonial'><p>Jag \u00e4r s\u00e5 lycklig att tr\u00e4ffa n\u00e5gon som Gambocco, han \u00e4r trevlig kille s\u00e5 respektfullt och alla min familj gillar honom s\u00e5 mycket jag hoppas att han har spenderat bra tid h\u00e4r i Tozeur och se sk\u00f6nheten i mitt land. om jag kan s\u00e4ga att han nu en av mina b\u00e4sta v\u00e4n ocks\u00e5 en av min familj<\/p><span class='pixelovely_testimonial_attribution'>- Khaled Hammadi fr\u00e5n Tunisien<\/span><\/div>","protected":false},"excerpt":{"rendered":"<p>&nbsp; The story I am a passionate backpacker who thrives on discovering new people, cultures, and landscapes. The thrill of exploring and gaining new knowledge is what drives me. Since 2007, I have embarked on numerous trips, and my love for travel only intensified when I ventured to Gambia and Morocco, hence my artist name, [&hellip;]<\/p>","protected":false},"author":1,"featured_media":0,"parent":0,"menu_order":0,"comment_status":"closed","ping_status":"closed","template":"","meta":{"footnotes":""},"class_list":["post-122","page","type-page","status-publish","hentry"],"_links":{"self":[{"href":"https:\/\/gambocco.com\/sv\/wp-json\/wp\/v2\/pages\/122","targetHints":{"allow":["GET"]}}],"collection":[{"href":"https:\/\/gambocco.com\/sv\/wp-json\/wp\/v2\/pages"}],"about":[{"href":"https:\/\/gambocco.com\/sv\/wp-json\/wp\/v2\/types\/page"}],"author":[{"embeddable":true,"href":"https:\/\/gambocco.com\/sv\/wp-json\/wp\/v2\/users\/1"}],"replies":[{"embeddable":true,"href":"https:\/\/gambocco.com\/sv\/wp-json\/wp\/v2\/comments?post=122"}],"version-history":[{"count":0,"href":"https:\/\/gambocco.com\/sv\/wp-json\/wp\/v2\/pages\/122\/revisions"}],"wp:attachment":[{"href":"https:\/\/gambocco.com\/sv\/wp-json\/wp\/v2\/media?parent=122"}],"curies":[{"name":"wp","href":"https:\/\/api.w.org\/{rel}","templated":true}]}}