{"id":422,"date":"2023-08-06T00:07:07","date_gmt":"2023-08-05T22:07:07","guid":{"rendered":"https:\/\/gambocco.com\/?page_id=422"},"modified":"2023-08-06T00:20:41","modified_gmt":"2023-08-05T22:20:41","slug":"influencers","status":"publish","type":"page","link":"https:\/\/gambocco.com\/sv\/influencers\/","title":{"rendered":"Influencers: G\u00e5 med oss"},"content":{"rendered":"<h2>G\u00e5 med i v\u00e5rt exklusiva team av influencers och sl\u00e4pp loss kraften i digital konst, NFT och Ordinals!<\/h2>\n<p><strong>Inledning:<\/strong><br \/>\nV\u00e4lkommen till en sp\u00e4nnande m\u00f6jlighet som kombinerar v\u00e4rldarna digital konst, NFT och influencer-marknadsf\u00f6ring! Vi \u00e4r glada att meddela att vi aktivt s\u00f6ker beg\u00e5vade influencers f\u00f6r att samarbeta med oss f\u00f6r att marknadsf\u00f6ra v\u00e5r banbrytande samling av NFT, ordinaler och digital konst. Om du vill vara en del av n\u00e4sta stora trend i konstv\u00e4rlden samtidigt som du tj\u00e4nar otroliga bel\u00f6ningar \u00e4r det h\u00e4r chansen du har v\u00e4ntat p\u00e5!<\/p>\n<p><strong>Varf\u00f6r arbeta med oss:<\/strong><br \/>\nBanbrytande f\u00f6r konstens framtid: Genom att g\u00e5 med i v\u00e5rt team kommer du att ligga i framkant av den digitala konstrevolutionen. NFT:er har revolutionerat s\u00e4ttet som konstn\u00e4rer och samlare interagerar p\u00e5, och vi vill att du hj\u00e4lper oss att forma framtiden!<\/p>\n<p>Unik och f\u00e4ngslande konst: V\u00e5r samling inneh\u00e5ller en rad fascinerande digitala konstverk, vart och ett med sin egen historia och essens. Fr\u00e5n visuellt fantastiska animationer till tankev\u00e4ckande bilder - v\u00e5r konst \u00e4r utformad f\u00f6r att f\u00e4ngsla och engagera publiken p\u00e5 olika plattformar.<\/p>\n<p>Lukrativ intj\u00e4ningspotential: Vi f\u00f6rst\u00e5r v\u00e4rdet av ditt inflytande och den roll du spelar n\u00e4r det g\u00e4ller att forma trender. Som influencer i v\u00e5rt team har du m\u00f6jlighet att tj\u00e4na betydande bel\u00f6ningar genom provisionsbaserade partnerskap, exklusiva samarbeten och bonusincitament.<\/p>\n<p>Samarbetsinriktat partnerskap: Vi tror p\u00e5 att fr\u00e4mja starka relationer med v\u00e5ra influencers. Genom att arbeta tillsammans ger vi dig de verktyg, resurser och det st\u00f6d du beh\u00f6ver f\u00f6r att skapa engagerande inneh\u00e5ll som n\u00e5r ut till din publik och driver f\u00f6rs\u00e4ljning.<\/p>\n<p>Exponering f\u00f6r en blomstrande gemenskap: Att g\u00e5 med i v\u00e5rt team inneb\u00e4r att bli en del av en livlig gemenskap av konstn\u00e4rer, samlare och entusiaster. Du f\u00e5r chansen att n\u00e4tverka med likasinnade, ut\u00f6ka din r\u00e4ckvidd och bygga meningsfulla kontakter inom konst- och NFT-omr\u00e5det.<\/p>\n<p><strong>Hur du kan engagera dig:<\/strong><br \/>\nF\u00f6r att bli en del av v\u00e5rt team av influencers \u00e4r det bara att kontakta oss via e-post: <a href=\"mailto:gam@duck.com\">gam@duck.com<\/a>. Vi kommer g\u00e4rna att diskutera de potentiella samarbetsm\u00f6jligheterna, svara p\u00e5 eventuella fr\u00e5gor och ge dig den information du beh\u00f6ver f\u00f6r att komma ig\u00e5ng.<\/p>\n<p><strong>Slutsats:<\/strong><br \/>\nMissa inte denna extraordin\u00e4ra m\u00f6jlighet att kombinera ditt inflytande med den snabbt v\u00e4xande v\u00e4rlden av NFT, ordinaler och digital konst. F\u00f6lj med oss n\u00e4r vi revolutionerar konstindustrin och formar framtiden f\u00f6r kreativa uttryck. Tillsammans kan vi skapa en of\u00f6rgl\u00f6mlig resa, inspirera otaliga individer och l\u00e4mna ett best\u00e5ende avtryck i konstv\u00e4rlden. Kontakta oss idag och l\u00e5t oss ge oss ut p\u00e5 detta sp\u00e4nnande \u00e4ventyr tillsammans!<\/p>","protected":false},"excerpt":{"rendered":"<p>Join Our Exclusive Team of Influencers and Unleash the Power of Digital Art, NFTs and Ordinals! Introduction: Welcome to an exciting opportunity that combines the worlds of digital art, NFTs, and influencer marketing! We are thrilled to announce that we are actively seeking talented influencers to collaborate with us in promoting our groundbreaking collection of [&hellip;]<\/p>","protected":false},"author":1,"featured_media":0,"parent":0,"menu_order":0,"comment_status":"closed","ping_status":"closed","template":"","meta":{"footnotes":""},"class_list":["post-422","page","type-page","status-publish","hentry"],"_links":{"self":[{"href":"https:\/\/gambocco.com\/sv\/wp-json\/wp\/v2\/pages\/422","targetHints":{"allow":["GET"]}}],"collection":[{"href":"https:\/\/gambocco.com\/sv\/wp-json\/wp\/v2\/pages"}],"about":[{"href":"https:\/\/gambocco.com\/sv\/wp-json\/wp\/v2\/types\/page"}],"author":[{"embeddable":true,"href":"https:\/\/gambocco.com\/sv\/wp-json\/wp\/v2\/users\/1"}],"replies":[{"embeddable":true,"href":"https:\/\/gambocco.com\/sv\/wp-json\/wp\/v2\/comments?post=422"}],"version-history":[{"count":0,"href":"https:\/\/gambocco.com\/sv\/wp-json\/wp\/v2\/pages\/422\/revisions"}],"wp:attachment":[{"href":"https:\/\/gambocco.com\/sv\/wp-json\/wp\/v2\/media?parent=422"}],"curies":[{"name":"wp","href":"https:\/\/api.w.org\/{rel}","templated":true}]}}