{"id":122,"date":"2023-07-13T10:08:24","date_gmt":"2023-07-13T08:08:24","guid":{"rendered":"https:\/\/gambocco.com\/?page_id=122"},"modified":"2023-09-08T09:42:28","modified_gmt":"2023-09-08T07:42:28","slug":"my-story","status":"publish","type":"page","link":"https:\/\/gambocco.com\/tr\/benim-hikayem\/","title":{"rendered":"Benim hikayem"},"content":{"rendered":"<p>&nbsp;<\/p>\n<h2>Hikaye<\/h2>\n<p>Yeni insanlar, k\u00fclt\u00fcrler ve manzaralar ke\u015ffetmeye tutkulu bir s\u0131rt \u00e7antal\u0131 gezginim. Beni harekete ge\u00e7iren \u015fey ke\u015ffetme ve yeni bilgiler edinme heyecan\u0131. 2007'den bu yana \u00e7ok say\u0131da seyahate \u00e7\u0131kt\u0131m ve seyahat a\u015fk\u0131m Gambiya ve Fas'a gitti\u011fimde daha da artt\u0131, dolay\u0131s\u0131yla sanat\u00e7\u0131 ad\u0131m @gambocco.<\/p>\n<p>K\u00fcresel salg\u0131n ba\u015flad\u0131\u011f\u0131nda kendimi hayat\u0131m\u0131 nas\u0131l daha verimli ve etkili hale getirebilece\u011fimi d\u00fc\u015f\u00fcn\u00fcrken buldum. \u0130yili\u011fi ve pozitifli\u011fi herkesle daha geni\u015f \u00f6l\u00e7ekte payla\u015fmak istedi\u011fimi i\u00e7ten i\u00e7e biliyordum. COVID-19'un getirdi\u011fi k\u0131s\u0131tlamalara ra\u011fmen, ba\u015fkalar\u0131yla ba\u011flant\u0131 kurma ve daha sosyal olma arzum devam etti. Bu s\u00fcre zarf\u0131nda blockchain teknolojisine ve bunun NFT'ler (Non-Fungible Tokens) arac\u0131l\u0131\u011f\u0131yla dijital sanatla entegrasyonuna rastlad\u0131m.<\/p>\n<p>An\u0131nda, bunun daha b\u00fcy\u00fck bir \u015feyin par\u00e7as\u0131 olma ve d\u00fcnyan\u0131n evrimine katk\u0131da bulunma f\u0131rsat\u0131m oldu\u011funu fark ettim. Bu yeni teknolojinin g\u00fczelli\u011fi, hem dijital sanat\u00e7\u0131lar\u0131 hem de takip\u00e7ilerini g\u00fc\u00e7lendirme kabiliyetinde yat\u0131yor. Her \u015fey topluma ger\u00e7ekten geri vermekle ilgili.<\/p>\n<p>Blockchain ve NFT'lerin sundu\u011fu olanaklar beni ger\u00e7ekten heyecanland\u0131r\u0131yor. Bir sanat\u00e7\u0131 olarak, bunu yaln\u0131zca ki\u015fisel olarak b\u00fcy\u00fcmenin de\u011fil, ayn\u0131 zamanda izleyicilerime benzersiz ve anlaml\u0131 bir deneyim sunman\u0131n bir yolu olarak g\u00f6r\u00fcyorum. Yaratt\u0131klar\u0131m arac\u0131l\u0131\u011f\u0131yla, birliktelik ve pozitiflik duygusunu te\u015fvik ederek ba\u015fkalar\u0131na ilham vermeyi ve onlar\u0131 canland\u0131rmay\u0131 hedefliyorum.<\/p>\n<p>Blockchain, dijital sanat ve NFT'lerin g\u00fcc\u00fcn\u00fc kucaklarken bu inan\u0131lmaz yolculukta bana kat\u0131l\u0131n. Birlikte, yarat\u0131c\u0131l\u0131k, topluluk ve ger\u00e7ek ba\u011flant\u0131larla dolu daha iyi bir d\u00fcnyaya katk\u0131da bulunal\u0131m. Bu maceran\u0131n bir par\u00e7as\u0131 oldu\u011funuz i\u00e7in te\u015fekk\u00fcr ederim!<\/p>\n<p>&nbsp;<\/p>\n<h2>Hikayemi be\u011fendin mi?<\/h2>\n<div class='pixelovely_testimonial'><p>Gambocco'ya ev sahipli\u011fi yapmak bir zevkti<br \/>\r\nD\u00fcnyan\u0131n t\u00fcm sorunlar\u0131 hakk\u0131nda g\u00fczel bir sohbet ger\u00e7ekle\u015ftirdik ve seyahat etmenin t\u00fcm sorunlar\u0131n\u0131z i\u00e7in en iyi \u00e7\u00f6z\u00fcm oldu\u011fu sonucuna vard\u0131k<br \/>\r\nOnunla tan\u0131\u015ft\u0131\u011f\u0131m i\u00e7in \u00e7ok mutluyum.<\/p><span class='pixelovely_testimonial_attribution'>- Tunus'tan Bilel Chabchoub<\/span><\/div><div class='pixelovely_testimonial'><p>Gambocco'nun harika bir ki\u015fili\u011fi var, \u00e7ok kibar, al\u00e7akg\u00f6n\u00fcll\u00fc ve her zaman g\u00fcl\u00fcms\u00fcyor. Onunla ger\u00e7ekten harika vakit ge\u00e7irdim ve onu Badshahi Camii'ne, b\u00fcy\u00fck \u0130kbal park\u0131na, Allama \u0130kbal'in mezar\u0131na ve \u00fcnl\u00fc yemek caddesine g\u00f6t\u00fcrd\u00fcm. Ayr\u0131ca Bahria kasabas\u0131n\u0131n b\u00fcy\u00fck camisine ve Eyfel kulesine de gittik ve bundan ger\u00e7ekten keyif ald\u0131. Ona gelecek planlar\u0131nda en iyisini diliyorum ve her zaman g\u00fcvende ve sa\u011fl\u0131kl\u0131 kal. Seni d\u00fcnyan\u0131n herhangi bir yerinde tekrar g\u00f6rece\u011fim. Tanr\u0131 seni korusun arkada\u015f\u0131m \u015eerefe \ud83d\ude42<\/p><span class='pixelovely_testimonial_attribution'>- Pakistan'dan Nawiz<\/span><\/div><div class='pixelovely_testimonial'><p>Gambocco, bu uygulamay\u0131 kullanmam\u0131n nedenlerinden biri, onu a\u011f\u0131rlamak i\u00e7in ger\u00e7ekten iyi bir deneyim. <br \/>\r\n<br \/>\r\nBu adam k\u00fclt\u00fcr, bilgi ve fikirlerle dolu... Bir\u00e7ok \u00fclkede ya\u015f\u0131yor, bu y\u00fczden k\u00f6yler ve \u015fehirler hakk\u0131nda bir\u00e7ok yerel hikaye seyahat hackleri ve p\u00fcf noktalar\u0131 anlatabilir... Hikayelerine dayanarak uzun bir yap\u0131lacaklar listesi yapt\u0131m.<br \/>\r\n<br \/>\r\nBunun d\u0131\u015f\u0131nda ger\u00e7ekten arkada\u015f canl\u0131s\u0131, kolay gidiyor, Abu Dabi'de birlikte iftar yapt\u0131k ve reem adas\u0131 \u00e7evresinde bir\u00e7ok tak\u0131ld\u0131k. <br \/>\r\n<br \/>\r\nOnu kesinlikle tekrar a\u011f\u0131rlayaca\u011f\u0131m ve l\u00fctfen bu adamlarla tan\u0131\u015fma - ev sahipli\u011fi yapma \u015fans\u0131n\u0131z varsa l\u00fctfen \u015fans\u0131 ka\u00e7\u0131rmay\u0131n ve bana daha sonra te\u015fekk\u00fcr edeceksiniz.<br \/>\r\n<br \/>\r\nHer zaman ho\u015f geldin karde\u015fim \ud83d\ude4f\ud83c\udffb<\/p><span class='pixelovely_testimonial_attribution'>- BAE'den selam, aslen Cezayirli<\/span><\/div><div class='pixelovely_testimonial'><p>Ger\u00e7ekten onun hakk\u0131nda ne s\u00f6yleyebilirim, iyi kelimeler bile onu tarif edemez, o ger\u00e7ekten iyi, arkada\u015f canl\u0131s\u0131, \u00e7ok basit, iyi arkada\u015flar ar\u0131yor, eviniz bile hem i\u00e7in iyi de\u011filse, sizi bir karde\u015f olarak tan\u0131yacak, en iyi \u015fey o her \u015feyden memnun. umar\u0131m Aswan'\u0131 ba\u015fka bir zaman ziyaret edersiniz Gambocco Her zaman ho\u015f geldiniz, sadece eviniz Karde\u015finiz.<\/p><span class='pixelovely_testimonial_attribution'>- (Yak\u0131nda Dr.) M\u0131s\u0131r'dan Ahmed Amgad<\/span><\/div><div class='pixelovely_testimonial'><p>Gambocco \u00e7ok nazik ve sayg\u0131l\u0131 bir insan, onu \u00e7ok \u00f6zl\u00fcyorum<\/p><span class='pixelovely_testimonial_attribution'>- Pakistan'dan Bay Ustaz Niaz<\/span><\/div><div class='pixelovely_testimonial'><p>Nice Parsons<\/p><span class='pixelovely_testimonial_attribution'>- \u00dcrd\u00fcn'den Assim<\/span><\/div><div class='pixelovely_testimonial'><p>Gambocco, \u00e7ok fazla seyahat deneyimi olan ve tarihi bilgilere sahip ho\u015f, mant\u0131kl\u0131 ve arkada\u015f canl\u0131s\u0131 bir ki\u015fidir. Kald\u0131\u011f\u0131 s\u00fcre boyunca onunla tan\u0131\u015fmak ve tak\u0131lmak harikayd\u0131. Onu a\u011f\u0131rlaman\u0131z\u0131 \u015fiddetle tavsiye ederim.<\/p><span class='pixelovely_testimonial_attribution'>- Hindistan'dan Nitin<\/span><\/div><div class='pixelovely_testimonial'><p>Gambocco \u00e7ok iyi bir adam, onunla uzun bir d\u00f6nemden beri tan\u0131\u015ft\u0131\u011f\u0131m\u0131 hissediyorum, ondan Douz festivaline birlikte gitmesini rica ediyorum, o da kabul ediyor ve Sahra'daki Arkada\u015flar\u0131mla sevgi dolu ve harika bir Zaman ge\u00e7iriyoruz.<br \/>\r\nTekrar te\u015fekk\u00fcr ederim ve g\u00f6r\u00fc\u015fmek dile\u011fiyle, evim her zaman size a\u00e7\u0131kt\u0131r karde\u015fim<\/p><span class='pixelovely_testimonial_attribution'>- Tunus'tan Bilel Turki<\/span><\/div><div class='pixelovely_testimonial'><p>Gambocco'yu bir gece misafir ettik ve kendisi tan\u0131\u015fabilece\u011finiz en m\u00fckemmel ev sahibiydi<br \/>\r\nO \u00e7ok kibar, konu\u015fkan ve b\u00fcy\u00fck kalpli s\u0131cak bir insan. Birlikte g\u00fczel zaman ge\u00e7irdik ve bir\u00e7ok hikaye ve fikir payla\u015ft\u0131k.<br \/>\r\nGambocco'yu a\u011f\u0131rlamaktan \u00e7ekinmeyin, o ger\u00e7ekten m\u00fckemmel!<\/p><span class='pixelovely_testimonial_attribution'>- Tunus'tan Nefaa &amp; Abir<\/span><\/div><div class='pixelovely_testimonial'><p>Gambocco ile Suudi Arabistan'da tan\u0131\u015fmak benim i\u00e7in bir zevkti. Anlatacak pek \u00e7ok hikayesi olan ilgin\u00e7 ve nazik bir insan. Birlikte y\u00fcr\u00fcy\u00fc\u015f yapt\u0131k ve \u00e7ok farkl\u0131 konular\u0131 tart\u0131\u015fma f\u0131rsat\u0131m\u0131z oldu. Yak\u0131nda burada, Suudi Arabistan'da, Danimarka'da veya ba\u015fka bir yerde g\u00f6r\u00fc\u015fmek dile\u011fiyle\ud83d\udc4d<\/p><span class='pixelovely_testimonial_attribution'>- \u0130spanya'dan Daniel<\/span><\/div><div class='pixelovely_testimonial'><p>Her Zaman Ho\u015fgeldin Karde\u015fim <br \/>\r\nBay Gambocco seyahat konusunda \u00e7ok deneyimli ve iyi d\u00fc\u015f\u00fcnen bir insan.<br \/>\r\nOnunla memleketinde vakit ge\u00e7irmeyi umuyorum.<\/p><span class='pixelovely_testimonial_attribution'>- Pakistan'dan Bay Ustaz Niaz<\/span><\/div><div class='pixelovely_testimonial'><p>Gambocco ile Dubai'deki k\u0131sa seyahati s\u0131ras\u0131nda tan\u0131\u015ft\u0131m. Onu a\u011f\u0131rlama \u015fans\u0131m olmad\u0131 ama b\u00f6yle harika bir insanla tak\u0131ld\u0131\u011f\u0131m i\u00e7in asla pi\u015fman de\u011filim. Birlikte biraz zaman ge\u00e7irdik ve Global Village'a gittik. Farkl\u0131 \u00fclkelerdeki \u00f6nceki maceralar\u0131ndan ve daha pek \u00e7ok bilgilendirici sohbetten bahsettik. Gambocco harika bir insan, pozitif hislerle dolu, a\u00e7\u0131k fikirli ve birlikte olmas\u0131 e\u011flenceli. Birlikte harika zaman ge\u00e7irdik ve onun gibi bir arkada\u015f buldu\u011fum i\u00e7in mutluyum. Hayatta her \u015feyin en iyisini dilerim ve hayatta arzulad\u0131\u011f\u0131n\u0131z her \u015feye ula\u015fman\u0131z\u0131 dilerim.<br \/>\r\nYak\u0131nda d\u00fcnyan\u0131n herhangi bir yerinde tekrar g\u00f6r\u00fc\u015fmek dile\u011fiyle!<\/p><span class='pixelovely_testimonial_attribution'>- Filipinler'den Reeno<\/span><\/div><div class='pixelovely_testimonial'><p>Gambocco tan\u0131d\u0131\u011f\u0131m en iyi insanlardan biriydi.<\/p><span class='pixelovely_testimonial_attribution'>- Suudi Arabistan'dan Kareem<\/span><\/div><div class='pixelovely_testimonial'><p>g\u00fczel arkada\u015f<\/p><span class='pixelovely_testimonial_attribution'>- Fas'tan Ahmed<\/span><\/div><div class='pixelovely_testimonial'><p>Hey<br \/>\r\nGer\u00e7ekten ilgin\u00e7 bir insan, te\u015fekk\u00fcrler karde\u015fim, harikas\u0131n<br \/>\r\nEn iyi dileklerimle<\/p><span class='pixelovely_testimonial_attribution'>- Tunus'tan Skander Chebbi<\/span><\/div><div class='pixelovely_testimonial'><p>Fas'a ne zaman d\u00f6nmeyi planl\u0131yorsun? Seninle Fas'a gitmek istedi\u011fimi biliyorum ve seninle T\u00fcrkiye'ye gitmek istedi\u011fimi de biliyorum ama e\u011fer Fas'a daha erken gideceksen, bana haber ver ve o geziye kat\u0131l\u0131p kat\u0131lamayaca\u011f\u0131ma bir bakay\u0131m. Yak\u0131nda seninle konu\u015fmay\u0131 ve seninle tekrar seyahat etmeyi d\u00f6rt g\u00f6zle bekliyorum. Sen \u015fimdiye kadar sahip oldu\u011fum en iyi seyahat orta\u011f\u0131s\u0131n.<\/p><span class='pixelovely_testimonial_attribution'>- Amerika Birle\u015fik Devletleri'nden Sir John (80 ya\u015f\u0131nda)<\/span><\/div><div class='pixelovely_testimonial'><p>gambocco gibi biriyle tan\u0131\u015ft\u0131\u011f\u0131m i\u00e7in \u00e7ok \u015fansl\u0131y\u0131m, o \u00e7ok sayg\u0131l\u0131 iyi bir adam ve t\u00fcm ailem onu \u00e7ok seviyor umar\u0131m burada Tozeur'da harika zaman ge\u00e7irmi\u015ftir ve \u00fclkemin g\u00fczelli\u011fini g\u00f6rm\u00fc\u015ft\u00fcr. \u015fimdi en iyi arkada\u015flar\u0131mdan biri ve ayn\u0131 zamanda ailemden biri oldu\u011funu s\u00f6yleyebilirsem<\/p><span class='pixelovely_testimonial_attribution'>- Tunus'tan Khaled Hammadi<\/span><\/div><div class='pixelovely_testimonial'><p>Gambocco ile Aswan'da tan\u0131\u015ft\u0131m ve birlikte ge\u00e7irdi\u011fimiz zamandan keyif ald\u0131k, o hayatta geni\u015f bir deneyime sahip ak\u0131ll\u0131 ve ho\u015f bir insan ve di\u011fer k\u00fclt\u00fcrleri \u00f6\u011frenmeyi seviyor, birlikte futbol oynamaya gittik, Elephantine Adas\u0131'n\u0131 ve bitkiler adas\u0131n\u0131 ziyaret ettik ve Abu El Hawa Da\u011f\u0131'na t\u0131rmand\u0131k ve g\u00fcn bat\u0131m\u0131n\u0131 izledik, herkese ev sahipli\u011fi yapmas\u0131n\u0131 veya onunla tan\u0131\u015fmas\u0131n\u0131 tavsiye ederim<\/p><span class='pixelovely_testimonial_attribution'>- M\u0131s\u0131r'dan Hussien Dahab<\/span><\/div><div class='pixelovely_testimonial'><p>Gambocco ile Dubai'de tan\u0131\u015ft\u0131m, Harry taraf\u0131ndan a\u011f\u0131rland\u0131k. \u00c7ok k\u0131sa bir g\u00f6r\u00fc\u015fme olsa da, \u00e7ok ho\u015f, arkada\u015f canl\u0131s\u0131 ve e\u011fitimli birine benziyordu. Kendisine gelecek seyahatlerinde ba\u015far\u0131lar diliyorum. <br \/>\r\nBir yerde bulu\u015fmak ve daha fazla zaman ge\u00e7irmek dile\u011fiyle.<\/p><span class='pixelovely_testimonial_attribution'>- Tacikistan'dan Farrukh<\/span><\/div><div class='pixelovely_testimonial'><p>Gambocco ger\u00e7ekten arkada\u015f canl\u0131s\u0131 nazik bir adamd\u0131, onunla yapt\u0131\u011f\u0131 her \u015fey hakk\u0131nda sohbet etmekten ger\u00e7ekten keyif ald\u0131m. Her \u015fey hakk\u0131nda \u00e7ok bilgili.<\/p><span class='pixelovely_testimonial_attribution'>- Suudi Arabistan'dan Mohammed<\/span><\/div><div class='pixelovely_testimonial'><p>Gambocco'yu bir g\u00fcnl\u00fc\u011f\u00fcne a\u011f\u0131rlad\u0131m o \u00e7ok harika bir insan g\u00fczel ve yard\u0131msever bana bir\u00e7ok ipucu ve bilgi verdi ve \u015fehri ke\u015ffetmeye gittik ve birlikte yerel yemekler yedik ve yeni insanlarla tan\u0131\u015ft\u0131k sanki iki harika g\u00fcn ge\u00e7irdik o benim arkada\u015f\u0131m Karde\u015fim gibi, onu sevdi ve onunla vakit ge\u00e7irmeyi \u00e7ok sevdi. Seni yine evinde bekliyorum karde\u015fim. Umar\u0131m iyisindir. Her zaman iyi e\u011flenceler. \ud83d\ude0d\ud83d\ude0dHerkese tavsiye ederim<\/p><span class='pixelovely_testimonial_attribution'>- M\u0131s\u0131r'dan Abdul Rahman Saeed<\/span><\/div><div class='pixelovely_testimonial'><p>Gambocco ile daha \u00f6nce tan\u0131\u015fmam\u0131\u015ft\u0131m ama onunla tan\u0131\u015ft\u0131\u011f\u0131mda sanki onu y\u0131llar \u00f6ncesinden tan\u0131yormu\u015fum gibi hissettim.<br \/>\r\nGambocco'nun \u00f6zel bir ruhani deneyimi var ve bence pek \u00e7ok konuda yak\u0131n g\u00f6r\u00fc\u015flere sahibiz<br \/>\r\nArkada\u015f canl\u0131s\u0131, nazik ve \u00e7ok kibar, onunla tekrar tan\u0131\u015fmay\u0131 diliyorum<\/p><span class='pixelovely_testimonial_attribution'>- \u00dcrd\u00fcn'den Almeqdad<\/span><\/div><div class='pixelovely_testimonial'><p>Gambocco hafta sonu boyunca m\u00fckemmel bir tart\u0131\u015fma orta\u011f\u0131 oldu ve Oslo'daki favori yerlerimi ona g\u00f6stermek ve tepkisini g\u00f6rmek e\u011flenceliydi. D\u00fcnyan\u0131n d\u00f6rt bir yan\u0131ndaki di\u011fer seyahatlerinden payla\u015fmam\u0131z i\u00e7in \u00e7ay ve bal getirme fikri, kendi seyahatlerim i\u00e7in benimseyece\u011fim bir konsept. Gambocco'ya birlikte ge\u00e7irdi\u011fimiz zaman i\u00e7in te\u015fekk\u00fcr ediyor ve gelecekteki seyahatlerinde ve projelerinde kendisine ba\u015far\u0131lar diliyorum.<\/p><span class='pixelovely_testimonial_attribution'>- Norve\u00e7'ten Raymond M. Kristansen<\/span><\/div><div class='pixelovely_testimonial'><p>Gambocco ile konu\u015furken iyi vakit ge\u00e7irdim ve seyahat deneyimleri hakk\u0131nda b\u00fcy\u00fcleyici bir sohbet ger\u00e7ekle\u015ftirdik. Arkada\u015f canl\u0131s\u0131, nazik ve zeki bir insan ve arkada\u015fl\u0131\u011f\u0131 her zaman de\u011ferli<\/p><span class='pixelovely_testimonial_attribution'>- \u0130zlandal\u0131 Ahmed, aslen M\u0131s\u0131rl\u0131<\/span><\/div>","protected":false},"excerpt":{"rendered":"<p>&nbsp; The story I am a passionate backpacker who thrives on discovering new people, cultures, and landscapes. The thrill of exploring and gaining new knowledge is what drives me. Since 2007, I have embarked on numerous trips, and my love for travel only intensified when I ventured to Gambia and Morocco, hence my artist name, [&hellip;]<\/p>","protected":false},"author":1,"featured_media":0,"parent":0,"menu_order":0,"comment_status":"closed","ping_status":"closed","template":"","meta":{"footnotes":""},"class_list":["post-122","page","type-page","status-publish","hentry"],"_links":{"self":[{"href":"https:\/\/gambocco.com\/tr\/wp-json\/wp\/v2\/pages\/122","targetHints":{"allow":["GET"]}}],"collection":[{"href":"https:\/\/gambocco.com\/tr\/wp-json\/wp\/v2\/pages"}],"about":[{"href":"https:\/\/gambocco.com\/tr\/wp-json\/wp\/v2\/types\/page"}],"author":[{"embeddable":true,"href":"https:\/\/gambocco.com\/tr\/wp-json\/wp\/v2\/users\/1"}],"replies":[{"embeddable":true,"href":"https:\/\/gambocco.com\/tr\/wp-json\/wp\/v2\/comments?post=122"}],"version-history":[{"count":0,"href":"https:\/\/gambocco.com\/tr\/wp-json\/wp\/v2\/pages\/122\/revisions"}],"wp:attachment":[{"href":"https:\/\/gambocco.com\/tr\/wp-json\/wp\/v2\/media?parent=122"}],"curies":[{"name":"wp","href":"https:\/\/api.w.org\/{rel}","templated":true}]}}