{"id":384,"date":"2023-07-29T12:55:58","date_gmt":"2023-07-29T10:55:58","guid":{"rendered":"https:\/\/gambocco.com\/?page_id=384"},"modified":"2023-09-13T08:41:54","modified_gmt":"2023-09-13T06:41:54","slug":"roadmap","status":"publish","type":"page","link":"https:\/\/gambocco.com\/tr\/yol-haritasi\/","title":{"rendered":"Yol Haritas\u0131"},"content":{"rendered":"<p>&nbsp;<\/p>\n<h2 style=\"text-align: center;\">ROADMAP 1.0 NFT&#039;leri ve S\u0131ral\u0131lar\u0131 Tan\u0131t\u0131yoruz: S\u00fcrd\u00fcr\u00fclebilir Zenginli\u011fe ve Ba\u011f\u0131ms\u0131zl\u0131\u011fa Giden Yolunuz. Topluluk odakl\u0131 giri\u015fimimize kat\u0131l\u0131n ve finansal \u00f6zg\u00fcrl\u00fc\u011f\u00fcn g\u00fcc\u00fcn\u00fc a\u00e7\u0131\u011fa \u00e7\u0131kar\u0131n.<\/h2>\n<p>&nbsp;<\/p>\n<p>NFT sahiplerini \u00f6d\u00fcllendirme ve kendi kendine yeterlili\u011fe ula\u015fman\u0131z\u0131 sa\u011flama misyonumuza kat\u0131l\u0131n.<\/p>\n<p>Sadece zenginlik yaratmakla kalmay\u0131p ayn\u0131 zamanda size zaman ve \u00f6zg\u00fcrl\u00fck gibi de\u011ferli arma\u011fanlar da veren nihai yol haritas\u0131n\u0131 ke\u015ffedin.<\/p>\n<p>Topluluk temelli platformumuza yat\u0131r\u0131m yap\u0131n ve kolektif refah\u0131n d\u00f6n\u00fc\u015ft\u00fcr\u00fcc\u00fc g\u00fcc\u00fcne tan\u0131k olun.<\/p>\n<p><em>*L\u00fctfen yol haritalar\u0131m\u0131z\u0131n, \u00f6zverili toplulu\u011fumuz i\u00e7in en \u00fcst d\u00fczeyde de\u011feri garanti alt\u0131na alacak \u015fekilde uyarlan\u0131p geli\u015fecek \u015fekilde tasarland\u0131\u011f\u0131n\u0131 unutmay\u0131n.<\/em><\/p>","protected":false},"excerpt":{"rendered":"<p>&nbsp; Introducing ROADMAP 1.0 NFTs &amp; Ordinals: Your Pathway to Sustainable Wealth and Independence. Join our community-driven initiative and unlock the power of financial freedom. &nbsp; Become a part of our mission to reward NFT holders and empower you to achieve self-sufficiency. Discover the ultimate roadmap that not only generates wealth but also grants you [&hellip;]<\/p>","protected":false},"author":1,"featured_media":0,"parent":0,"menu_order":0,"comment_status":"closed","ping_status":"closed","template":"","meta":{"footnotes":""},"class_list":["post-384","page","type-page","status-publish","hentry"],"_links":{"self":[{"href":"https:\/\/gambocco.com\/tr\/wp-json\/wp\/v2\/pages\/384","targetHints":{"allow":["GET"]}}],"collection":[{"href":"https:\/\/gambocco.com\/tr\/wp-json\/wp\/v2\/pages"}],"about":[{"href":"https:\/\/gambocco.com\/tr\/wp-json\/wp\/v2\/types\/page"}],"author":[{"embeddable":true,"href":"https:\/\/gambocco.com\/tr\/wp-json\/wp\/v2\/users\/1"}],"replies":[{"embeddable":true,"href":"https:\/\/gambocco.com\/tr\/wp-json\/wp\/v2\/comments?post=384"}],"version-history":[{"count":0,"href":"https:\/\/gambocco.com\/tr\/wp-json\/wp\/v2\/pages\/384\/revisions"}],"wp:attachment":[{"href":"https:\/\/gambocco.com\/tr\/wp-json\/wp\/v2\/media?parent=384"}],"curies":[{"name":"wp","href":"https:\/\/api.w.org\/{rel}","templated":true}]}}