{"id":422,"date":"2023-08-06T00:07:07","date_gmt":"2023-08-05T22:07:07","guid":{"rendered":"https:\/\/gambocco.com\/?page_id=422"},"modified":"2023-08-06T00:20:41","modified_gmt":"2023-08-05T22:20:41","slug":"influencers","status":"publish","type":"page","link":"https:\/\/gambocco.com\/tr\/influencerlar\/","title":{"rendered":"Etkileyenler: Bize Kat\u0131l\u0131n"},"content":{"rendered":"<h2>Se\u00e7kin Influencer Ekibimize Kat\u0131l\u0131n ve Dijital Sanat\u0131n, NFT'lerin ve Ordinallerin G\u00fcc\u00fcn\u00fc Ortaya \u00c7\u0131kar\u0131n!<\/h2>\n<p><strong>Giri\u015f:<\/strong><br \/>\nDijital sanat, NFT'ler ve influencer pazarlama d\u00fcnyalar\u0131n\u0131 birle\u015ftiren heyecan verici bir f\u0131rsata ho\u015f geldiniz! \u00c7\u0131\u011f\u0131r a\u00e7an NFT, ordinals ve dijital sanat koleksiyonumuzun tan\u0131t\u0131m\u0131nda bizimle i\u015fbirli\u011fi yapacak yetenekli influencer'lar arad\u0131\u011f\u0131m\u0131z\u0131 duyurmaktan heyecan duyuyoruz. \u0130nan\u0131lmaz \u00f6d\u00fcller kazan\u0131rken sanat d\u00fcnyas\u0131ndaki bir sonraki b\u00fcy\u00fck trendin bir par\u00e7as\u0131 olmak istiyorsan\u0131z, bu bekledi\u011finiz f\u0131rsat!<\/p>\n<p><strong>Neden Bizimle \u00c7al\u0131\u015fmal\u0131s\u0131n\u0131z:<\/strong><br \/>\nSanat\u0131n Gelece\u011fine \u00d6nc\u00fcl\u00fck Ediyoruz: Ekibimize kat\u0131larak dijital sanat devriminin \u00f6n saflar\u0131nda yer alacaks\u0131n\u0131z. NFT'ler sanat\u00e7\u0131lar\u0131n ve koleksiyonerlerin etkile\u015fim bi\u00e7iminde devrim yaratt\u0131 ve gelece\u011fi \u015fekillendirmemize yard\u0131mc\u0131 olman\u0131z\u0131 istiyoruz!<\/p>\n<p>E\u015fsiz ve B\u00fcy\u00fcleyici Sanat: Koleksiyonumuzda, her biri kendi hikayesine ve \u00f6z\u00fcne sahip bir dizi b\u00fcy\u00fcleyici dijital sanat eseri bulunmaktad\u0131r. G\u00f6rsel olarak \u00e7arp\u0131c\u0131 animasyonlardan d\u00fc\u015f\u00fcnd\u00fcr\u00fcc\u00fc g\u00f6rsellere kadar, sanat\u0131m\u0131z \u00e7e\u015fitli platformlarda izleyicileri b\u00fcy\u00fclemek ve ilgilerini \u00e7ekmek i\u00e7in tasarlanm\u0131\u015ft\u0131r.<\/p>\n<p>Kazan\u00e7l\u0131 Kazan\u00e7 Potansiyeli: Etkinizin de\u011ferini ve trendleri \u015fekillendirmede oynad\u0131\u011f\u0131n\u0131z rol\u00fc anl\u0131yoruz. Ekibimizde bir influencer olarak, komisyon bazl\u0131 ortakl\u0131klar, \u00f6zel i\u015fbirlikleri ve bonus te\u015fvikler arac\u0131l\u0131\u011f\u0131yla \u00f6nemli \u00f6d\u00fcller kazanma f\u0131rsat\u0131na sahip olacaks\u0131n\u0131z.<\/p>\n<p>\u0130\u015fbirli\u011fine Dayal\u0131 Ortakl\u0131k: Influencer'lar\u0131m\u0131zla g\u00fc\u00e7l\u00fc ili\u015fkiler geli\u015ftirmeye inan\u0131yoruz. Birlikte \u00e7al\u0131\u015farak, kitlenizde yank\u0131 uyand\u0131ran ve sat\u0131\u015flar\u0131 art\u0131ran ilgi \u00e7ekici i\u00e7erikler olu\u015fturman\u0131z i\u00e7in size gerekli ara\u00e7lar\u0131, kaynaklar\u0131 ve deste\u011fi sa\u011flayaca\u011f\u0131z.<\/p>\n<p>Geli\u015fen Bir Toplulu\u011fa Maruz Kalma: Ekibimize kat\u0131lmak, sanat\u00e7\u0131lar, koleksiyonerler ve merakl\u0131lardan olu\u015fan canl\u0131 bir toplulu\u011fun par\u00e7as\u0131 olmak anlam\u0131na gelir. Benzer d\u00fc\u015f\u00fcnen bireylerle a\u011f kurma, eri\u015fiminizi geni\u015fletme ve sanat ve NFT alan\u0131nda anlaml\u0131 ba\u011flant\u0131lar kurma \u015fans\u0131na sahip olacaks\u0131n\u0131z.<\/p>\n<p><strong>Nas\u0131l Kat\u0131labilirsiniz?<\/strong><br \/>\nInfluencer ekibimize kat\u0131lmak i\u00e7in bize e-posta yoluyla ula\u015fman\u0131z yeterlidir: <a href=\"mailto:gam@duck.com\">gam@duck.com<\/a>. Potansiyel i\u015fbirli\u011fi f\u0131rsatlar\u0131n\u0131 tart\u0131\u015fmaktan, sorular\u0131n\u0131z\u0131 yan\u0131tlamaktan ve ba\u015flamak i\u00e7in gerekli bilgileri sa\u011flamaktan heyecan duyaca\u011f\u0131z.<\/p>\n<p><strong>Sonu\u00e7:<\/strong><br \/>\nEtkinizi h\u0131zla b\u00fcy\u00fcyen NFT'ler, ordinaller ve dijital sanat d\u00fcnyas\u0131yla birle\u015ftirmek i\u00e7in bu ola\u011fan\u00fcst\u00fc f\u0131rsat\u0131 ka\u00e7\u0131rmay\u0131n. Sanat end\u00fcstrisinde devrim yarat\u0131rken ve yarat\u0131c\u0131 ifadenin gelece\u011fini \u015fekillendirirken bize kat\u0131l\u0131n. Birlikte unutulmaz bir yolculuk yaratabilir, say\u0131s\u0131z ki\u015fiye ilham verebilir ve sanat d\u00fcnyas\u0131nda kal\u0131c\u0131 bir etki b\u0131rakabiliriz. Bize bug\u00fcn ula\u015f\u0131n ve bu heyecan verici maceraya birlikte at\u0131lal\u0131m!<\/p>","protected":false},"excerpt":{"rendered":"<p>Join Our Exclusive Team of Influencers and Unleash the Power of Digital Art, NFTs and Ordinals! Introduction: Welcome to an exciting opportunity that combines the worlds of digital art, NFTs, and influencer marketing! We are thrilled to announce that we are actively seeking talented influencers to collaborate with us in promoting our groundbreaking collection of [&hellip;]<\/p>","protected":false},"author":1,"featured_media":0,"parent":0,"menu_order":0,"comment_status":"closed","ping_status":"closed","template":"","meta":{"footnotes":""},"class_list":["post-422","page","type-page","status-publish","hentry"],"_links":{"self":[{"href":"https:\/\/gambocco.com\/tr\/wp-json\/wp\/v2\/pages\/422","targetHints":{"allow":["GET"]}}],"collection":[{"href":"https:\/\/gambocco.com\/tr\/wp-json\/wp\/v2\/pages"}],"about":[{"href":"https:\/\/gambocco.com\/tr\/wp-json\/wp\/v2\/types\/page"}],"author":[{"embeddable":true,"href":"https:\/\/gambocco.com\/tr\/wp-json\/wp\/v2\/users\/1"}],"replies":[{"embeddable":true,"href":"https:\/\/gambocco.com\/tr\/wp-json\/wp\/v2\/comments?post=422"}],"version-history":[{"count":0,"href":"https:\/\/gambocco.com\/tr\/wp-json\/wp\/v2\/pages\/422\/revisions"}],"wp:attachment":[{"href":"https:\/\/gambocco.com\/tr\/wp-json\/wp\/v2\/media?parent=422"}],"curies":[{"name":"wp","href":"https:\/\/api.w.org\/{rel}","templated":true}]}}